{"id":30235,"date":"2023-12-19T20:24:41","date_gmt":"2023-12-19T20:24:41","guid":{"rendered":"https:\/\/e.kosmolat.eu\/product\/dr-house-lidz-trauku-mazg-masinas-tirisanai-250-ml\/"},"modified":"2026-05-07T19:51:54","modified_gmt":"2026-05-07T19:51:54","slug":"dr-house-lidz-trauku-mazg-masinas-tirisanai-250-ml","status":"publish","type":"product","link":"https:\/\/e.kosmolat.eu\/lt\/produktas\/dr-house-lidz-trauku-mazg-masinas-tirisanai-250-ml\/","title":{"rendered":"DR.HOUSE Indaplovi\u0173 valiklis, 250 ml"},"content":{"rendered":"<p>Veiksmingai valo riebalus, kalki\u0173 nuos\u0117das ir mineral\u0173 nuos\u0117das, kurios nus\u0117da indaplov\u0117je, ant skalbimo ma&scaron;in\u0173, filtr\u0173, taip pat ir sunkiai pasiekiamose vietose. Naudokite bent kart\u0105 per m\u0117nes\u012f. Tinka vis\u0173 tip\u0173 indaplov\u0117ms.<\/p>\n<p><strong>Naudojimas: <\/strong>Nuimkite lipduk\u0105 nuo buteliuko dangtelio ir \u012fd\u0117kite buteliuk\u0105 auk&scaron;tyn kojomis \u012f apatin\u012f tu&scaron;\u010dios indaplov\u0117s krep&scaron;\u012f. Tada u\u017edarykite indaplov\u0119 ir paleiskite plovimo program\u0105 auk&scaron;\u010diausia temperat\u016bra.<\/p>\n<p><strong>Sud\u0117tis: <\/strong>15 % arba daugiau, bet ma\u017eiau kaip 30 % citrinos r\u016bg&scaron;tis, 5 % arba daugiau, bet ma\u017eiau kaip 15 % nejonini\u0173 &nbsp;aktyvi\u0173j\u0173 pavir&scaron;inio med\u017eiagos. Konservantas: Methylchloroisothiazolinone\/ Methylisothiazolinone.<\/p>\n<p>&nbsp;<\/p>\n<p><strong><img decoding=\"async\" alt=\"\" src=\"https:\/\/www.reach-compliance.ch\/images\/acid1cols3.jpg\" style=\"height:40px; width:40px\" \/>GHS05 Pavojinga<\/strong><br \/>\nH315 Dirgina od\u0105 &nbsp; <strong>&nbsp; &nbsp;<\/strong><br \/>\nH318 Smarkiai pa\u017eeid\u017eia akis<br \/>\nEUH208 Sud\u0117tyje yra Metilchlorizotiazolinonas ir metilizotiazolinonas. Gali sukelti alergin\u0119 reakcij\u0105.<br \/>\nP101 Jei reikalinga gydytojo konsultacija, su savimi tur\u0117kite produkto talpykl\u0105 ar jo etiket\u0119.<br \/>\nP102 Laikyti vaikams neprieinamoje vietoje<br \/>\nP264 Po naudojimo kruop&scaron;\u010diai nuplaukite rankas<br \/>\nP280 M\u016bv\u0117ti apsaugines naudoti aki\u0173 apsaugos priemones.<br \/>\nP302+P352 Patekus ant odos: plauti dideliu vandens kiekiu&nbsp;<br \/>\nP332+P313 Jeigu sudirginama oda: kreiptis \u012f gydytoj\u0105.<br \/>\nP305+P351+P338 Patekus \u012f akis: Kelias minutes atsargiai plauti vandeniu. I&scaron;imti kontaktinius l\u0119&scaron;ius, jeigu jie yra ir jeigu lengvai galima tai padaryti. Toliau plauti akis.<br \/>\nP310 Nedelsiant skambinti \u012f apsinuodijim\u0173 kontrol\u0117s ir informacijos biur\u0105 arba kreiptis \u012f gydytoj\u0105.<br \/>\n&nbsp;<\/p>\n","protected":false},"excerpt":{"rendered":"<p>Veiksmingai valo riebalus, kalki\u0173 nuos\u0117das ir mineral\u0173 nuos\u0117das, kurios nus\u0117da indaplov\u0117je, ant skalbimo ma&scaron;in\u0173, filtr\u0173, taip pat ir sunkiai pasiekiamose vietose. Naudokite bent kart\u0105 per m\u0117nes\u012f. Tinka vis\u0173 tip\u0173 indaplov\u0117ms. Naudojimas: Nuimkite lipduk\u0105 nuo buteliuko dangtelio ir \u012fd\u0117kite buteliuk\u0105 auk&scaron;tyn kojomis \u012f apatin\u012f tu&scaron;\u010dios indaplov\u0117s krep&scaron;\u012f. Tada u\u017edarykite indaplov\u0119 ir paleiskite plovimo program\u0105 auk&scaron;\u010diausia temperat\u016bra. [&#8230;]\n","protected":false},"featured_media":97920,"template":"","meta":[],"product_cat":[1260],"product_tag":[],"class_list":{"0":"post-30235","1":"product","2":"type-product","3":"status-publish","4":"has-post-thumbnail","6":"product_brand-vento_cz-lt","7":"product_cat-indaploviu-prieziuros-priemones","9":"first","10":"instock","11":"taxable","12":"shipping-taxable","13":"product-type-simple"},"_links":{"self":[{"href":"https:\/\/e.kosmolat.eu\/lt\/wp-json\/wp\/v2\/product\/30235","targetHints":{"allow":["GET"]}}],"collection":[{"href":"https:\/\/e.kosmolat.eu\/lt\/wp-json\/wp\/v2\/product"}],"about":[{"href":"https:\/\/e.kosmolat.eu\/lt\/wp-json\/wp\/v2\/types\/product"}],"wp:featuredmedia":[{"embeddable":true,"href":"https:\/\/e.kosmolat.eu\/lt\/wp-json\/wp\/v2\/media\/97920"}],"wp:attachment":[{"href":"https:\/\/e.kosmolat.eu\/lt\/wp-json\/wp\/v2\/media?parent=30235"}],"wp:term":[{"taxonomy":"product_cat","embeddable":true,"href":"https:\/\/e.kosmolat.eu\/lt\/wp-json\/wp\/v2\/product_cat?post=30235"},{"taxonomy":"product_tag","embeddable":true,"href":"https:\/\/e.kosmolat.eu\/lt\/wp-json\/wp\/v2\/product_tag?post=30235"}],"curies":[{"name":"wp","href":"https:\/\/api.w.org\/{rel}","templated":true}]}}