{"id":30227,"date":"2023-12-19T20:24:09","date_gmt":"2023-12-19T20:24:09","guid":{"rendered":"https:\/\/e.kosmolat.eu\/product\/dr-house-aizkaru-mazgasanas-lidzeklis-100-g\/"},"modified":"2026-04-17T12:44:41","modified_gmt":"2026-04-17T12:44:41","slug":"dr-house-aizkaru-mazgasanas-lidzeklis-100-g","status":"publish","type":"product","link":"https:\/\/e.kosmolat.eu\/lt\/produktas\/dr-house-aizkaru-mazgasanas-lidzeklis-100-g\/","title":{"rendered":"DR.HOUSE U\u017euolaid\u0173 skalbimo priemon\u0117, 100 g"},"content":{"rendered":"<p>Tinka skalbimui, balinimui ir d\u0117mi\u0173 &scaron;alinimui i&scaron; balt\u0173 audini\u0173. Didelis plovimo ir balinimo efektyvumas. Pa&scaron;alina pilkas ir geltonas d\u0117mes. Veiksmingas esant \u017eemai temperat\u016brai.<\/p>\n<p>Veikliosios med\u017eiagos: oksidacinis baliklis &ndash; pa&scaron;alina pilkum\u0105 ir geltonum\u0105.<br \/>\nPavir&scaron;inio aktyvumo med\u017eiagos &ndash; tirpina riebal\u0173 r\u016bg&scaron;tis.<br \/>\nFermentai &ndash; padidina plovimo efektyvum\u0105.<br \/>\nSoda &ndash; pagerina valom\u0105j\u012f ir riebalus &scaron;alinant\u012f poveik\u012f.<br \/>\nSilikatai &ndash; apsaugo nuo skalbimo ma&scaron;inos korozijos, padidina plovimo ir riebal\u0173 &scaron;alinimo efektyvum\u0105.<\/p>\n<p><strong>Naudojimas: <\/strong>naudokite pakuot\u0117s turin\u012f vienam skalbimo ciklui, vadovaudamiesi u\u017euolaid\u0173 gamintojo nurodymais.<\/p>\n<p><strong>Sud\u0117tis: <\/strong>15 % arba daugiau, bet ma\u017eiau kaip 30 % deguonies pagrindo balinimo priemoni\u0173, ma\u017eiau kaip 5 % anijonini\u0173 &nbsp;aktyvi\u0173j\u0173 pavir&scaron;iaus med\u017eiagos, ma\u017eiau kaip 5 % &nbsp;nejonini\u0173 &nbsp;aktyvi\u0173j\u0173 pavir&scaron;iaus med\u017eiag\u0173, ma\u017eiau kaip, 5 % &nbsp;muilas, ma\u017eiau kaip 5 % &nbsp;polikarboksilat\u0173, ma\u017eiau kaip 5 % &nbsp;fosfonat\u0173. Optiniai balikliai. Fermentai. Kvapai.<\/p>\n<p>&nbsp;<\/p>\n<p><strong><img decoding=\"async\" alt=\"\" src=\"https:\/\/www.reach-compliance.ch\/images\/exclam1cols3.jpg\" style=\"height:40px; width:40px\" \/>GHS07 Atsargiai<\/strong><br \/>\nH319 Sukelia smark\u0173 aki\u0173 dirginim\u0105.<br \/>\nP102 Laikyti vaikams neprieinamoje vietoje<br \/>\nP264 Po naudojimo kruop&scaron;\u010diai nuplaukite rankas<br \/>\nP280 M\u016bv\u0117ti apsaugines pir&scaron;tines.<br \/>\nP305+P351+P338 Patekus \u012f akis: Kelias minutes atsargiai plauti vandeniu. I&scaron;imti kontaktinius l\u0119&scaron;ius, jeigu jie yra ir jeigu lengvai galima tai padaryti. Toliau plauti akis.<br \/>\nP337+P313 Jei aki\u0173 dirginimas nepraeina: kreiptis \u012f gydytoj\u0105<br \/>\n&nbsp;<\/p>\n","protected":false},"excerpt":{"rendered":"<p>Tinka skalbimui, balinimui ir d\u0117mi\u0173 &scaron;alinimui i&scaron; balt\u0173 audini\u0173. Didelis plovimo ir balinimo efektyvumas. Pa&scaron;alina pilkas ir geltonas d\u0117mes. Veiksmingas esant \u017eemai temperat\u016brai. Veikliosios med\u017eiagos: oksidacinis baliklis &ndash; pa&scaron;alina pilkum\u0105 ir geltonum\u0105. Pavir&scaron;inio aktyvumo med\u017eiagos &ndash; tirpina riebal\u0173 r\u016bg&scaron;tis. Fermentai &ndash; padidina plovimo efektyvum\u0105. Soda &ndash; pagerina valom\u0105j\u012f ir riebalus &scaron;alinant\u012f poveik\u012f. Silikatai &ndash; apsaugo [&#8230;]\n","protected":false},"featured_media":97916,"template":"","meta":[],"product_cat":[1483],"product_tag":[],"class_list":{"0":"post-30227","1":"product","2":"type-product","3":"status-publish","4":"has-post-thumbnail","6":"product_brand-vento_cz-lt","7":"product_cat-plovikliai","9":"first","10":"outofstock","11":"taxable","12":"shipping-taxable","13":"product-type-simple"},"_links":{"self":[{"href":"https:\/\/e.kosmolat.eu\/lt\/wp-json\/wp\/v2\/product\/30227","targetHints":{"allow":["GET"]}}],"collection":[{"href":"https:\/\/e.kosmolat.eu\/lt\/wp-json\/wp\/v2\/product"}],"about":[{"href":"https:\/\/e.kosmolat.eu\/lt\/wp-json\/wp\/v2\/types\/product"}],"wp:featuredmedia":[{"embeddable":true,"href":"https:\/\/e.kosmolat.eu\/lt\/wp-json\/wp\/v2\/media\/97916"}],"wp:attachment":[{"href":"https:\/\/e.kosmolat.eu\/lt\/wp-json\/wp\/v2\/media?parent=30227"}],"wp:term":[{"taxonomy":"product_cat","embeddable":true,"href":"https:\/\/e.kosmolat.eu\/lt\/wp-json\/wp\/v2\/product_cat?post=30227"},{"taxonomy":"product_tag","embeddable":true,"href":"https:\/\/e.kosmolat.eu\/lt\/wp-json\/wp\/v2\/product_tag?post=30227"}],"curies":[{"name":"wp","href":"https:\/\/api.w.org\/{rel}","templated":true}]}}