{"id":30219,"date":"2023-12-19T20:23:24","date_gmt":"2023-12-19T20:23:24","guid":{"rendered":"https:\/\/e.kosmolat.eu\/product\/dr-house-lemon-tirisanas-pulveris-500-g\/"},"modified":"2026-04-24T07:30:24","modified_gmt":"2026-04-24T07:30:24","slug":"dr-house-lemon-tirisanas-pulveris-500-g","status":"publish","type":"product","link":"https:\/\/e.kosmolat.eu\/lt\/produktas\/dr-house-lemon-tirisanas-pulveris-500-g\/","title":{"rendered":"DR.HOUSE Lemon Valymo milteliai, 500 g"},"content":{"rendered":"<p>&Scaron;velniai valo pavir&scaron;ius.<\/p>\n<p><strong>Naudojimas: <\/strong>u\u017etepkite nedidel\u012f kiek\u012f priemon\u0117s ant valomo pavir&scaron;iaus arba ant kempin\u0117s, patrinkite ir nuplaukite vandeniu.<\/p>\n<p><strong>Sud\u0117tis: <\/strong>30 % ir daugiau karbonat\u0173, ma\u017eiau kaip 5 % anijonini\u0173 &nbsp;aktyvi\u0173j\u0173 pavir&scaron;iaus med\u017eiagos. Kvapai\/ Citral.<\/p>\n<p>&nbsp;<\/p>\n<p><strong><img decoding=\"async\" alt=\"\" src=\"https:\/\/www.reach-compliance.ch\/images\/exclam1cols3.jpg\" style=\"height:40px; width:40px\" \/>GHS07 Atsargiai<\/strong><br \/>\nH319 Sukelia smark\u0173 aki\u0173 dirginim\u0105.<br \/>\nP101 Jei reikalinga gydytojo konsultacija, su savimi tur\u0117kite produkto talpykl\u0105 ar jo etiket\u0119.<br \/>\nP102 Laikyti vaikams neprieinamoje vietoje<br \/>\nP264 Po naudojimo kruop&scaron;\u010diai nuplaukite rankas<br \/>\nP280 M\u016bv\u0117ti apsaugines naudoti aki\u0173 apsaugos priemones.<br \/>\nP305+P351+P338 Patekus \u012f akis: Kelias minutes atsargiai plauti vandeniu. I&scaron;imti kontaktinius l\u0119&scaron;ius, jeigu jie yra ir jeigu lengvai galima tai padaryti. Toliau plauti akis.<br \/>\nP337+P313 Jei aki\u0173 dirginimas nepraeina: kreiptis \u012f gydytoj\u0105&nbsp;<br \/>\n&nbsp;<\/p>\n","protected":false},"excerpt":{"rendered":"<p>&Scaron;velniai valo pavir&scaron;ius. Naudojimas: u\u017etepkite nedidel\u012f kiek\u012f priemon\u0117s ant valomo pavir&scaron;iaus arba ant kempin\u0117s, patrinkite ir nuplaukite vandeniu. Sud\u0117tis: 30 % ir daugiau karbonat\u0173, ma\u017eiau kaip 5 % anijonini\u0173 &nbsp;aktyvi\u0173j\u0173 pavir&scaron;iaus med\u017eiagos. Kvapai\/ Citral. &nbsp; GHS07 Atsargiai H319 Sukelia smark\u0173 aki\u0173 dirginim\u0105. P101 Jei reikalinga gydytojo konsultacija, su savimi tur\u0117kite produkto talpykl\u0105 ar jo etiket\u0119. [&#8230;]\n","protected":false},"featured_media":97908,"template":"","meta":[],"product_cat":[1468],"product_tag":[],"class_list":{"0":"post-30219","1":"product","2":"type-product","3":"status-publish","4":"has-post-thumbnail","6":"product_brand-vento_cz-lt","7":"product_cat-virtuvei-namu-priezurai-namu-priezurai","9":"first","10":"instock","11":"taxable","12":"shipping-taxable","13":"product-type-simple"},"_links":{"self":[{"href":"https:\/\/e.kosmolat.eu\/lt\/wp-json\/wp\/v2\/product\/30219","targetHints":{"allow":["GET"]}}],"collection":[{"href":"https:\/\/e.kosmolat.eu\/lt\/wp-json\/wp\/v2\/product"}],"about":[{"href":"https:\/\/e.kosmolat.eu\/lt\/wp-json\/wp\/v2\/types\/product"}],"wp:featuredmedia":[{"embeddable":true,"href":"https:\/\/e.kosmolat.eu\/lt\/wp-json\/wp\/v2\/media\/97908"}],"wp:attachment":[{"href":"https:\/\/e.kosmolat.eu\/lt\/wp-json\/wp\/v2\/media?parent=30219"}],"wp:term":[{"taxonomy":"product_cat","embeddable":true,"href":"https:\/\/e.kosmolat.eu\/lt\/wp-json\/wp\/v2\/product_cat?post=30219"},{"taxonomy":"product_tag","embeddable":true,"href":"https:\/\/e.kosmolat.eu\/lt\/wp-json\/wp\/v2\/product_tag?post=30219"}],"curies":[{"name":"wp","href":"https:\/\/api.w.org\/{rel}","templated":true}]}}