{"id":30203,"date":"2023-12-19T20:22:05","date_gmt":"2023-12-19T20:22:05","guid":{"rendered":"https:\/\/e.kosmolat.eu\/product\/dr-house-aloe-vera-tirisanas-krems-500-ml\/"},"modified":"2025-03-06T12:59:02","modified_gmt":"2025-03-06T12:59:02","slug":"i_dr-house-aloe-vera-tirisanas-krems-500-ml","status":"publish","type":"product","link":"https:\/\/e.kosmolat.eu\/lt\/produktas\/i_dr-house-aloe-vera-tirisanas-krems-500-ml\/","title":{"rendered":"I_DR.HOUSE Aloe Vera valomasis kremas, 500 ml"},"content":{"rendered":"<p>Nepalieka joki\u0173 \u012fbr\u0117\u017eim\u0173 ant pavir&scaron;i\u0173.<\/p>\n<p><strong>Naudojimas:<\/strong> tepkite produkt\u0105 tiesiai ant valomo pavir&scaron;iaus arba ant kempin\u0117s, patrinkite ir nuplaukite vandeniu.<\/p>\n<p><strong>Sud\u0117tis: <\/strong>ma\u017eiau kaip, 5 % &nbsp;anijonini\u0173 &nbsp;aktyvi\u0173j\u0173 pavir&scaron;inio med\u017eiagos, ma\u017eiau kaip, 5 % &nbsp;nejonini\u0173 &nbsp;aktyvi\u0173j\u0173 pavir&scaron;inio med\u017eiagos. Kvapai. Konservantas: 2-Bromo-2-Nitropropane-1,3-Diol.<\/p>\n<p>&nbsp;<\/p>\n<p><strong><img decoding=\"async\" alt=\"\" src=\"https:\/\/www.reach-compliance.ch\/images\/exclam1cols3.jpg\" style=\"height:40px; width:40px\" \/>GHS07 Atsargiai<\/strong><br \/>\nH315 Dirgina od\u0105 &nbsp;<br \/>\nH317 Gali sukelti alergin\u0119 odos reakcij\u0105.<br \/>\nH319 Sukelia smark\u0173 aki\u0173 dirginim\u0105.<br \/>\nP101 Jei reikalinga gydytojo konsultacija, su savimi tur\u0117kite produkto talpykl\u0105 ar jo etiket\u0119.<br \/>\nP102 Laikyti vaikams neprieinamoje vietoje<br \/>\nP264 Po naudojimo kruop&scaron;\u010diai nuplaukite rankas<br \/>\nP280 M\u016bv\u0117ti apsaugines naudoti aki\u0173 apsaugos priemones.<br \/>\nP302+P352 Patekus ant odos: plauti dideliu vandens kiekiu&nbsp;<br \/>\nP333+P313 Jeigu sudirginama oda arba j\u0105 i&scaron;beria: kreiptis \u012f gydytoj\u0105.<br \/>\nP305+P351+P338 Patekus \u012f akis: Kelias minutes atsargiai plauti vandeniu. I&scaron;imti kontaktinius l\u0119&scaron;ius, jeigu jie yra ir jeigu lengvai galima tai padaryti. Toliau plauti akis.<br \/>\nP337+P313 Jei aki\u0173 dirginimas nepraeina: kreiptis \u012f gydytoj\u0105&nbsp;<br \/>\nP501 Turin\u012f\/talpykl\u0105 i&scaron;pilti (i&scaron;mesti) &#8211; sunaudot\u0105 &nbsp;pakuot\u0117 utilizuoti &nbsp;kaip buitines atliekas.<br \/>\n&nbsp;<\/p>\n","protected":false},"excerpt":{"rendered":"<p>Nepalieka joki\u0173 \u012fbr\u0117\u017eim\u0173 ant pavir&scaron;i\u0173. Naudojimas: tepkite produkt\u0105 tiesiai ant valomo pavir&scaron;iaus arba ant kempin\u0117s, patrinkite ir nuplaukite vandeniu. Sud\u0117tis: ma\u017eiau kaip, 5 % &nbsp;anijonini\u0173 &nbsp;aktyvi\u0173j\u0173 pavir&scaron;inio med\u017eiagos, ma\u017eiau kaip, 5 % &nbsp;nejonini\u0173 &nbsp;aktyvi\u0173j\u0173 pavir&scaron;inio med\u017eiagos. Kvapai. Konservantas: 2-Bromo-2-Nitropropane-1,3-Diol. &nbsp; GHS07 Atsargiai H315 Dirgina od\u0105 &nbsp; H317 Gali sukelti alergin\u0119 odos reakcij\u0105. H319 Sukelia smark\u0173 [&#8230;]\n","protected":false},"featured_media":30205,"template":"","meta":[],"product_cat":[1468],"product_tag":[],"class_list":{"0":"post-30203","1":"product","2":"type-product","3":"status-publish","4":"has-post-thumbnail","6":"product_brand-vento_cz-lt","7":"product_cat-virtuvei-namu-priezurai-namu-priezurai","9":"first","10":"outofstock","11":"taxable","12":"shipping-taxable","13":"product-type-simple"},"_links":{"self":[{"href":"https:\/\/e.kosmolat.eu\/lt\/wp-json\/wp\/v2\/product\/30203","targetHints":{"allow":["GET"]}}],"collection":[{"href":"https:\/\/e.kosmolat.eu\/lt\/wp-json\/wp\/v2\/product"}],"about":[{"href":"https:\/\/e.kosmolat.eu\/lt\/wp-json\/wp\/v2\/types\/product"}],"wp:featuredmedia":[{"embeddable":true,"href":"https:\/\/e.kosmolat.eu\/lt\/wp-json\/wp\/v2\/media\/30205"}],"wp:attachment":[{"href":"https:\/\/e.kosmolat.eu\/lt\/wp-json\/wp\/v2\/media?parent=30203"}],"wp:term":[{"taxonomy":"product_cat","embeddable":true,"href":"https:\/\/e.kosmolat.eu\/lt\/wp-json\/wp\/v2\/product_cat?post=30203"},{"taxonomy":"product_tag","embeddable":true,"href":"https:\/\/e.kosmolat.eu\/lt\/wp-json\/wp\/v2\/product_tag?post=30203"}],"curies":[{"name":"wp","href":"https:\/\/api.w.org\/{rel}","templated":true}]}}