{"id":30191,"date":"2023-12-19T20:20:31","date_gmt":"2023-12-19T20:20:31","guid":{"rendered":"https:\/\/e.kosmolat.eu\/product\/dr-house-izsmidzinams-vannas-istabas-tir-lidz-500-ml\/"},"modified":"2026-04-07T11:50:43","modified_gmt":"2026-04-07T11:50:43","slug":"dr-house-izsmidzinams-vannas-istabas-tir-lidz-500-ml","status":"publish","type":"product","link":"https:\/\/e.kosmolat.eu\/lt\/produktas\/dr-house-izsmidzinams-vannas-istabas-tir-lidz-500-ml\/","title":{"rendered":"DR.HOUSE Vonios kambario pur\u0161kiamas valiklis, 500 ml"},"content":{"rendered":"<p>Idealiai tinka sunkiai \u012fveikiamiems ne&scaron;varumams, kalki\u0173 nuos\u0117doms, muilo ir vandens d\u0117m\u0117ms pa&scaron;alinti nuo vis\u0173 pavir&scaron;i\u0173 vonios kambariuose ir tualetuose.<\/p>\n<p><strong>Naudojimas:<\/strong> pasukite antgal\u012f \u012f OPEN pad\u0117t\u012f, u\u017epurk&scaron;kite ant pavir&scaron;iaus, leiskite veikti kelias minutes ir nuvalykite arba nuplaukite vandeniu.<\/p>\n<p><strong>Sud\u0117tis: <\/strong>ma\u017eiau kaip, 5 % &nbsp;nejonini\u0173 &nbsp;aktyvi\u0173j\u0173 pavir&scaron;inio med\u017eiagos, ma\u017eiau kaip, 5 % &nbsp;katijonini\u0173 aktyvi\u0173j\u0173 pavir&scaron;inio med\u017eiagos. Kvapai.<\/p>\n<p>&nbsp;<\/p>\n<p><strong><img decoding=\"async\" alt=\"\" src=\"https:\/\/www.reach-compliance.ch\/images\/exclam1cols3.jpg\" style=\"height:40px; width:40px\" \/>GHS07 Atsargiai<\/strong><br \/>\nH319 Sukelia smark\u0173 aki\u0173 dirginim\u0105.<br \/>\nP101 Jei reikalinga gydytojo konsultacija, su savimi tur\u0117kite produkto talpykl\u0105 ar jo etiket\u0119.<br \/>\nP102 Laikyti vaikams neprieinamoje vietoje<br \/>\nP264 Po naudojimo kruop&scaron;\u010diai nuplaukite rankas<br \/>\nP280 M\u016bv\u0117ti apsaugines naudoti aki\u0173 apsaugos priemones.<br \/>\nP305+P351+P338 Patekus \u012f akis: Kelias minutes atsargiai plauti vandeniu. I&scaron;imti kontaktinius l\u0119&scaron;ius, jeigu jie yra ir jeigu lengvai galima tai padaryti. Toliau plauti akis.<br \/>\nP337+P313 Jei aki\u0173 dirginimas nepraeina: kreiptis \u012f gydytoj\u0105&nbsp;<br \/>\n&nbsp;<\/p>\n","protected":false},"excerpt":{"rendered":"<p>Idealiai tinka sunkiai \u012fveikiamiems ne&scaron;varumams, kalki\u0173 nuos\u0117doms, muilo ir vandens d\u0117m\u0117ms pa&scaron;alinti nuo vis\u0173 pavir&scaron;i\u0173 vonios kambariuose ir tualetuose. Naudojimas: pasukite antgal\u012f \u012f OPEN pad\u0117t\u012f, u\u017epurk&scaron;kite ant pavir&scaron;iaus, leiskite veikti kelias minutes ir nuvalykite arba nuplaukite vandeniu. Sud\u0117tis: ma\u017eiau kaip, 5 % &nbsp;nejonini\u0173 &nbsp;aktyvi\u0173j\u0173 pavir&scaron;inio med\u017eiagos, ma\u017eiau kaip, 5 % &nbsp;katijonini\u0173 aktyvi\u0173j\u0173 pavir&scaron;inio med\u017eiagos. Kvapai. [&#8230;]\n","protected":false},"featured_media":98008,"template":"","meta":[],"product_cat":[2181],"product_tag":[],"class_list":{"0":"post-30191","1":"product","2":"type-product","3":"status-publish","4":"has-post-thumbnail","6":"product_brand-vento_cz-lt","7":"product_cat-bez-kategorijas-lt","9":"first","10":"instock","11":"taxable","12":"shipping-taxable","13":"product-type-simple"},"_links":{"self":[{"href":"https:\/\/e.kosmolat.eu\/lt\/wp-json\/wp\/v2\/product\/30191","targetHints":{"allow":["GET"]}}],"collection":[{"href":"https:\/\/e.kosmolat.eu\/lt\/wp-json\/wp\/v2\/product"}],"about":[{"href":"https:\/\/e.kosmolat.eu\/lt\/wp-json\/wp\/v2\/types\/product"}],"wp:featuredmedia":[{"embeddable":true,"href":"https:\/\/e.kosmolat.eu\/lt\/wp-json\/wp\/v2\/media\/98008"}],"wp:attachment":[{"href":"https:\/\/e.kosmolat.eu\/lt\/wp-json\/wp\/v2\/media?parent=30191"}],"wp:term":[{"taxonomy":"product_cat","embeddable":true,"href":"https:\/\/e.kosmolat.eu\/lt\/wp-json\/wp\/v2\/product_cat?post=30191"},{"taxonomy":"product_tag","embeddable":true,"href":"https:\/\/e.kosmolat.eu\/lt\/wp-json\/wp\/v2\/product_tag?post=30191"}],"curies":[{"name":"wp","href":"https:\/\/api.w.org\/{rel}","templated":true}]}}