{"id":30155,"date":"2023-12-19T20:16:37","date_gmt":"2023-12-19T20:16:37","guid":{"rendered":"https:\/\/e.kosmolat.eu\/product\/lv-lupu-spidums-ar-apjoma-efektu-503-icon-lips-glossy-volume\/"},"modified":"2025-06-02T05:02:56","modified_gmt":"2025-06-02T05:02:56","slug":"lv-lupu-spidums-ar-apjoma-efektu-503-icon-lips-glossy-volume-3-4-g","status":"publish","type":"product","link":"https:\/\/e.kosmolat.eu\/lt\/produktas\/lv-lupu-spidums-ar-apjoma-efektu-503-icon-lips-glossy-volume-3-4-g\/","title":{"rendered":"LUXVISAGE L\u016bp\u0173 blizgis apim\u010diai pabr\u0117\u017eti Icon Lips Glossy Volume, 503, Nude Rose"},"content":{"rendered":"<p><strong>Naudojimas:<\/strong> aplikatoriumi u\u017etepkite ant l\u016bp\u0173.<\/p>\n<p>Laikyti nuo +5 &deg;\u0421 iki +25 &deg;\u0421 temperat\u016broje sausoje vietoje, toliau nuo &scaron;ildymo prietais\u0173, saugoti nuo tiesiogini\u0173 saul\u0117s spinduli\u0173.<br \/>\n&nbsp;<\/p>\n","protected":false},"excerpt":{"rendered":"<p>Naudojimas: aplikatoriumi u\u017etepkite ant l\u016bp\u0173. Laikyti nuo +5 &deg;\u0421 iki +25 &deg;\u0421 temperat\u016broje sausoje vietoje, toliau nuo &scaron;ildymo prietais\u0173, saugoti nuo tiesiogini\u0173 saul\u0117s spinduli\u0173. &nbsp;<\/p>\n","protected":false},"featured_media":0,"template":"","meta":[],"product_cat":[2181],"product_tag":[],"class_list":{"0":"post-30155","1":"product","2":"type-product","3":"status-publish","5":"product_brand-lux-visage_by-lt","6":"product_cat-bez-kategorijas-lt","8":"first","9":"outofstock","10":"taxable","11":"shipping-taxable","12":"product-type-simple"},"_links":{"self":[{"href":"https:\/\/e.kosmolat.eu\/lt\/wp-json\/wp\/v2\/product\/30155","targetHints":{"allow":["GET"]}}],"collection":[{"href":"https:\/\/e.kosmolat.eu\/lt\/wp-json\/wp\/v2\/product"}],"about":[{"href":"https:\/\/e.kosmolat.eu\/lt\/wp-json\/wp\/v2\/types\/product"}],"wp:attachment":[{"href":"https:\/\/e.kosmolat.eu\/lt\/wp-json\/wp\/v2\/media?parent=30155"}],"wp:term":[{"taxonomy":"product_cat","embeddable":true,"href":"https:\/\/e.kosmolat.eu\/lt\/wp-json\/wp\/v2\/product_cat?post=30155"},{"taxonomy":"product_tag","embeddable":true,"href":"https:\/\/e.kosmolat.eu\/lt\/wp-json\/wp\/v2\/product_tag?post=30155"}],"curies":[{"name":"wp","href":"https:\/\/api.w.org\/{rel}","templated":true}]}}