{"id":30143,"date":"2023-12-19T20:15:17","date_gmt":"2023-12-19T20:15:17","guid":{"rendered":"https:\/\/e.kosmolat.eu\/product\/bd-bye-bye-dark-circles-roza-hidrogela-acu-patci-60-gab\/"},"modified":"2026-04-20T11:58:14","modified_gmt":"2026-04-20T11:58:14","slug":"bd-bye-bye-dark-circles-roza-hidrogela-acu-patci-60-gab","status":"publish","type":"product","link":"https:\/\/e.kosmolat.eu\/lt\/produktas\/bd-bye-bye-dark-circles-roza-hidrogela-acu-patci-60-gab\/","title":{"rendered":"BEAUTYDERM Bye Bye Dark Circles Ro\u017ein\u0117s hidrogelin\u0117s pagalv\u0117l\u0117s akims, 60 vnt"},"content":{"rendered":"<p>Suma\u017eina paburkim\u0105 ir tamsius ratilus, padeda &bdquo;pa\u017eadinti&ldquo; od\u0105 ir suvienodinti jos atspalv\u012f, suteikia nat\u016bral\u0173 &scaron;vyt\u0117jim\u0105.<\/p>\n<p>&bull; &nbsp; &nbsp;Kofeinas padeda i&scaron;vengti tamsi\u0173 ratil\u0173.<br \/>\n&bull; &nbsp; &nbsp;Perl\u0173 pudros ekstraktas suteikia odai nat\u016bral\u0173 &scaron;vyt\u0117jim\u0105 ir lygina od\u0105.<br \/>\n&bull; &nbsp; &nbsp;Damasko ro\u017ei\u0173 \u017eied\u0173 ekstraktas prisotina od\u0105 vitaminais ir mikroelementais.<\/p>\n<p>Naudojimas: 1. Specialia mentele i&scaron;imkite produkt\u0105 i&scaron; indelio ir u\u017ed\u0117kite ant nuvalytos odos. Pleistrai gali b\u016bti naudojami nasolaabialini\u0173 rauk&scaron;li\u0173 srityje, ant kaktos ir kaklo. 2. Po 15-20 min. atsargiai nuimkite. Nenaudokite daugiau du kart per dien\u0105.<\/p>\n<p>3. Norint pasiekti geresni\u0173 rezultat\u0173, rekomenduojama laikyti &scaron;aldytuve.<\/p>\n<p>Atsargumo priemon\u0117s: Tik i&scaron;oriniam naudojimui. Vienkartiniam naudojimui. Prie&scaron; naudojim\u0105 i&scaron;bandykite ant nedidelio odos ploto. Jei pasirei&scaron;kia alergin\u0117 reakcija, vartojim\u0105 nutraukite. Nenaudokite, jei yra individualus jautrumas atskiriems komponentams. Patekus \u012f akis, plauti dideliu kiekiu vandens.<\/p>\n<p>Laikyti nuo +5&deg;C iki +25&deg;C temperat\u016broje, esant 55-70% santykinei oro dr\u0117gmei, nuo tiesiogini\u0173 saul\u0117s spinduli\u0173 apsaugotoje vietoje, ne ma\u017eesniu kaip 1 m atstumu nuo &scaron;ilumos &scaron;altini\u0173.<\/p>\n","protected":false},"excerpt":{"rendered":"<p>Suma\u017eina paburkim\u0105 ir tamsius ratilus, padeda &bdquo;pa\u017eadinti&ldquo; od\u0105 ir suvienodinti jos atspalv\u012f, suteikia nat\u016bral\u0173 &scaron;vyt\u0117jim\u0105. &bull; &nbsp; &nbsp;Kofeinas padeda i&scaron;vengti tamsi\u0173 ratil\u0173. &bull; &nbsp; &nbsp;Perl\u0173 pudros ekstraktas suteikia odai nat\u016bral\u0173 &scaron;vyt\u0117jim\u0105 ir lygina od\u0105. &bull; &nbsp; &nbsp;Damasko ro\u017ei\u0173 \u017eied\u0173 ekstraktas prisotina od\u0105 vitaminais ir mikroelementais. Naudojimas: 1. Specialia mentele i&scaron;imkite produkt\u0105 i&scaron; indelio ir u\u017ed\u0117kite [&#8230;]\n","protected":false},"featured_media":101041,"template":"","meta":[],"product_cat":[1369],"product_tag":[],"class_list":{"0":"post-30143","1":"product","2":"type-product","3":"status-publish","4":"has-post-thumbnail","6":"product_brand-naturpro_ua-lt","7":"product_cat-veido-kaukes","9":"first","10":"instock","11":"taxable","12":"shipping-taxable","13":"product-type-simple"},"_links":{"self":[{"href":"https:\/\/e.kosmolat.eu\/lt\/wp-json\/wp\/v2\/product\/30143","targetHints":{"allow":["GET"]}}],"collection":[{"href":"https:\/\/e.kosmolat.eu\/lt\/wp-json\/wp\/v2\/product"}],"about":[{"href":"https:\/\/e.kosmolat.eu\/lt\/wp-json\/wp\/v2\/types\/product"}],"wp:featuredmedia":[{"embeddable":true,"href":"https:\/\/e.kosmolat.eu\/lt\/wp-json\/wp\/v2\/media\/101041"}],"wp:attachment":[{"href":"https:\/\/e.kosmolat.eu\/lt\/wp-json\/wp\/v2\/media?parent=30143"}],"wp:term":[{"taxonomy":"product_cat","embeddable":true,"href":"https:\/\/e.kosmolat.eu\/lt\/wp-json\/wp\/v2\/product_cat?post=30143"},{"taxonomy":"product_tag","embeddable":true,"href":"https:\/\/e.kosmolat.eu\/lt\/wp-json\/wp\/v2\/product_tag?post=30143"}],"curies":[{"name":"wp","href":"https:\/\/api.w.org\/{rel}","templated":true}]}}