{"id":30139,"date":"2023-12-19T20:14:47","date_gmt":"2023-12-19T20:14:47","guid":{"rendered":"https:\/\/e.kosmolat.eu\/product\/bd-bye-bye-wrinkles-zelta-hidrogela-acu-patci-60-gab\/"},"modified":"2026-04-23T07:37:13","modified_gmt":"2026-04-23T07:37:13","slug":"bd-bye-bye-wrinkles-zelta-hidrogela-acu-patci-60-gab","status":"publish","type":"product","link":"https:\/\/e.kosmolat.eu\/lt\/produktas\/bd-bye-bye-wrinkles-zelta-hidrogela-acu-patci-60-gab\/","title":{"rendered":"BEAUTYDERM Bye Bye Wrinkles Hidrogrelin\u0117s auksin\u0117s pagalv\u0117l\u0117s akims, 60 vnt."},"content":{"rendered":"<p>&Scaron;viesina tamsius ratilus ir daro mimikos rauk&scaron;les ma\u017eiau pastebimas, stangrina od\u0105 aplink akis, ma\u017eina paburkim\u0105.<\/p>\n<p>&bull; Retinolis skatina nat\u016bralaus kolageno gamyb\u0105,&nbsp;tod\u0117l oda atrodo sveikesn\u0117 ir jaunatvi&scaron;kesn\u0117.<br \/>\n&bull; Vitaminas C suvienodina odos atspalv\u012f ir skatina jos regeneracijos procesus.<br \/>\n&bull; Kolagenas palaiko vandens balans\u0105, taip pat i&scaron;laiko dr\u0117gm\u0119 odoje, skatindamas elastingum\u0105.<\/p>\n<p>Naudojimas: 1. Specialia mentele i&scaron;imkite produkt\u0105 i&scaron; indelio ir u\u017ed\u0117kite ant nuvalytos odos. Pleistrai gali b\u016bti naudojami nasolaabialini\u0173 rauk&scaron;li\u0173 srityje, ant kaktos ir kaklo. 2. Po 15-20 min. atsargiai nuimkite. Nenaudokite daugiau nei dukart per dien\u0105.<\/p>\n<p>3. Norint pasiekti geresni\u0173 rezultat\u0173, rekomenduojama laikyti &scaron;aldytuve.<\/p>\n<p>Atsargumo priemon\u0117s: Tik i&scaron;oriniam naudojimui. vienkartiniam naudojimui. Prie&scaron; naudojim\u0105 i&scaron;bandykite ant nedidelio odos ploto. Jei pasirei&scaron;kia alergin\u0117 reakcija, vartojim\u0105 nutraukite. Nenaudokite, jei yra individualus jautrumas atskiriems komponentams. Patekus \u012f akis, plauti dideliu kiekiu vandens.<\/p>\n<p>Laikyti nuo +5&deg;C iki +25&deg;C temperat\u016broje, esant 55-70% santykinei oro dr\u0117gmei, nuo tiesiogini\u0173 saul\u0117s spinduli\u0173 apsaugotoje vietoje, ne ma\u017eesniu kaip 1 m atstumu nuo &scaron;ilumos &scaron;altini\u0173.<\/p>\n","protected":false},"excerpt":{"rendered":"<p>&Scaron;viesina tamsius ratilus ir daro mimikos rauk&scaron;les ma\u017eiau pastebimas, stangrina od\u0105 aplink akis, ma\u017eina paburkim\u0105. &bull; Retinolis skatina nat\u016bralaus kolageno gamyb\u0105,&nbsp;tod\u0117l oda atrodo sveikesn\u0117 ir jaunatvi&scaron;kesn\u0117. &bull; Vitaminas C suvienodina odos atspalv\u012f ir skatina jos regeneracijos procesus. &bull; Kolagenas palaiko vandens balans\u0105, taip pat i&scaron;laiko dr\u0117gm\u0119 odoje, skatindamas elastingum\u0105. Naudojimas: 1. Specialia mentele i&scaron;imkite produkt\u0105 [&#8230;]\n","protected":false},"featured_media":102927,"template":"","meta":[],"product_cat":[2181],"product_tag":[],"class_list":{"0":"post-30139","1":"product","2":"type-product","3":"status-publish","4":"has-post-thumbnail","6":"product_brand-naturpro_ua-lt","7":"product_cat-bez-kategorijas-lt","9":"first","10":"instock","11":"taxable","12":"shipping-taxable","13":"product-type-simple"},"_links":{"self":[{"href":"https:\/\/e.kosmolat.eu\/lt\/wp-json\/wp\/v2\/product\/30139","targetHints":{"allow":["GET"]}}],"collection":[{"href":"https:\/\/e.kosmolat.eu\/lt\/wp-json\/wp\/v2\/product"}],"about":[{"href":"https:\/\/e.kosmolat.eu\/lt\/wp-json\/wp\/v2\/types\/product"}],"wp:featuredmedia":[{"embeddable":true,"href":"https:\/\/e.kosmolat.eu\/lt\/wp-json\/wp\/v2\/media\/102927"}],"wp:attachment":[{"href":"https:\/\/e.kosmolat.eu\/lt\/wp-json\/wp\/v2\/media?parent=30139"}],"wp:term":[{"taxonomy":"product_cat","embeddable":true,"href":"https:\/\/e.kosmolat.eu\/lt\/wp-json\/wp\/v2\/product_cat?post=30139"},{"taxonomy":"product_tag","embeddable":true,"href":"https:\/\/e.kosmolat.eu\/lt\/wp-json\/wp\/v2\/product_tag?post=30139"}],"curies":[{"name":"wp","href":"https:\/\/api.w.org\/{rel}","templated":true}]}}