{"id":30123,"date":"2023-12-19T20:13:15","date_gmt":"2023-12-19T20:13:15","guid":{"rendered":"https:\/\/e.kosmolat.eu\/product\/7d-mbw-attirosa-sejas-maska-ar-maliem-cica-recover-80-ml\/"},"modified":"2026-03-11T11:29:13","modified_gmt":"2026-03-11T11:29:13","slug":"7d-mbw-attirosa-sejas-maska-ar-maliem-cica-recover-80-ml","status":"publish","type":"product","link":"https:\/\/e.kosmolat.eu\/lt\/produktas\/7d-mbw-attirosa-sejas-maska-ar-maliem-cica-recover-80-ml\/","title":{"rendered":"7DAYS MY BEAUTY WEEK Valan\u010dioji molio kauk\u0117 veidui Cica Recover, 80 ml"},"content":{"rendered":"<p>Molio kauk\u0117, skirta susiaurinti poras ir matinti veido od\u0105. Centella asiatica dr\u0117kina, padeda atkurti od\u0105. Cinkas sausina ir kovoja su odos tr\u016bkumais. Kaolinas giliai valo, nepersausindamas odos, sutraukia poras, naikina ink&scaron;tirus ir matina.<\/p>\n<p><strong>Naudojimas:<\/strong> u\u017etepkite plon\u0105 kauk\u0117s sluoksn\u012f ant nuvalyto veido, vengdami zonos aplink akis, palikite 10-15 minu\u010di\u0173, gerai nuplaukite &scaron;iltu vandeniu.<\/p>\n<p><strong>Atsargumo priemon\u0117s:<\/strong> Tik i&scaron;oriniam naudojimui. Vengti patekimo \u012f akis. Patekus \u012f akis, nedelsiant praplauti dideliu kiekiu vandens ir, jei reikia, kreiptis \u012f gydytoj\u0105. Netepkite ant pa\u017eeistos odos. Nenaudoti esant padid\u0117jusiam jautrumui bet kuriai produkto sudedamajai daliai. Nustokite naudoti, jei atsiranda dirginimas. Saugoti nuo vaik\u0173. Laikyti nuo +5 &deg;C iki +25 &deg;C temperat\u016broje.<br \/>\n&nbsp;<\/p>\n","protected":false},"excerpt":{"rendered":"<p>Molio kauk\u0117, skirta susiaurinti poras ir matinti veido od\u0105. Centella asiatica dr\u0117kina, padeda atkurti od\u0105. Cinkas sausina ir kovoja su odos tr\u016bkumais. Kaolinas giliai valo, nepersausindamas odos, sutraukia poras, naikina ink&scaron;tirus ir matina. Naudojimas: u\u017etepkite plon\u0105 kauk\u0117s sluoksn\u012f ant nuvalyto veido, vengdami zonos aplink akis, palikite 10-15 minu\u010di\u0173, gerai nuplaukite &scaron;iltu vandeniu. Atsargumo priemon\u0117s: Tik [&#8230;]\n","protected":false},"featured_media":103173,"template":"","meta":[],"product_cat":[2181],"product_tag":[],"class_list":{"0":"post-30123","1":"product","2":"type-product","3":"status-publish","4":"has-post-thumbnail","6":"product_brand-7days_it-lt","7":"product_cat-bez-kategorijas-lt","9":"first","10":"instock","11":"taxable","12":"shipping-taxable","13":"product-type-simple"},"_links":{"self":[{"href":"https:\/\/e.kosmolat.eu\/lt\/wp-json\/wp\/v2\/product\/30123","targetHints":{"allow":["GET"]}}],"collection":[{"href":"https:\/\/e.kosmolat.eu\/lt\/wp-json\/wp\/v2\/product"}],"about":[{"href":"https:\/\/e.kosmolat.eu\/lt\/wp-json\/wp\/v2\/types\/product"}],"wp:featuredmedia":[{"embeddable":true,"href":"https:\/\/e.kosmolat.eu\/lt\/wp-json\/wp\/v2\/media\/103173"}],"wp:attachment":[{"href":"https:\/\/e.kosmolat.eu\/lt\/wp-json\/wp\/v2\/media?parent=30123"}],"wp:term":[{"taxonomy":"product_cat","embeddable":true,"href":"https:\/\/e.kosmolat.eu\/lt\/wp-json\/wp\/v2\/product_cat?post=30123"},{"taxonomy":"product_tag","embeddable":true,"href":"https:\/\/e.kosmolat.eu\/lt\/wp-json\/wp\/v2\/product_tag?post=30123"}],"curies":[{"name":"wp","href":"https:\/\/api.w.org\/{rel}","templated":true}]}}