{"id":30119,"date":"2023-12-19T20:12:45","date_gmt":"2023-12-19T20:12:45","guid":{"rendered":"https:\/\/e.kosmolat.eu\/product\/7d-mbw-nakts-sejas-maska-milky-dreams-80-ml\/"},"modified":"2026-04-09T16:07:43","modified_gmt":"2026-04-09T16:07:43","slug":"7d-mbw-nakts-sejas-maska-milky-dreams-80-ml","status":"publish","type":"product","link":"https:\/\/e.kosmolat.eu\/lt\/produktas\/7d-mbw-nakts-sejas-maska-milky-dreams-80-ml\/","title":{"rendered":"7DAYS MY BEAUTY WEEK Naktin\u0117 kauk\u0117 Milky Dreams, 80 ml"},"content":{"rendered":"<p>Naktin\u0117 kauk\u0117 intensyviai maitina od\u0105. Kit\u0105 ryt\u0105 veidas bus gaivus ir pails\u0117j\u0119s d\u0117l sald\u017ei\u0173j\u0173 migdol\u0173 aliejaus, kuris dr\u0117kina, mink&scaron;tina od\u0105 ir pasi\u017eymi antioksidaciniu poveikiu. Vitaminas E maitina, aktyvina atsinaujinim\u0105, kovoja su pigmentacija ir sen\u0117jimo po\u017eymiais.<\/p>\n<p><strong>Naudojimas: <\/strong>nuvalykite od\u0105, &scaron;velniai masa\u017euokite kauk\u0119 per vis\u0105 veid\u0105, vengdami srities aplink akis. Nereikalauja skalavimo.<\/p>\n<p><strong>Atsargumo priemon\u0117s: T<\/strong>ik i&scaron;oriniam naudojimui. Vengti patekimo \u012f akis. Patekus \u012f akis, nedelsiant praplauti dideliu kiekiu vandens ir, jei reikia, kreiptis \u012f gydytoj\u0105. Netepkite ant pa\u017eeistos odos. Nenaudoti esant padid\u0117jusiam jautrumui bet kuriai produkto sudedamajai daliai. Nustokite naudoti, jei atsiranda dirginimas. Saugoti nuo vaik\u0173. Laikyti nuo +5 &deg;C iki +25 &deg;C temperat\u016broje.<br \/>\n&nbsp;<\/p>\n","protected":false},"excerpt":{"rendered":"<p>Naktin\u0117 kauk\u0117 intensyviai maitina od\u0105. Kit\u0105 ryt\u0105 veidas bus gaivus ir pails\u0117j\u0119s d\u0117l sald\u017ei\u0173j\u0173 migdol\u0173 aliejaus, kuris dr\u0117kina, mink&scaron;tina od\u0105 ir pasi\u017eymi antioksidaciniu poveikiu. Vitaminas E maitina, aktyvina atsinaujinim\u0105, kovoja su pigmentacija ir sen\u0117jimo po\u017eymiais. Naudojimas: nuvalykite od\u0105, &scaron;velniai masa\u017euokite kauk\u0119 per vis\u0105 veid\u0105, vengdami srities aplink akis. Nereikalauja skalavimo. Atsargumo priemon\u0117s: Tik i&scaron;oriniam naudojimui. [&#8230;]\n","protected":false},"featured_media":105320,"template":"","meta":[],"product_cat":[1369],"product_tag":[],"class_list":{"0":"post-30119","1":"product","2":"type-product","3":"status-publish","4":"has-post-thumbnail","6":"product_brand-7days_it-lt","7":"product_cat-veido-kaukes","9":"first","10":"instock","11":"taxable","12":"shipping-taxable","13":"product-type-simple"},"_links":{"self":[{"href":"https:\/\/e.kosmolat.eu\/lt\/wp-json\/wp\/v2\/product\/30119","targetHints":{"allow":["GET"]}}],"collection":[{"href":"https:\/\/e.kosmolat.eu\/lt\/wp-json\/wp\/v2\/product"}],"about":[{"href":"https:\/\/e.kosmolat.eu\/lt\/wp-json\/wp\/v2\/types\/product"}],"wp:featuredmedia":[{"embeddable":true,"href":"https:\/\/e.kosmolat.eu\/lt\/wp-json\/wp\/v2\/media\/105320"}],"wp:attachment":[{"href":"https:\/\/e.kosmolat.eu\/lt\/wp-json\/wp\/v2\/media?parent=30119"}],"wp:term":[{"taxonomy":"product_cat","embeddable":true,"href":"https:\/\/e.kosmolat.eu\/lt\/wp-json\/wp\/v2\/product_cat?post=30119"},{"taxonomy":"product_tag","embeddable":true,"href":"https:\/\/e.kosmolat.eu\/lt\/wp-json\/wp\/v2\/product_tag?post=30119"}],"curies":[{"name":"wp","href":"https:\/\/api.w.org\/{rel}","templated":true}]}}