{"id":30111,"date":"2023-12-19T20:11:49","date_gmt":"2023-12-19T20:11:49","guid":{"rendered":"https:\/\/e.kosmolat.eu\/product\/7d-attir-oksigenejosa-maska-ar-ogli-un-acid-kompleksu-25-g\/"},"modified":"2026-03-29T05:45:38","modified_gmt":"2026-03-29T05:45:38","slug":"7d-attir-oksigenejosa-maska-ar-ogli-un-acid-kompleksu-25-g","status":"publish","type":"product","link":"https:\/\/e.kosmolat.eu\/lt\/produktas\/7d-attir-oksigenejosa-maska-ar-ogli-un-acid-kompleksu-25-g\/","title":{"rendered":"7DAYS Valanti deguonies kauk\u0117 su anglimi ir Acid+ kompleksu, 25 g"},"content":{"rendered":"<p>&Scaron;i kauk\u0117 praturtina od\u0105 deguonimi. D\u0117l savo unikalios formul\u0117s su vaisi\u0173 r\u016bg&scaron;timis, tokiomis kaip AHA, \u012fskaitant glikolio, pieno, obuoli\u0173 ir vyno r\u016bg&scaron;tis, kauk\u0117 sudaro deguonies burbuliuk\u0173 putas, kurios prasiskverbia \u012f gilius odos sluoksnius, atkim&scaron;a poras ir neleid\u017eia susidaryti riebalams. Kauk\u0117je esanti aktyvioji anglis pasi\u017eymi sugerian\u010diomis savyb\u0117mis, &scaron;alina toksinus ir matina, i&scaron;lygina odos atspalv\u012f.<\/p>\n<p><strong>Naudojimas: <\/strong>nuvalykite veid\u0105, u\u017ed\u0117kite kauk\u0119 10-15 minu\u010di\u0173. Nu\u0117m\u0119 kauk\u0119 masa\u017euokite veid\u0105. Pa&scaron;alinkite kauk\u0117s pertekli\u0173 vatos diskeliu ir nuplaukite veid\u0105 vandeniu.<\/p>\n<p><strong>Atsargumo priemon\u0117s: <\/strong>Tik i&scaron;oriniam naudojimui. Nenaudoti pakartotinai. Vengti patekimo \u012f akis. Patekus \u012f akis, nedelsiant praplauti dideliu kiekiu vandens ir, jei reikia, kreiptis \u012f gydytoj\u0105. Netepkite ant pa\u017eeistos odos. Nenaudoti esant padid\u0117jusiam jautrumui bet kuriai produkto sudedamajai daliai. Nustokite naudoti, jei atsiranda dirginimas. Venkite ilgalaikio buvimo saul\u0117je ir po gaminio naudojimo patepkite tinkamu apsauginiu kremu nuo saul\u0117s.<br \/>\n&nbsp;<\/p>\n","protected":false},"excerpt":{"rendered":"<p>&Scaron;i kauk\u0117 praturtina od\u0105 deguonimi. D\u0117l savo unikalios formul\u0117s su vaisi\u0173 r\u016bg&scaron;timis, tokiomis kaip AHA, \u012fskaitant glikolio, pieno, obuoli\u0173 ir vyno r\u016bg&scaron;tis, kauk\u0117 sudaro deguonies burbuliuk\u0173 putas, kurios prasiskverbia \u012f gilius odos sluoksnius, atkim&scaron;a poras ir neleid\u017eia susidaryti riebalams. Kauk\u0117je esanti aktyvioji anglis pasi\u017eymi sugerian\u010diomis savyb\u0117mis, &scaron;alina toksinus ir matina, i&scaron;lygina odos atspalv\u012f. Naudojimas: nuvalykite [&#8230;]\n","protected":false},"featured_media":101514,"template":"","meta":[],"product_cat":[2181],"product_tag":[],"class_list":{"0":"post-30111","1":"product","2":"type-product","3":"status-publish","4":"has-post-thumbnail","6":"product_brand-7days_it-lt","7":"product_cat-bez-kategorijas-lt","9":"first","10":"outofstock","11":"taxable","12":"shipping-taxable","13":"product-type-simple"},"_links":{"self":[{"href":"https:\/\/e.kosmolat.eu\/lt\/wp-json\/wp\/v2\/product\/30111","targetHints":{"allow":["GET"]}}],"collection":[{"href":"https:\/\/e.kosmolat.eu\/lt\/wp-json\/wp\/v2\/product"}],"about":[{"href":"https:\/\/e.kosmolat.eu\/lt\/wp-json\/wp\/v2\/types\/product"}],"wp:featuredmedia":[{"embeddable":true,"href":"https:\/\/e.kosmolat.eu\/lt\/wp-json\/wp\/v2\/media\/101514"}],"wp:attachment":[{"href":"https:\/\/e.kosmolat.eu\/lt\/wp-json\/wp\/v2\/media?parent=30111"}],"wp:term":[{"taxonomy":"product_cat","embeddable":true,"href":"https:\/\/e.kosmolat.eu\/lt\/wp-json\/wp\/v2\/product_cat?post=30111"},{"taxonomy":"product_tag","embeddable":true,"href":"https:\/\/e.kosmolat.eu\/lt\/wp-json\/wp\/v2\/product_tag?post=30111"}],"curies":[{"name":"wp","href":"https:\/\/api.w.org\/{rel}","templated":true}]}}