{"id":30107,"date":"2023-12-19T20:10:07","date_gmt":"2023-12-19T20:10:07","guid":{"rendered":"https:\/\/e.kosmolat.eu\/product\/7d-candy-shop-zila-aud-sej-maska-makaruni-un-mellenu-jogurts-25-g\/"},"modified":"2025-09-15T11:43:47","modified_gmt":"2025-09-15T11:43:47","slug":"7d-candy-shop-zila-aud-sej-maska-makaruni-un-mellenu-jogurts-25-g","status":"publish","type":"product","link":"https:\/\/e.kosmolat.eu\/lt\/produktas\/7d-candy-shop-zila-aud-sej-maska-makaruni-un-mellenu-jogurts-25-g\/","title":{"rendered":"7DAYS CANDY SHOP M\u0117lyna lak\u0161tin\u0117 kauk\u0117 veidui Makaroons\u2019ai ir m\u0117lyni\u0173 jogurtas, 25 g"},"content":{"rendered":"<p>Orin\u0117 kauk\u0117s tekst\u016bra yra tarsi pranc\u016bzi&scaron;ko skan\u0117sto migdol\u0173 malonumas, papildytas nuostabiu, m\u0117lyni\u0173 uogien\u0119 primenan\u010diu losjonu su gaivinan\u010diu kvapu. Skirtumas tik tas, kad &scaron;i gro\u017eio kauk\u0117 tikrai naudinga odai ir, skirtingai nei saldumynai, nepadarys jokios \u017ealos fig\u016brai!<\/p>\n<p><strong>Naudojimas:<\/strong> Nuvalykite makia\u017e\u0105, nuvalykite veid\u0105, u\u017ed\u0117kite kauk\u0119 15 minu\u010di\u0173, tada nuimkite ir nuplaukite veid\u0105 vandeniu.<\/p>\n<p><strong>Atsargumo priemon\u0117s: <\/strong>Tik i&scaron;oriniam naudojimui. Nenaudoti pakartotinai. Vengti patekimo \u012f akis. Patekus \u012f akis, nedelsiant praplauti dideliu kiekiu vandens ir, jei reikia, kreiptis \u012f gydytoj\u0105. Netepkite ant pa\u017eeistos odos. Nenaudoti esant padid\u0117jusiam jautrumui bet kuriai produkto sudedamajai daliai. Nustokite naudoti, jei atsiranda dirginimas. Venkite ilgalaikio buvimo saul\u0117je &nbsp;po gaminio naudojimo patepkite tinkamu apsauginiu kremu nuo saul\u0117s. Saugoti nuo vaik\u0173. Laikyti nuo +5 &deg;C iki +25 &deg;C temperat\u016broje.<br \/>\n&nbsp;<\/p>\n","protected":false},"excerpt":{"rendered":"<p>Orin\u0117 kauk\u0117s tekst\u016bra yra tarsi pranc\u016bzi&scaron;ko skan\u0117sto migdol\u0173 malonumas, papildytas nuostabiu, m\u0117lyni\u0173 uogien\u0119 primenan\u010diu losjonu su gaivinan\u010diu kvapu. Skirtumas tik tas, kad &scaron;i gro\u017eio kauk\u0117 tikrai naudinga odai ir, skirtingai nei saldumynai, nepadarys jokios \u017ealos fig\u016brai! Naudojimas: Nuvalykite makia\u017e\u0105, nuvalykite veid\u0105, u\u017ed\u0117kite kauk\u0119 15 minu\u010di\u0173, tada nuimkite ir nuplaukite veid\u0105 vandeniu. Atsargumo priemon\u0117s: Tik i&scaron;oriniam [&#8230;]\n","protected":false},"featured_media":0,"template":"","meta":[],"product_cat":[1369],"product_tag":[],"class_list":{"0":"post-30107","1":"product","2":"type-product","3":"status-publish","5":"product_brand-7days_it-lt","6":"product_cat-veido-kaukes","8":"first","9":"outofstock","10":"taxable","11":"shipping-taxable","12":"product-type-simple"},"_links":{"self":[{"href":"https:\/\/e.kosmolat.eu\/lt\/wp-json\/wp\/v2\/product\/30107","targetHints":{"allow":["GET"]}}],"collection":[{"href":"https:\/\/e.kosmolat.eu\/lt\/wp-json\/wp\/v2\/product"}],"about":[{"href":"https:\/\/e.kosmolat.eu\/lt\/wp-json\/wp\/v2\/types\/product"}],"wp:attachment":[{"href":"https:\/\/e.kosmolat.eu\/lt\/wp-json\/wp\/v2\/media?parent=30107"}],"wp:term":[{"taxonomy":"product_cat","embeddable":true,"href":"https:\/\/e.kosmolat.eu\/lt\/wp-json\/wp\/v2\/product_cat?post=30107"},{"taxonomy":"product_tag","embeddable":true,"href":"https:\/\/e.kosmolat.eu\/lt\/wp-json\/wp\/v2\/product_tag?post=30107"}],"curies":[{"name":"wp","href":"https:\/\/api.w.org\/{rel}","templated":true}]}}