{"id":30103,"date":"2023-12-19T20:09:49","date_gmt":"2023-12-19T20:09:49","guid":{"rendered":"https:\/\/e.kosmolat.eu\/product\/elskin-antioksidantu-auduma-maska-zala-teja-15-g\/"},"modified":"2026-04-24T05:30:14","modified_gmt":"2026-04-24T05:30:14","slug":"elskin-antioksidantu-auduma-maska-zala-teja-15-g","status":"publish","type":"product","link":"https:\/\/e.kosmolat.eu\/lt\/produktas\/elskin-antioksidantu-auduma-maska-zala-teja-15-g\/","title":{"rendered":"EL&#8217;SKIN Antioksidantin\u0117 lak\u0161tin\u0117 kauk\u0117 \u017dalioji arbata, 15 g"},"content":{"rendered":"<p>Kauk\u0117 skirta intensyviai kompleksinei sausos, dehidratuotos, jautrios odos prie\u017ei\u016brai. \u017daliosios arbatos ekstraktas yra stiprus nat\u016bralus antioksidantas, aktyvina l\u0105stelin\u012f imunitet\u0105, didina atsparum\u0105 neigiamam aplinkos poveikiui, i&scaron;saugo odos jaunyst\u0119 ir gro\u017e\u012f, gerina veido spalv\u0105, l\u0117tina sen\u0117jimo procesus. Apr\u016bpina l\u0105steles deguonimi ir sustiprina apsaugines odos savybes, tonizuoja ir stiprina jos apsaugin\u012f barjer\u0105. Puikios tekst\u016bros, puikiai priglundan\u010dios ir didel\u0117s veikli\u0173j\u0173 med\u017eiag\u0173 koncentracijos kauk\u0117 padeda atkurti odos turgor\u0105 ir elastingum\u0105, prisidedant prie gilaus dr\u0117kinimo, greitai pa&scaron;alina odos nuovarg\u012f. N\u0117ra am\u017eiaus ir odos tipo apribojim\u0173.<\/p>\n<p><strong>Atsargumo priemon\u0117s:<\/strong> 1) Venkite naudoti ant pa\u017eeistos, sudirgusios ir saul\u0117je nudegusios odos. 2) Nenaudokite produkto, jei yra jautrumas bet kuriai formul\u0117s sudedamajai daliai. Jei naudojimo metu oda parausta arba sudirgsta, nutraukite naudojim\u0105 ir kreipkit\u0117s \u012f gydytoj\u0105. 3) Venkite patekimo \u012f akis. Patekus, nuplaukite vandeniu. 4) Venkite naudoti ant odos, kuri jautri tvars\u010diams, \u012fvyniojimams ir lipnioms kauk\u0117ms. 5) Laikyti vaikams nepasiekiamoje vietoje, nuo 0&deg;C iki 25&deg;C temperat\u016broje. Venkite tiesiogini\u0173 saul\u0117s spinduli\u0173. 6) Tik i&scaron;oriniam naudojimui. Nenuryti!<\/p>\n<p><strong>Naudojimas: <\/strong>1) Atidarykite pakuot\u0119 ir i&scaron;imkite kauk\u0119. 2) &Scaron;velniai u\u017ed\u0117kite ir paskirstykite pir&scaron;t\u0173 galiukais, palikite 15-20 minu\u010di\u0173. 3) Tada nuimkite kauk\u0119, o likusi\u0105 dal\u012f &scaron;velniai plakite glostymo judesiais arba atlikite lengv\u0105 masa\u017e\u0105. Neplaukite.<br \/>\nPrie&scaron; naudojim\u0105 kauk\u0119 galima atv\u0117sinti palaikius &scaron;aldytuve bent dvi valandas arba pa&scaron;ildyti \u012fd\u0117jus pakuot\u0119 \u012f &scaron;ilt\u0105 vanden\u012f. Abiem atvejais kauk\u0117s poveikis padid\u0117s. Kauk\u0119 naudokite 2-3 kartus per savait\u0119 arba prie&scaron; i&scaron;eidami i&scaron; nam\u0173.<\/p>\n<p><strong>Geriausia: <\/strong>3 metai nuo pagaminimo datos.<br \/>\n&nbsp;<\/p>\n","protected":false},"excerpt":{"rendered":"<p>Kauk\u0117 skirta intensyviai kompleksinei sausos, dehidratuotos, jautrios odos prie\u017ei\u016brai. \u017daliosios arbatos ekstraktas yra stiprus nat\u016bralus antioksidantas, aktyvina l\u0105stelin\u012f imunitet\u0105, didina atsparum\u0105 neigiamam aplinkos poveikiui, i&scaron;saugo odos jaunyst\u0119 ir gro\u017e\u012f, gerina veido spalv\u0105, l\u0117tina sen\u0117jimo procesus. Apr\u016bpina l\u0105steles deguonimi ir sustiprina apsaugines odos savybes, tonizuoja ir stiprina jos apsaugin\u012f barjer\u0105. Puikios tekst\u016bros, puikiai priglundan\u010dios ir didel\u0117s [&#8230;]\n","protected":false},"featured_media":99204,"template":"","meta":[],"product_cat":[1369],"product_tag":[],"class_list":{"0":"post-30103","1":"product","2":"type-product","3":"status-publish","4":"has-post-thumbnail","6":"product_brand-skinlite-lt","7":"product_cat-veido-kaukes","9":"first","10":"instock","11":"taxable","12":"shipping-taxable","13":"product-type-simple"},"_links":{"self":[{"href":"https:\/\/e.kosmolat.eu\/lt\/wp-json\/wp\/v2\/product\/30103","targetHints":{"allow":["GET"]}}],"collection":[{"href":"https:\/\/e.kosmolat.eu\/lt\/wp-json\/wp\/v2\/product"}],"about":[{"href":"https:\/\/e.kosmolat.eu\/lt\/wp-json\/wp\/v2\/types\/product"}],"wp:featuredmedia":[{"embeddable":true,"href":"https:\/\/e.kosmolat.eu\/lt\/wp-json\/wp\/v2\/media\/99204"}],"wp:attachment":[{"href":"https:\/\/e.kosmolat.eu\/lt\/wp-json\/wp\/v2\/media?parent=30103"}],"wp:term":[{"taxonomy":"product_cat","embeddable":true,"href":"https:\/\/e.kosmolat.eu\/lt\/wp-json\/wp\/v2\/product_cat?post=30103"},{"taxonomy":"product_tag","embeddable":true,"href":"https:\/\/e.kosmolat.eu\/lt\/wp-json\/wp\/v2\/product_tag?post=30103"}],"curies":[{"name":"wp","href":"https:\/\/api.w.org\/{rel}","templated":true}]}}