{"id":30099,"date":"2023-12-19T20:09:29","date_gmt":"2023-12-19T20:09:29","guid":{"rendered":"https:\/\/e.kosmolat.eu\/product\/skinlite-nomierin-sej-maska-ar-kolagenu-gurka-ekst-23-ml\/"},"modified":"2026-04-22T07:39:47","modified_gmt":"2026-04-22T07:39:47","slug":"skinlite-nomierin-sej-maska-ar-kolagenu-gurka-ekst-23-ml","status":"publish","type":"product","link":"https:\/\/e.kosmolat.eu\/lt\/produktas\/skinlite-nomierin-sej-maska-ar-kolagenu-gurka-ekst-23-ml\/","title":{"rendered":"SKINLITE Raminanti veido kauk\u0117 su kolagenu ir agurk\u0173 ekstraktu, 23 ml"},"content":{"rendered":"<p>Lak&scaron;tin\u0117 kauk\u0117 su didele nat\u016brali\u0173 ekstrakt\u0173 ir kolageno koncentracija suteikia visapusi&scaron;k\u0105 veido odos prie\u017ei\u016br\u0105, maitinim\u0105 ir r\u016bpest\u012f.<\/p>\n<p>Vos per 15-20 minu\u010di\u0173 kauk\u0117 pad\u0117s atsigaivinti, giliai sudr\u0117kinti ir atkurti sveik\u0105 spindes\u012f.<\/p>\n<ul>\n<li>Agurk\u0173 ekstraktas prisotina od\u0105 dr\u0117gme, ramina pabuvus saul\u0117je, mal&scaron;ina nie\u017eul\u012f, paraudim\u0105, naikina &scaron;erpetojim\u0105, i&scaron;lygina tonus\u0105, daro od\u0105 elastingesn\u0119 ir stangresn\u0119.<\/li>\n<li>Augalinis kolagenas, gaunamas i&scaron; fermentuot\u0173 soj\u0173 pupeli\u0173, peptid\u0173 ir amino r\u016bg&scaron;\u010di\u0173 mi&scaron;inys, yra vienas i&scaron; galingiausi\u0173 dr\u0117kinan\u010di\u0173 ingredient\u0173, naudojam\u0173 &scaron;iuolaikin\u0117je kosmetologijoje.<\/li>\n<li>\u017daliosios arbatos, hamameli\u0173 ir any\u017ei\u0173 ekstraktai veikia visus odos sluoksnius, pradeda atsinaujinimo proces\u0105 l\u0105steli\u0173 lygmenyje: skatina med\u017eiag\u0173 apykait\u0105, gerina kraujotak\u0105, reguliuoja med\u017eiag\u0173 apykaitos procesus, skatina savo kolageno ir elastino, b\u016btino gro\u017eiui ir jaunystei, susidarym\u0105.<\/li>\n<\/ul>\n<p><strong>Naudojimas:<\/strong> U\u017etepkite kauk\u0119 ant nuvalyto veido, palikite 15-20 minu\u010di\u0173, tada nuimkite. Likusi\u0105 aktyvaus serumo dal\u012f &scaron;velniai \u012ftrinkite \u012f od\u0105 glostymo judesiais. Nenuplaukite.<br \/>\nKauk\u0119 galima tepti bet kuriuo paros metu.<br \/>\nAtsargumo priemon\u0117s: 1) Venkite naudoti ant pa\u017eeistos, sudirgusios ir saul\u0117s nudegusios odos, nenaudokite spuogams gydyti. 2) Nenaudokite produkto, jei yra jautrumas bet kuriai formul\u0117s sudedamajai daliai. Jei naudojimo metu oda parausta arba sudirgsta, nutraukite naudojim\u0105 ir kreipkit\u0117s \u012f gydytoj\u0105. 3) Venkite patekimo \u012f akis. Patekus, nuplaukite vandeniu. 4) Tik i&scaron;oriniam naudojimui. Nenuryti! 5) Laikyti vaikams nepasiekiamoje vietoje, nuo 0 &deg;C iki +25 &deg;C temperat\u016broje, vengiant tiesiogini\u0173 saul\u0117s spinduli\u0173.<\/p>\n<p><strong>Tinkamumo laikas: <\/strong>3 metai nuo pagaminimo datos.<br \/>\n&nbsp;<\/p>\n","protected":false},"excerpt":{"rendered":"<p>Lak&scaron;tin\u0117 kauk\u0117 su didele nat\u016brali\u0173 ekstrakt\u0173 ir kolageno koncentracija suteikia visapusi&scaron;k\u0105 veido odos prie\u017ei\u016br\u0105, maitinim\u0105 ir r\u016bpest\u012f. Vos per 15-20 minu\u010di\u0173 kauk\u0117 pad\u0117s atsigaivinti, giliai sudr\u0117kinti ir atkurti sveik\u0105 spindes\u012f. Agurk\u0173 ekstraktas prisotina od\u0105 dr\u0117gme, ramina pabuvus saul\u0117je, mal&scaron;ina nie\u017eul\u012f, paraudim\u0105, naikina &scaron;erpetojim\u0105, i&scaron;lygina tonus\u0105, daro od\u0105 elastingesn\u0119 ir stangresn\u0119. Augalinis kolagenas, gaunamas i&scaron; fermentuot\u0173 [&#8230;]\n","protected":false},"featured_media":102247,"template":"","meta":[],"product_cat":[2181],"product_tag":[],"class_list":{"0":"post-30099","1":"product","2":"type-product","3":"status-publish","4":"has-post-thumbnail","6":"product_brand-skinlite-lt","7":"product_cat-bez-kategorijas-lt","9":"first","10":"instock","11":"taxable","12":"shipping-taxable","13":"product-type-simple"},"_links":{"self":[{"href":"https:\/\/e.kosmolat.eu\/lt\/wp-json\/wp\/v2\/product\/30099","targetHints":{"allow":["GET"]}}],"collection":[{"href":"https:\/\/e.kosmolat.eu\/lt\/wp-json\/wp\/v2\/product"}],"about":[{"href":"https:\/\/e.kosmolat.eu\/lt\/wp-json\/wp\/v2\/types\/product"}],"wp:featuredmedia":[{"embeddable":true,"href":"https:\/\/e.kosmolat.eu\/lt\/wp-json\/wp\/v2\/media\/102247"}],"wp:attachment":[{"href":"https:\/\/e.kosmolat.eu\/lt\/wp-json\/wp\/v2\/media?parent=30099"}],"wp:term":[{"taxonomy":"product_cat","embeddable":true,"href":"https:\/\/e.kosmolat.eu\/lt\/wp-json\/wp\/v2\/product_cat?post=30099"},{"taxonomy":"product_tag","embeddable":true,"href":"https:\/\/e.kosmolat.eu\/lt\/wp-json\/wp\/v2\/product_tag?post=30099"}],"curies":[{"name":"wp","href":"https:\/\/api.w.org\/{rel}","templated":true}]}}