{"id":30095,"date":"2023-12-19T20:09:10","date_gmt":"2023-12-19T20:09:10","guid":{"rendered":"https:\/\/e.kosmolat.eu\/product\/vollare-pw-intens-balinoss-kermena-losjons-norm-un-saus-adai-250-ml\/"},"modified":"2024-06-14T08:00:55","modified_gmt":"2024-06-14T08:00:55","slug":"vollare-pw-intens-balinoss-kermena-losjons-norm-un-saus-adai-250-ml","status":"publish","type":"product","link":"https:\/\/e.kosmolat.eu\/lt\/produktas\/vollare-pw-intens-balinoss-kermena-losjons-norm-un-saus-adai-250-ml\/","title":{"rendered":"VOLLARE Provi White Intensyviai balinantis k\u016bno losjonas normaliai ir sausai odai, 250 ml"},"content":{"rendered":"<p>Aktyviai balina ir akivaizd\u017eiai suma\u017eina kaklo, pe\u010di\u0173 ir dekolt\u0117 odos hiperpigmentacij\u0105 d\u0117l &scaron;viesinan\u010di\u0173 veikli\u0173j\u0173 med\u017eiag\u0173. Kruop&scaron;\u010diai atrinkti nat\u016bral\u016bs ingredientai ir lengva kremin\u0117 tekst\u016bra &scaron;viesina net jautriausias k\u016bno vietas. Provi White bioaktyvus kompleksas &ndash; tai moderni formul\u0117, kuri pa&scaron;alina pigmentacijos prie\u017eastis, suma\u017eindama melanino gamyb\u0105. Akivaizd\u017eiai pa&scaron;viesina ir i&scaron;lygina odos atspalv\u012f. I&scaron;lygina, giliai maitina ir dr\u0117kina od\u0105 bei apsaugo nuo prie&scaron;laikinio odos sen\u0117jimo, kur\u012f sukelia UVA\/UVB spinduliai. Daro od\u0105 lygi\u0105, pamaitint\u0105 ir spindin\u010di\u0105.<\/p>\n<p><strong>Naudojimas: <\/strong>tepkite ant &scaron;varios k\u016bno odos, &scaron;velniai masa\u017euokite, kol visi&scaron;kai \u012fsigers.&nbsp;<br \/>\nNaudokite kiekvien\u0105 dien\u0105, ypa\u010d po prausimosi. Balinimo efektas pastebimas po 2-3 savai\u010di\u0173 reguliaraus naudojimo.<br \/>\n&nbsp;<\/p>\n","protected":false},"excerpt":{"rendered":"<p>Aktyviai balina ir akivaizd\u017eiai suma\u017eina kaklo, pe\u010di\u0173 ir dekolt\u0117 odos hiperpigmentacij\u0105 d\u0117l &scaron;viesinan\u010di\u0173 veikli\u0173j\u0173 med\u017eiag\u0173. Kruop&scaron;\u010diai atrinkti nat\u016bral\u016bs ingredientai ir lengva kremin\u0117 tekst\u016bra &scaron;viesina net jautriausias k\u016bno vietas. Provi White bioaktyvus kompleksas &ndash; tai moderni formul\u0117, kuri pa&scaron;alina pigmentacijos prie\u017eastis, suma\u017eindama melanino gamyb\u0105. Akivaizd\u017eiai pa&scaron;viesina ir i&scaron;lygina odos atspalv\u012f. I&scaron;lygina, giliai maitina ir dr\u0117kina od\u0105 [&#8230;]\n","protected":false},"featured_media":26798,"template":"","meta":[],"product_cat":[2181],"product_tag":[],"class_list":{"0":"post-30095","1":"product","2":"type-product","3":"status-publish","4":"has-post-thumbnail","6":"product_brand-malina-akcija-lt","7":"product_cat-bez-kategorijas-lt","9":"first","10":"outofstock","11":"taxable","12":"shipping-taxable","13":"product-type-simple"},"_links":{"self":[{"href":"https:\/\/e.kosmolat.eu\/lt\/wp-json\/wp\/v2\/product\/30095","targetHints":{"allow":["GET"]}}],"collection":[{"href":"https:\/\/e.kosmolat.eu\/lt\/wp-json\/wp\/v2\/product"}],"about":[{"href":"https:\/\/e.kosmolat.eu\/lt\/wp-json\/wp\/v2\/types\/product"}],"wp:featuredmedia":[{"embeddable":true,"href":"https:\/\/e.kosmolat.eu\/lt\/wp-json\/wp\/v2\/media\/26798"}],"wp:attachment":[{"href":"https:\/\/e.kosmolat.eu\/lt\/wp-json\/wp\/v2\/media?parent=30095"}],"wp:term":[{"taxonomy":"product_cat","embeddable":true,"href":"https:\/\/e.kosmolat.eu\/lt\/wp-json\/wp\/v2\/product_cat?post=30095"},{"taxonomy":"product_tag","embeddable":true,"href":"https:\/\/e.kosmolat.eu\/lt\/wp-json\/wp\/v2\/product_tag?post=30095"}],"curies":[{"name":"wp","href":"https:\/\/api.w.org\/{rel}","templated":true}]}}