{"id":30091,"date":"2023-12-19T20:08:50","date_gmt":"2023-12-19T20:08:50","guid":{"rendered":"https:\/\/e.kosmolat.eu\/product\/vollare-pw-intens-balinoss-kr-intimam-zonam-un-padusem-50-ml\/"},"modified":"2025-03-19T14:03:26","modified_gmt":"2025-03-19T14:03:26","slug":"vollare-pw-intens-balinoss-kr-intimam-zonam-un-padusem-50-ml","status":"publish","type":"product","link":"https:\/\/e.kosmolat.eu\/lt\/produktas\/vollare-pw-intens-balinoss-kr-intimam-zonam-un-padusem-50-ml\/","title":{"rendered":"VOLLARE Provi White Intensyviai balinantis kremas intymioms vietoms ir pa\u017eastims, 50 ml"},"content":{"rendered":"<p>Pastebimai suma\u017eina \u012fvairios kilm\u0117s am\u017eiaus d\u0117mes ir neleid\u017eia atsirasti naujoms.<br \/>\nPantenolis ir vitaminai E ir B3 ramina odos sudirginim\u0105, kur\u012f sukelia va&scaron;kavimas ir skutimasis, regeneruoja od\u0105 ir didina jos elastingum\u0105.<\/p>\n<p><strong>Naudojimas: <\/strong>tepti kiekvien\u0105 ryt\u0105 ir vakar\u0105 ant nuvalytos pa\u017east\u0173 odos ir intymiose vietose, &scaron;velniai masa\u017euojant. Balinimo efektas pastebimas po 2-3 savai\u010di\u0173 reguliaraus naudojimo.<br \/>\n&nbsp;<\/p>\n","protected":false},"excerpt":{"rendered":"<p>Pastebimai suma\u017eina \u012fvairios kilm\u0117s am\u017eiaus d\u0117mes ir neleid\u017eia atsirasti naujoms. Pantenolis ir vitaminai E ir B3 ramina odos sudirginim\u0105, kur\u012f sukelia va&scaron;kavimas ir skutimasis, regeneruoja od\u0105 ir didina jos elastingum\u0105. Naudojimas: tepti kiekvien\u0105 ryt\u0105 ir vakar\u0105 ant nuvalytos pa\u017east\u0173 odos ir intymiose vietose, &scaron;velniai masa\u017euojant. Balinimo efektas pastebimas po 2-3 savai\u010di\u0173 reguliaraus naudojimo. &nbsp;<\/p>\n","protected":false},"featured_media":26792,"template":"","meta":[],"product_cat":[1390],"product_tag":[],"class_list":{"0":"post-30091","1":"product","2":"type-product","3":"status-publish","4":"has-post-thumbnail","6":"product_brand-verona_pl-lt","7":"product_cat-kremai-aliejai-kuno-pienelis","9":"first","10":"outofstock","11":"taxable","12":"shipping-taxable","13":"product-type-simple"},"_links":{"self":[{"href":"https:\/\/e.kosmolat.eu\/lt\/wp-json\/wp\/v2\/product\/30091","targetHints":{"allow":["GET"]}}],"collection":[{"href":"https:\/\/e.kosmolat.eu\/lt\/wp-json\/wp\/v2\/product"}],"about":[{"href":"https:\/\/e.kosmolat.eu\/lt\/wp-json\/wp\/v2\/types\/product"}],"wp:featuredmedia":[{"embeddable":true,"href":"https:\/\/e.kosmolat.eu\/lt\/wp-json\/wp\/v2\/media\/26792"}],"wp:attachment":[{"href":"https:\/\/e.kosmolat.eu\/lt\/wp-json\/wp\/v2\/media?parent=30091"}],"wp:term":[{"taxonomy":"product_cat","embeddable":true,"href":"https:\/\/e.kosmolat.eu\/lt\/wp-json\/wp\/v2\/product_cat?post=30091"},{"taxonomy":"product_tag","embeddable":true,"href":"https:\/\/e.kosmolat.eu\/lt\/wp-json\/wp\/v2\/product_tag?post=30091"}],"curies":[{"name":"wp","href":"https:\/\/api.w.org\/{rel}","templated":true}]}}