{"id":30063,"date":"2023-12-19T20:06:51","date_gmt":"2023-12-19T20:06:51","guid":{"rendered":"https:\/\/e.kosmolat.eu\/product\/rocs-kids-zobu-pasta-berniem-4-7-g-v-35-ml\/"},"modified":"2024-12-10T11:10:34","modified_gmt":"2024-12-10T11:10:34","slug":"rocs-kids-zobu-pasta-berniem-4-7-g-v-35-ml","status":"publish","type":"product","link":"https:\/\/e.kosmolat.eu\/lt\/produktas\/rocs-kids-zobu-pasta-berniem-4-7-g-v-35-ml\/","title":{"rendered":"R.O.C.S. Kids Dant\u0173 pasta vaikams (nuo 4 iki 7 met\u0173), 35 ml"},"content":{"rendered":"<p>Veiksminga formul\u0117 dant\u0173 apsaugai nuo \u0117duonies.* Sud\u0117tyje yra &bdquo;Amifluor&reg;&ldquo;, kuris: d\u0117l ola uro savybi\u0173 didina dant\u0173 atsparum\u0105 r\u016bg&scaron;tims; d\u0117l didel\u0117s ksilitolio koncentracijos neleid\u017eia daugintis kariesogenin\u0117ms bakterijoms.<\/p>\n<p>Skatina intensyvi\u0105 dant\u0173 remineralizacij\u0105 ir d\u0117l ma\u017eo abrazyvumo formul\u0117s (RDA=50) nepa\u017eeid\u017eia dant\u0173 audini\u0173. Pagaminimo data nurodyta ant t\u016bbel\u0117s.<\/p>\n<p><strong>Galiojimo laikas: <\/strong>3 metai.<\/p>\n<p><em>*Klini&scaron;kai \u012frodyta<\/em><\/p>\n","protected":false},"excerpt":{"rendered":"<p>Veiksminga formul\u0117 dant\u0173 apsaugai nuo \u0117duonies.* Sud\u0117tyje yra &bdquo;Amifluor&reg;&ldquo;, kuris: d\u0117l ola uro savybi\u0173 didina dant\u0173 atsparum\u0105 r\u016bg&scaron;tims; d\u0117l didel\u0117s ksilitolio koncentracijos neleid\u017eia daugintis kariesogenin\u0117ms bakterijoms. Skatina intensyvi\u0105 dant\u0173 remineralizacij\u0105 ir d\u0117l ma\u017eo abrazyvumo formul\u0117s (RDA=50) nepa\u017eeid\u017eia dant\u0173 audini\u0173. Pagaminimo data nurodyta ant t\u016bbel\u0117s. Galiojimo laikas: 3 metai. *Klini&scaron;kai \u012frodyta<\/p>\n","protected":false},"featured_media":25432,"template":"","meta":[],"product_cat":[1337],"product_tag":[],"class_list":{"0":"post-30063","1":"product","2":"type-product","3":"status-publish","4":"has-post-thumbnail","6":"product_brand-rocs-lt","7":"product_cat-burnos-higiena","9":"first","10":"outofstock","11":"taxable","12":"shipping-taxable","13":"product-type-simple"},"_links":{"self":[{"href":"https:\/\/e.kosmolat.eu\/lt\/wp-json\/wp\/v2\/product\/30063","targetHints":{"allow":["GET"]}}],"collection":[{"href":"https:\/\/e.kosmolat.eu\/lt\/wp-json\/wp\/v2\/product"}],"about":[{"href":"https:\/\/e.kosmolat.eu\/lt\/wp-json\/wp\/v2\/types\/product"}],"wp:featuredmedia":[{"embeddable":true,"href":"https:\/\/e.kosmolat.eu\/lt\/wp-json\/wp\/v2\/media\/25432"}],"wp:attachment":[{"href":"https:\/\/e.kosmolat.eu\/lt\/wp-json\/wp\/v2\/media?parent=30063"}],"wp:term":[{"taxonomy":"product_cat","embeddable":true,"href":"https:\/\/e.kosmolat.eu\/lt\/wp-json\/wp\/v2\/product_cat?post=30063"},{"taxonomy":"product_tag","embeddable":true,"href":"https:\/\/e.kosmolat.eu\/lt\/wp-json\/wp\/v2\/product_tag?post=30063"}],"curies":[{"name":"wp","href":"https:\/\/api.w.org\/{rel}","templated":true}]}}