{"id":30059,"date":"2023-12-19T20:06:29","date_gmt":"2023-12-19T20:06:29","guid":{"rendered":"https:\/\/e.kosmolat.eu\/product\/vollare-parfimets-kermena-sprejs-ar-spidumu-tropical-200-ml\/"},"modified":"2025-01-02T14:27:13","modified_gmt":"2025-01-02T14:27:13","slug":"vollare-parfimets-kermena-sprejs-ar-spidumu-tropical-200-ml","status":"publish","type":"product","link":"https:\/\/e.kosmolat.eu\/lt\/produktas\/vollare-parfimets-kermena-sprejs-ar-spidumu-tropical-200-ml\/","title":{"rendered":"VOLLARE Parfumuotas spindintis k\u016bno pur\u0161kiklis Tropical, 200 ml"},"content":{"rendered":"<p>Gaivi ir ry&scaron;ki papaj\u0173 ir avokad\u0173 kompozicija akimirksniu pagyvins ir \u012fkraus teigiamos energijos. &Scaron;velni formul\u0117 be alkoholio u\u017etikrina optimal\u0173 odos dr\u0117kinim\u0105. Pur&scaron;kiklyje yra t\u016bkstan\u010diai spindin\u010di\u0173 daleli\u0173, kurios suteiks j\u016bs\u0173 k\u016bnui prabangaus perlamutrinio &scaron;vyt\u0117jimo.<\/p>\n<p><strong>Naudojimas:<\/strong> purk&scaron;ti ant k\u016bno odos i&scaron; 30 cm atstumo ir leisti visi&scaron;kai susigerti.<br \/>\n&nbsp;<\/p>\n","protected":false},"excerpt":{"rendered":"<p>Gaivi ir ry&scaron;ki papaj\u0173 ir avokad\u0173 kompozicija akimirksniu pagyvins ir \u012fkraus teigiamos energijos. &Scaron;velni formul\u0117 be alkoholio u\u017etikrina optimal\u0173 odos dr\u0117kinim\u0105. Pur&scaron;kiklyje yra t\u016bkstan\u010diai spindin\u010di\u0173 daleli\u0173, kurios suteiks j\u016bs\u0173 k\u016bnui prabangaus perlamutrinio &scaron;vyt\u0117jimo. Naudojimas: purk&scaron;ti ant k\u016bno odos i&scaron; 30 cm atstumo ir leisti visi&scaron;kai susigerti. &nbsp;<\/p>\n","protected":false},"featured_media":26776,"template":"","meta":[],"product_cat":[2181],"product_tag":[],"class_list":{"0":"post-30059","1":"product","2":"type-product","3":"status-publish","4":"has-post-thumbnail","6":"product_brand-malina-akcija-lt","7":"product_cat-bez-kategorijas-lt","9":"first","10":"outofstock","11":"taxable","12":"shipping-taxable","13":"product-type-simple"},"_links":{"self":[{"href":"https:\/\/e.kosmolat.eu\/lt\/wp-json\/wp\/v2\/product\/30059","targetHints":{"allow":["GET"]}}],"collection":[{"href":"https:\/\/e.kosmolat.eu\/lt\/wp-json\/wp\/v2\/product"}],"about":[{"href":"https:\/\/e.kosmolat.eu\/lt\/wp-json\/wp\/v2\/types\/product"}],"wp:featuredmedia":[{"embeddable":true,"href":"https:\/\/e.kosmolat.eu\/lt\/wp-json\/wp\/v2\/media\/26776"}],"wp:attachment":[{"href":"https:\/\/e.kosmolat.eu\/lt\/wp-json\/wp\/v2\/media?parent=30059"}],"wp:term":[{"taxonomy":"product_cat","embeddable":true,"href":"https:\/\/e.kosmolat.eu\/lt\/wp-json\/wp\/v2\/product_cat?post=30059"},{"taxonomy":"product_tag","embeddable":true,"href":"https:\/\/e.kosmolat.eu\/lt\/wp-json\/wp\/v2\/product_tag?post=30059"}],"curies":[{"name":"wp","href":"https:\/\/api.w.org\/{rel}","templated":true}]}}