{"id":30055,"date":"2023-12-19T20:06:07","date_gmt":"2023-12-19T20:06:07","guid":{"rendered":"https:\/\/e.kosmolat.eu\/product\/vollare-parfimets-kermena-sprejs-ar-spidumu-coconut-200-ml\/"},"modified":"2025-07-30T10:21:58","modified_gmt":"2025-07-30T10:21:58","slug":"vollare-parfimets-kermena-sprejs-ar-spidumu-coconut-200-ml","status":"publish","type":"product","link":"https:\/\/e.kosmolat.eu\/lt\/produktas\/vollare-parfimets-kermena-sprejs-ar-spidumu-coconut-200-ml\/","title":{"rendered":"VOLLARE Parfumuotas spindintis k\u016bno pur\u0161kiklis Coconut, 200 ml"},"content":{"rendered":"<p>Gardus kokoso aromatas suteikia energijos ir pa\u017eadina visus poj\u016b\u010dius. &Scaron;velni formul\u0117 be alkoholio yra praturtinta hialurono r\u016bg&scaron;timi, kad oda b\u016bt\u0173 optimaliai dr\u0117kinama ir komforti&scaron;kai jaust\u016bsi. Pur&scaron;kiklyje yra t\u016bkstan\u010diai spindin\u010di\u0173 daleli\u0173, kurios suteiks j\u016bs\u0173 k\u016bnui prabangaus perlamutrinio &scaron;vyt\u0117jimo.<\/p>\n<p><strong>Naudojimas: <\/strong>purk&scaron;ti ant k\u016bno odos i&scaron; 30 cm atstumo ir leisti visi&scaron;kai susigerti.<br \/>\n&nbsp;<\/p>\n","protected":false},"excerpt":{"rendered":"<p>Gardus kokoso aromatas suteikia energijos ir pa\u017eadina visus poj\u016b\u010dius. &Scaron;velni formul\u0117 be alkoholio yra praturtinta hialurono r\u016bg&scaron;timi, kad oda b\u016bt\u0173 optimaliai dr\u0117kinama ir komforti&scaron;kai jaust\u016bsi. Pur&scaron;kiklyje yra t\u016bkstan\u010diai spindin\u010di\u0173 daleli\u0173, kurios suteiks j\u016bs\u0173 k\u016bnui prabangaus perlamutrinio &scaron;vyt\u0117jimo. Naudojimas: purk&scaron;ti ant k\u016bno odos i&scaron; 30 cm atstumo ir leisti visi&scaron;kai susigerti. &nbsp;<\/p>\n","protected":false},"featured_media":26770,"template":"","meta":[],"product_cat":[2181],"product_tag":[],"class_list":{"0":"post-30055","1":"product","2":"type-product","3":"status-publish","4":"has-post-thumbnail","6":"product_brand-malina-akcija-lt","7":"product_cat-bez-kategorijas-lt","9":"first","10":"outofstock","11":"taxable","12":"shipping-taxable","13":"product-type-simple"},"_links":{"self":[{"href":"https:\/\/e.kosmolat.eu\/lt\/wp-json\/wp\/v2\/product\/30055","targetHints":{"allow":["GET"]}}],"collection":[{"href":"https:\/\/e.kosmolat.eu\/lt\/wp-json\/wp\/v2\/product"}],"about":[{"href":"https:\/\/e.kosmolat.eu\/lt\/wp-json\/wp\/v2\/types\/product"}],"wp:featuredmedia":[{"embeddable":true,"href":"https:\/\/e.kosmolat.eu\/lt\/wp-json\/wp\/v2\/media\/26770"}],"wp:attachment":[{"href":"https:\/\/e.kosmolat.eu\/lt\/wp-json\/wp\/v2\/media?parent=30055"}],"wp:term":[{"taxonomy":"product_cat","embeddable":true,"href":"https:\/\/e.kosmolat.eu\/lt\/wp-json\/wp\/v2\/product_cat?post=30055"},{"taxonomy":"product_tag","embeddable":true,"href":"https:\/\/e.kosmolat.eu\/lt\/wp-json\/wp\/v2\/product_tag?post=30055"}],"curies":[{"name":"wp","href":"https:\/\/api.w.org\/{rel}","templated":true}]}}