{"id":30051,"date":"2023-12-19T20:05:46","date_gmt":"2023-12-19T20:05:46","guid":{"rendered":"https:\/\/e.kosmolat.eu\/product\/vollare-pw-intimas-higienas-zeleja-100-ml\/"},"modified":"2026-04-24T05:29:56","modified_gmt":"2026-04-24T05:29:56","slug":"vollare-pw-intimas-higienas-zeleja-100-ml","status":"publish","type":"product","link":"https:\/\/e.kosmolat.eu\/lt\/produktas\/vollare-pw-intimas-higienas-zeleja-100-ml\/","title":{"rendered":"VOLLARE Provi White Intymios higienos gelis, 100 ml"},"content":{"rendered":"<p>Kasdienei jautri\u0173 intymi\u0173 zon\u0173, kurioms reikia &scaron;velnios, subalansuotos prie\u017ei\u016bros, higienai. Formul\u0117 praturtinta pieno r\u016bg&scaron;timi, kuri ramina, dr\u0117kina ir subalansuoja nat\u016brali\u0105 bakterij\u0173 flor\u0105. Dermatologi&scaron;kai patikrintas. Naudojimas: u\u017etepkite nedidel\u012f kiek\u012f gelio ant intymi\u0173 viet\u0173. Kruop&scaron;\u010diai nuplaukite &scaron;iltu vandeniu.<\/p>\n","protected":false},"excerpt":{"rendered":"<p>Kasdienei jautri\u0173 intymi\u0173 zon\u0173, kurioms reikia &scaron;velnios, subalansuotos prie\u017ei\u016bros, higienai. Formul\u0117 praturtinta pieno r\u016bg&scaron;timi, kuri ramina, dr\u0117kina ir subalansuoja nat\u016brali\u0105 bakterij\u0173 flor\u0105. Dermatologi&scaron;kai patikrintas. Naudojimas: u\u017etepkite nedidel\u012f kiek\u012f gelio ant intymi\u0173 viet\u0173. Kruop&scaron;\u010diai nuplaukite &scaron;iltu vandeniu.<\/p>\n","protected":false},"featured_media":98514,"template":"","meta":[],"product_cat":[1374],"product_tag":[],"class_list":{"0":"post-30051","1":"product","2":"type-product","3":"status-publish","4":"has-post-thumbnail","6":"product_brand-verona_pl-lt","7":"product_cat-intymi-higiena","9":"first","10":"instock","11":"taxable","12":"shipping-taxable","13":"product-type-simple"},"_links":{"self":[{"href":"https:\/\/e.kosmolat.eu\/lt\/wp-json\/wp\/v2\/product\/30051","targetHints":{"allow":["GET"]}}],"collection":[{"href":"https:\/\/e.kosmolat.eu\/lt\/wp-json\/wp\/v2\/product"}],"about":[{"href":"https:\/\/e.kosmolat.eu\/lt\/wp-json\/wp\/v2\/types\/product"}],"wp:featuredmedia":[{"embeddable":true,"href":"https:\/\/e.kosmolat.eu\/lt\/wp-json\/wp\/v2\/media\/98514"}],"wp:attachment":[{"href":"https:\/\/e.kosmolat.eu\/lt\/wp-json\/wp\/v2\/media?parent=30051"}],"wp:term":[{"taxonomy":"product_cat","embeddable":true,"href":"https:\/\/e.kosmolat.eu\/lt\/wp-json\/wp\/v2\/product_cat?post=30051"},{"taxonomy":"product_tag","embeddable":true,"href":"https:\/\/e.kosmolat.eu\/lt\/wp-json\/wp\/v2\/product_tag?post=30051"}],"curies":[{"name":"wp","href":"https:\/\/api.w.org\/{rel}","templated":true}]}}