{"id":30047,"date":"2023-12-19T20:05:22","date_gmt":"2023-12-19T20:05:22","guid":{"rendered":"https:\/\/e.kosmolat.eu\/product\/vollare-pw-intens-balinoss-serums-sej-kakla-un-dekolte-z-adai-50-ml\/"},"modified":"2024-12-03T19:37:48","modified_gmt":"2024-12-03T19:37:48","slug":"vollare-pw-intens-balinoss-serums-sej-kakla-un-dekolte-z-adai-50-ml","status":"publish","type":"product","link":"https:\/\/e.kosmolat.eu\/lt\/produktas\/vollare-pw-intens-balinoss-serums-sej-kakla-un-dekolte-z-adai-50-ml\/","title":{"rendered":"VOLLARE Provi White Intensive Balinantis serumas veidui, kaklui ir dekolt\u0117, 50 ml"},"content":{"rendered":"<p>Akivaizd\u017eiai suma\u017eina \u012fvairios kilm\u0117s pigmentacij\u0105, strazdan\u0173 atsiradim\u0105 ir neleid\u017eia joms susidaryti d\u0117l &scaron;viesinan\u010di\u0173 veikli\u0173j\u0173 med\u017eiag\u0173. Provi White bioaktyvus kompleksas &ndash; tai moderni formul\u0117, kuri pa&scaron;alina pigmentacijos prie\u017eastis, suma\u017eindama melanino gamyb\u0105. Akivaizd\u017eiai pa&scaron;viesina ir i&scaron;lygina odos atspalv\u012f. Didelis vitamin\u0173 E ir B3 kiekis lygina, atkuria, giliai dr\u0117kina ir gerina odos elastingum\u0105.<\/p>\n<p><strong>Naudojimas: <\/strong>kiekvien\u0105 ryt\u0105 tepkite ant &scaron;varios veido, kaklo ir dekolt\u0117 srities, &scaron;velniai masa\u017euokite pir&scaron;t\u0173 galiukais, kol visi&scaron;kai \u012fsigers. Taip pat rekomenduojama tepti ant \u012fvairi\u0173 odos viet\u0173 ir d\u0117mi\u0173. . Balinimo efektas pastebimas po 2-3 savai\u010di\u0173 reguliaraus naudojimo.<br \/>\n&nbsp;<\/p>\n","protected":false},"excerpt":{"rendered":"<p>Akivaizd\u017eiai suma\u017eina \u012fvairios kilm\u0117s pigmentacij\u0105, strazdan\u0173 atsiradim\u0105 ir neleid\u017eia joms susidaryti d\u0117l &scaron;viesinan\u010di\u0173 veikli\u0173j\u0173 med\u017eiag\u0173. Provi White bioaktyvus kompleksas &ndash; tai moderni formul\u0117, kuri pa&scaron;alina pigmentacijos prie\u017eastis, suma\u017eindama melanino gamyb\u0105. Akivaizd\u017eiai pa&scaron;viesina ir i&scaron;lygina odos atspalv\u012f. Didelis vitamin\u0173 E ir B3 kiekis lygina, atkuria, giliai dr\u0117kina ir gerina odos elastingum\u0105. Naudojimas: kiekvien\u0105 ryt\u0105 tepkite ant [&#8230;]\n","protected":false},"featured_media":26759,"template":"","meta":[],"product_cat":[1327],"product_tag":[],"class_list":{"0":"post-30047","1":"product","2":"type-product","3":"status-publish","4":"has-post-thumbnail","6":"product_brand-malina-akcija-lt","7":"product_cat-serumai","9":"first","10":"outofstock","11":"taxable","12":"shipping-taxable","13":"product-type-simple"},"_links":{"self":[{"href":"https:\/\/e.kosmolat.eu\/lt\/wp-json\/wp\/v2\/product\/30047","targetHints":{"allow":["GET"]}}],"collection":[{"href":"https:\/\/e.kosmolat.eu\/lt\/wp-json\/wp\/v2\/product"}],"about":[{"href":"https:\/\/e.kosmolat.eu\/lt\/wp-json\/wp\/v2\/types\/product"}],"wp:featuredmedia":[{"embeddable":true,"href":"https:\/\/e.kosmolat.eu\/lt\/wp-json\/wp\/v2\/media\/26759"}],"wp:attachment":[{"href":"https:\/\/e.kosmolat.eu\/lt\/wp-json\/wp\/v2\/media?parent=30047"}],"wp:term":[{"taxonomy":"product_cat","embeddable":true,"href":"https:\/\/e.kosmolat.eu\/lt\/wp-json\/wp\/v2\/product_cat?post=30047"},{"taxonomy":"product_tag","embeddable":true,"href":"https:\/\/e.kosmolat.eu\/lt\/wp-json\/wp\/v2\/product_tag?post=30047"}],"curies":[{"name":"wp","href":"https:\/\/api.w.org\/{rel}","templated":true}]}}