{"id":30043,"date":"2023-12-19T20:04:59","date_gmt":"2023-12-19T20:04:59","guid":{"rendered":"https:\/\/e.kosmolat.eu\/product\/vollare-pw-intens-balinoss-diennakts-kr-sejas-kakla-un-dekolte-z-adai-50-ml\/"},"modified":"2024-06-14T07:54:47","modified_gmt":"2024-06-14T07:54:47","slug":"vollare-pw-intens-balinoss-diennakts-kr-sejas-kakla-un-dekolte-z-adai-50-ml","status":"publish","type":"product","link":"https:\/\/e.kosmolat.eu\/lt\/produktas\/vollare-pw-intens-balinoss-diennakts-kr-sejas-kakla-un-dekolte-z-adai-50-ml\/","title":{"rendered":"VOLLARE Provi White Intensyviai balinantis dieninis ir naktinis kremas veidui, kaklui ir dekolt\u0117 sri"},"content":{"rendered":"<p>Intensyviai balinantis dieninis ir naktinis kremas su pa\u017eangiu &scaron;viesinimo kompleksu ma\u017eina \u012fvairios kilm\u0117s pigmentacij\u0105 ir akivaizd\u017eiai suma\u017eina strazdan\u0173 atsiradim\u0105. Jo moderni formul\u0117 giliai dr\u0117kina ir lygina od\u0105, suteikdama jai intensyviai dr\u0117kint\u0105 ir pamaitint\u0105 i&scaron;vaizd\u0105.<\/p>\n<p><strong>Naudojimas: <\/strong>Tepkite kiekvien\u0105 ryt\u0105 ir vakar\u0105 ant &scaron;varios veido, kaklo ir dekolt\u0117 srities. Jo lengva tekst\u016bra greitai susigeria, palikdama plon\u0105 pl\u0117vel\u0119 ant odos. Taip pat galimas tikslinis naudojimas \u012fvairiose odos vietose ir am\u017eiaus d\u0117m\u0117se. Balinimo efektas pastebimas po 2-3 savai\u010di\u0173 reguliaraus naudojimo.<br \/>\n&nbsp;<\/p>\n","protected":false},"excerpt":{"rendered":"<p>Intensyviai balinantis dieninis ir naktinis kremas su pa\u017eangiu &scaron;viesinimo kompleksu ma\u017eina \u012fvairios kilm\u0117s pigmentacij\u0105 ir akivaizd\u017eiai suma\u017eina strazdan\u0173 atsiradim\u0105. Jo moderni formul\u0117 giliai dr\u0117kina ir lygina od\u0105, suteikdama jai intensyviai dr\u0117kint\u0105 ir pamaitint\u0105 i&scaron;vaizd\u0105. Naudojimas: Tepkite kiekvien\u0105 ryt\u0105 ir vakar\u0105 ant &scaron;varios veido, kaklo ir dekolt\u0117 srities. Jo lengva tekst\u016bra greitai susigeria, palikdama plon\u0105 pl\u0117vel\u0119 [&#8230;]\n","protected":false},"featured_media":26752,"template":"","meta":[],"product_cat":[2181],"product_tag":[],"class_list":{"0":"post-30043","1":"product","2":"type-product","3":"status-publish","4":"has-post-thumbnail","6":"product_brand-malina-akcija-lt","7":"product_cat-bez-kategorijas-lt","9":"first","10":"outofstock","11":"taxable","12":"shipping-taxable","13":"product-type-simple"},"_links":{"self":[{"href":"https:\/\/e.kosmolat.eu\/lt\/wp-json\/wp\/v2\/product\/30043","targetHints":{"allow":["GET"]}}],"collection":[{"href":"https:\/\/e.kosmolat.eu\/lt\/wp-json\/wp\/v2\/product"}],"about":[{"href":"https:\/\/e.kosmolat.eu\/lt\/wp-json\/wp\/v2\/types\/product"}],"wp:featuredmedia":[{"embeddable":true,"href":"https:\/\/e.kosmolat.eu\/lt\/wp-json\/wp\/v2\/media\/26752"}],"wp:attachment":[{"href":"https:\/\/e.kosmolat.eu\/lt\/wp-json\/wp\/v2\/media?parent=30043"}],"wp:term":[{"taxonomy":"product_cat","embeddable":true,"href":"https:\/\/e.kosmolat.eu\/lt\/wp-json\/wp\/v2\/product_cat?post=30043"},{"taxonomy":"product_tag","embeddable":true,"href":"https:\/\/e.kosmolat.eu\/lt\/wp-json\/wp\/v2\/product_tag?post=30043"}],"curies":[{"name":"wp","href":"https:\/\/api.w.org\/{rel}","templated":true}]}}