{"id":30039,"date":"2023-12-19T20:04:37","date_gmt":"2023-12-19T20:04:37","guid":{"rendered":"https:\/\/e.kosmolat.eu\/product\/vollare-pw-intens-balinoss-nakts-kr-sej-kakla-un-dekolte-z-adai-50-ml\/"},"modified":"2024-06-14T07:52:54","modified_gmt":"2024-06-14T07:52:54","slug":"vollare-pw-intens-balinoss-nakts-kr-sej-kakla-un-dekolte-z-adai-50-ml","status":"publish","type":"product","link":"https:\/\/e.kosmolat.eu\/lt\/produktas\/vollare-pw-intens-balinoss-nakts-kr-sej-kakla-un-dekolte-z-adai-50-ml\/","title":{"rendered":"VOLLARE Provi White Intensyviai balinantis naktinis kremas veidui, kaklui ir dekolt\u0117, 50 ml"},"content":{"rendered":"<p>Unikalus &scaron;viesinantis kompleksas suma\u017eina \u012fvairios kilm\u0117s am\u017eiaus d\u0117mi\u0173 atsiradim\u0105, netolyg\u0173 atspalv\u012f ir strazdanas. Provi White bioaktyvus kompleksas &ndash; tai moderni formul\u0117, kuri pa&scaron;alina pigmentacijos prie\u017eastis, suma\u017eindama melanino gamyb\u0105. Akivaizd\u017eiai pa&scaron;viesina ir i&scaron;lygina odos atspalv\u012f. Lygina, giliai maitina ir dr\u0117kina od\u0105, didina elastingum\u0105 ir skatina odos atsinaujinim\u0105 nakt\u012f, kai vyksta intensyvus l\u0105steli\u0173 atsinaujinimo procesas.<\/p>\n<p><strong>Naudojimas: <\/strong>kiekvien\u0105 vakar\u0105 prie&scaron; mieg\u0105 tepkite ant nuvalyto veido, kaklo ir dekolt\u0117 srities, &scaron;velniai masa\u017euokite pir&scaron;t\u0173 galiukais, kol visi&scaron;kai \u012fsigers. Taip pat rekomenduojama tepti ant \u012fvairi\u0173 odos viet\u0173 ir d\u0117mi\u0173. Balinimo efektas pastebimas po 2-3 savai\u010di\u0173 reguliaraus naudojimo.<br \/>\n&nbsp;<\/p>\n","protected":false},"excerpt":{"rendered":"<p>Unikalus &scaron;viesinantis kompleksas suma\u017eina \u012fvairios kilm\u0117s am\u017eiaus d\u0117mi\u0173 atsiradim\u0105, netolyg\u0173 atspalv\u012f ir strazdanas. Provi White bioaktyvus kompleksas &ndash; tai moderni formul\u0117, kuri pa&scaron;alina pigmentacijos prie\u017eastis, suma\u017eindama melanino gamyb\u0105. Akivaizd\u017eiai pa&scaron;viesina ir i&scaron;lygina odos atspalv\u012f. Lygina, giliai maitina ir dr\u0117kina od\u0105, didina elastingum\u0105 ir skatina odos atsinaujinim\u0105 nakt\u012f, kai vyksta intensyvus l\u0105steli\u0173 atsinaujinimo procesas. Naudojimas: kiekvien\u0105 [&#8230;]\n","protected":false},"featured_media":26746,"template":"","meta":[],"product_cat":[2181],"product_tag":[],"class_list":{"0":"post-30039","1":"product","2":"type-product","3":"status-publish","4":"has-post-thumbnail","6":"product_brand-malina-akcija-lt","7":"product_cat-bez-kategorijas-lt","9":"first","10":"outofstock","11":"taxable","12":"shipping-taxable","13":"product-type-simple"},"_links":{"self":[{"href":"https:\/\/e.kosmolat.eu\/lt\/wp-json\/wp\/v2\/product\/30039","targetHints":{"allow":["GET"]}}],"collection":[{"href":"https:\/\/e.kosmolat.eu\/lt\/wp-json\/wp\/v2\/product"}],"about":[{"href":"https:\/\/e.kosmolat.eu\/lt\/wp-json\/wp\/v2\/types\/product"}],"wp:featuredmedia":[{"embeddable":true,"href":"https:\/\/e.kosmolat.eu\/lt\/wp-json\/wp\/v2\/media\/26746"}],"wp:attachment":[{"href":"https:\/\/e.kosmolat.eu\/lt\/wp-json\/wp\/v2\/media?parent=30039"}],"wp:term":[{"taxonomy":"product_cat","embeddable":true,"href":"https:\/\/e.kosmolat.eu\/lt\/wp-json\/wp\/v2\/product_cat?post=30039"},{"taxonomy":"product_tag","embeddable":true,"href":"https:\/\/e.kosmolat.eu\/lt\/wp-json\/wp\/v2\/product_tag?post=30039"}],"curies":[{"name":"wp","href":"https:\/\/api.w.org\/{rel}","templated":true}]}}