{"id":30031,"date":"2023-12-19T20:03:49","date_gmt":"2023-12-19T20:03:49","guid":{"rendered":"https:\/\/e.kosmolat.eu\/product\/vollare-pw-intens-balinoss-roku-krems-75-ml\/"},"modified":"2025-03-20T06:25:07","modified_gmt":"2025-03-20T06:25:07","slug":"vollare-pw-intens-balinoss-roku-krems-75-ml","status":"publish","type":"product","link":"https:\/\/e.kosmolat.eu\/lt\/produktas\/vollare-pw-intens-balinoss-roku-krems-75-ml\/","title":{"rendered":"VOLLARE Provi White Intensyviai balinantis rank\u0173 kremas normaliai, sausai ir pa\u017eeistai odai, 75 ml"},"content":{"rendered":"<p>D\u0117ka &scaron;viesinan\u010di\u0173 veikli\u0173j\u0173 med\u017eiag\u0173, efektyviai balina rank\u0173 od\u0105, ma\u017eina pigmentacij\u0105 ir pa&scaron;alina netolyg\u0173 atspalv\u012f. Bioaktyvus kompleksas Provi White pa&scaron;alina pigmentacijos prie\u017eastis ir ma\u017eina melanino gamyb\u0105. Kremas nuolat dr\u0117kina, ramina ir gerina i&scaron;saus\u0117jusios rank\u0173 odos b\u016bkl\u0119, saugo nuo neigiamo i&scaron;orini\u0173 veiksni\u0173 poveikio, toki\u0173 kaip saul\u0117s spinduliai, vanduo, prausikliai ir mikropa\u017eeidimai, akimirksniu rank\u0173 od\u0105 padaro aksomin\u0119, lygi\u0105 ir elasting\u0105.<\/p>\n<p><strong>Naudojimas: <\/strong>&scaron;velniai \u012fmasa\u017euokite krem\u0105 \u012f rank\u0173 od\u0105. Tepkite 1-2 kartus per dien\u0105 arba nusiplov\u0119 rankas. Balinimo efektas pastebimas po 2-3 savai\u010di\u0173 reguliaraus naudojimo.<br \/>\n&nbsp;<\/p>\n","protected":false},"excerpt":{"rendered":"<p>D\u0117ka &scaron;viesinan\u010di\u0173 veikli\u0173j\u0173 med\u017eiag\u0173, efektyviai balina rank\u0173 od\u0105, ma\u017eina pigmentacij\u0105 ir pa&scaron;alina netolyg\u0173 atspalv\u012f. Bioaktyvus kompleksas Provi White pa&scaron;alina pigmentacijos prie\u017eastis ir ma\u017eina melanino gamyb\u0105. Kremas nuolat dr\u0117kina, ramina ir gerina i&scaron;saus\u0117jusios rank\u0173 odos b\u016bkl\u0119, saugo nuo neigiamo i&scaron;orini\u0173 veiksni\u0173 poveikio, toki\u0173 kaip saul\u0117s spinduliai, vanduo, prausikliai ir mikropa\u017eeidimai, akimirksniu rank\u0173 od\u0105 padaro aksomin\u0119, lygi\u0105 [&#8230;]\n","protected":false},"featured_media":26736,"template":"","meta":[],"product_cat":[1304],"product_tag":[],"class_list":{"0":"post-30031","1":"product","2":"type-product","3":"status-publish","4":"has-post-thumbnail","6":"product_brand-verona_pl-lt","7":"product_cat-ranku-prieziuros-kosmetika","9":"first","10":"outofstock","11":"taxable","12":"shipping-taxable","13":"product-type-simple"},"_links":{"self":[{"href":"https:\/\/e.kosmolat.eu\/lt\/wp-json\/wp\/v2\/product\/30031","targetHints":{"allow":["GET"]}}],"collection":[{"href":"https:\/\/e.kosmolat.eu\/lt\/wp-json\/wp\/v2\/product"}],"about":[{"href":"https:\/\/e.kosmolat.eu\/lt\/wp-json\/wp\/v2\/types\/product"}],"wp:featuredmedia":[{"embeddable":true,"href":"https:\/\/e.kosmolat.eu\/lt\/wp-json\/wp\/v2\/media\/26736"}],"wp:attachment":[{"href":"https:\/\/e.kosmolat.eu\/lt\/wp-json\/wp\/v2\/media?parent=30031"}],"wp:term":[{"taxonomy":"product_cat","embeddable":true,"href":"https:\/\/e.kosmolat.eu\/lt\/wp-json\/wp\/v2\/product_cat?post=30031"},{"taxonomy":"product_tag","embeddable":true,"href":"https:\/\/e.kosmolat.eu\/lt\/wp-json\/wp\/v2\/product_tag?post=30031"}],"curies":[{"name":"wp","href":"https:\/\/api.w.org\/{rel}","templated":true}]}}