{"id":30027,"date":"2023-12-19T20:03:29","date_gmt":"2023-12-19T20:03:29","guid":{"rendered":"https:\/\/e.kosmolat.eu\/product\/vollare-sejas-maska-maksimala-mitrinasana-2-x-5-ml\/"},"modified":"2024-06-14T07:52:43","modified_gmt":"2024-06-14T07:52:43","slug":"vollare-sejas-maska-maksimala-mitrinasana-2-x-5-ml","status":"publish","type":"product","link":"https:\/\/e.kosmolat.eu\/lt\/produktas\/vollare-sejas-maska-maksimala-mitrinasana-2-x-5-ml\/","title":{"rendered":"VOLLARE Veido kauk\u0117 Maksimalus dr\u0117kinimas, 2 x 5 ml"},"content":{"rendered":"<p>Trij\u0173 molekulini\u0173 svori\u0173 hialurono r\u016bg&scaron;ties, dumbli\u0173 ir vitamin\u0173 C ir E komplekso d\u0117ka kauk\u0117 puikiai dr\u0117kina, stabdo sen\u0117jim\u0105, padeda i&scaron;laikyti od\u0105 jaun\u0105 ir gaivi\u0105. Tinka visiems odos tipams.<\/p>\n<p><strong>Naudojimas:<\/strong> U\u017etepkite stor\u0105 kauk\u0117s sluoksn\u012f ant &scaron;varios veido, kaklo ir dekolt\u0117 odos, vengdami aki\u0173 ir l\u016bp\u0173. Palikite 10-15 min. Kauk\u0117s pertekli\u0173 \u012fmasa\u017euokite \u012f od\u0105 arba nuvalykite vatos diskeliu. Po kauk\u0117s tepkite veid\u0105 kremu.<br \/>\n&nbsp;<\/p>\n","protected":false},"excerpt":{"rendered":"<p>Trij\u0173 molekulini\u0173 svori\u0173 hialurono r\u016bg&scaron;ties, dumbli\u0173 ir vitamin\u0173 C ir E komplekso d\u0117ka kauk\u0117 puikiai dr\u0117kina, stabdo sen\u0117jim\u0105, padeda i&scaron;laikyti od\u0105 jaun\u0105 ir gaivi\u0105. Tinka visiems odos tipams. Naudojimas: U\u017etepkite stor\u0105 kauk\u0117s sluoksn\u012f ant &scaron;varios veido, kaklo ir dekolt\u0117 odos, vengdami aki\u0173 ir l\u016bp\u0173. Palikite 10-15 min. Kauk\u0117s pertekli\u0173 \u012fmasa\u017euokite \u012f od\u0105 arba nuvalykite vatos [&#8230;]\n","protected":false},"featured_media":26730,"template":"","meta":[],"product_cat":[2181],"product_tag":[],"class_list":{"0":"post-30027","1":"product","2":"type-product","3":"status-publish","4":"has-post-thumbnail","6":"product_brand-malina-akcija-lt","7":"product_cat-bez-kategorijas-lt","9":"first","10":"outofstock","11":"taxable","12":"shipping-taxable","13":"product-type-simple"},"_links":{"self":[{"href":"https:\/\/e.kosmolat.eu\/lt\/wp-json\/wp\/v2\/product\/30027","targetHints":{"allow":["GET"]}}],"collection":[{"href":"https:\/\/e.kosmolat.eu\/lt\/wp-json\/wp\/v2\/product"}],"about":[{"href":"https:\/\/e.kosmolat.eu\/lt\/wp-json\/wp\/v2\/types\/product"}],"wp:featuredmedia":[{"embeddable":true,"href":"https:\/\/e.kosmolat.eu\/lt\/wp-json\/wp\/v2\/media\/26730"}],"wp:attachment":[{"href":"https:\/\/e.kosmolat.eu\/lt\/wp-json\/wp\/v2\/media?parent=30027"}],"wp:term":[{"taxonomy":"product_cat","embeddable":true,"href":"https:\/\/e.kosmolat.eu\/lt\/wp-json\/wp\/v2\/product_cat?post=30027"},{"taxonomy":"product_tag","embeddable":true,"href":"https:\/\/e.kosmolat.eu\/lt\/wp-json\/wp\/v2\/product_tag?post=30027"}],"curies":[{"name":"wp","href":"https:\/\/api.w.org\/{rel}","templated":true}]}}