{"id":30023,"date":"2023-12-19T20:03:08","date_gmt":"2023-12-19T20:03:08","guid":{"rendered":"https:\/\/e.kosmolat.eu\/product\/vollare-sejas-maska-nevainojama-attirisana-2-x-5-ml\/"},"modified":"2024-06-14T07:44:51","modified_gmt":"2024-06-14T07:44:51","slug":"vollare-sejas-maska-nevainojama-attirisana-2-x-5-ml","status":"publish","type":"product","link":"https:\/\/e.kosmolat.eu\/lt\/produktas\/vollare-sejas-maska-nevainojama-attirisana-2-x-5-ml\/","title":{"rendered":"VOLLARE Veido kauk\u0117 Perfect Cleansing, 2 x 5 ml"},"content":{"rendered":"<p>Pasi\u017eymi stipriu valomuoju poveikiu. Pa&scaron;alina per dien\u0105 susikaupusius ne&scaron;varumus, oda i&scaron;valoma nuo riebal\u0173 pertekliaus, taip pa&scaron;alinant rieb\u0173 blizges\u012f. Aktyvintos anglies ir vitamino C kompleksas suvienodina odos atspalv\u012f.<\/p>\n<p><strong>Naudojimas: <\/strong>U\u017etepkite stor\u0105 kauk\u0117s sluoksn\u012f ant &scaron;varios veido, kaklo ir dekolt\u0117 odos, vengdami aki\u0173 ir l\u016bp\u0173. Palikite 10-15 min. Kauk\u0117s pertekli\u0173 \u012fmasa\u017euokite \u012f od\u0105 arba nuvalykite vatos diskeliu. Po kauk\u0117s tepkite veid\u0105 kremu.<br \/>\n&nbsp;<\/p>\n","protected":false},"excerpt":{"rendered":"<p>Pasi\u017eymi stipriu valomuoju poveikiu. Pa&scaron;alina per dien\u0105 susikaupusius ne&scaron;varumus, oda i&scaron;valoma nuo riebal\u0173 pertekliaus, taip pa&scaron;alinant rieb\u0173 blizges\u012f. Aktyvintos anglies ir vitamino C kompleksas suvienodina odos atspalv\u012f. Naudojimas: U\u017etepkite stor\u0105 kauk\u0117s sluoksn\u012f ant &scaron;varios veido, kaklo ir dekolt\u0117 odos, vengdami aki\u0173 ir l\u016bp\u0173. Palikite 10-15 min. Kauk\u0117s pertekli\u0173 \u012fmasa\u017euokite \u012f od\u0105 arba nuvalykite vatos diskeliu. [&#8230;]\n","protected":false},"featured_media":26726,"template":"","meta":[],"product_cat":[2181],"product_tag":[],"class_list":{"0":"post-30023","1":"product","2":"type-product","3":"status-publish","4":"has-post-thumbnail","6":"product_brand-malina-akcija-lt","7":"product_cat-bez-kategorijas-lt","9":"first","10":"outofstock","11":"taxable","12":"shipping-taxable","13":"product-type-simple"},"_links":{"self":[{"href":"https:\/\/e.kosmolat.eu\/lt\/wp-json\/wp\/v2\/product\/30023","targetHints":{"allow":["GET"]}}],"collection":[{"href":"https:\/\/e.kosmolat.eu\/lt\/wp-json\/wp\/v2\/product"}],"about":[{"href":"https:\/\/e.kosmolat.eu\/lt\/wp-json\/wp\/v2\/types\/product"}],"wp:featuredmedia":[{"embeddable":true,"href":"https:\/\/e.kosmolat.eu\/lt\/wp-json\/wp\/v2\/media\/26726"}],"wp:attachment":[{"href":"https:\/\/e.kosmolat.eu\/lt\/wp-json\/wp\/v2\/media?parent=30023"}],"wp:term":[{"taxonomy":"product_cat","embeddable":true,"href":"https:\/\/e.kosmolat.eu\/lt\/wp-json\/wp\/v2\/product_cat?post=30023"},{"taxonomy":"product_tag","embeddable":true,"href":"https:\/\/e.kosmolat.eu\/lt\/wp-json\/wp\/v2\/product_tag?post=30023"}],"curies":[{"name":"wp","href":"https:\/\/api.w.org\/{rel}","templated":true}]}}