{"id":30019,"date":"2023-12-19T20:02:47","date_gmt":"2023-12-19T20:02:47","guid":{"rendered":"https:\/\/e.kosmolat.eu\/product\/skinup-dermoseries-maska-express-lifting-2-x-5-ml\/"},"modified":"2024-06-14T08:09:20","modified_gmt":"2024-06-14T08:09:20","slug":"skinup-dermoseries-maska-express-lifting-2-x-5-ml","status":"publish","type":"product","link":"https:\/\/e.kosmolat.eu\/lt\/produktas\/skinup-dermoseries-maska-express-lifting-2-x-5-ml\/","title":{"rendered":"SKIN UP DermoSeries+ Kauk\u0117 Express Lifting, 2 x 5 ml"},"content":{"rendered":"<p>Kauk\u0117je esanti koloidinio aukso ir deimant\u0173 pudra intensyviai &scaron;viesina od\u0105. Argan\u0173 aliejus d\u0117l didelio vitamino E kiekio intensyviai dr\u0117kina ir maitina od\u0105. Raudon\u0173j\u0173 mikrodumbli\u0173 ekstraktas ant odos suformuoja plon\u0105 mikro tinklel\u012f, kuris padidina odos elastingum\u0105 ir stangrum\u0105. Veido oda tampa elastinga, lygi ir \u012fgauna jaunyst\u0117s spindesio.<\/p>\n<p><strong>Naudojimas: <\/strong>U\u017etepkite stor\u0105 kauk\u0117s sluoksn\u012f ant &scaron;varios veido, kaklo ir dekolt\u0117 odos, vengdami aki\u0173 ir l\u016bp\u0173. Palikite 10-15 min. Kauk\u0117s pertekli\u0173 \u012fmasa\u017euokite \u012f od\u0105 arba nuvalykite vatos diskeliu. Po kauk\u0117s tepkite veid\u0105 kremu.<br \/>\n&nbsp;<\/p>\n","protected":false},"excerpt":{"rendered":"<p>Kauk\u0117je esanti koloidinio aukso ir deimant\u0173 pudra intensyviai &scaron;viesina od\u0105. Argan\u0173 aliejus d\u0117l didelio vitamino E kiekio intensyviai dr\u0117kina ir maitina od\u0105. Raudon\u0173j\u0173 mikrodumbli\u0173 ekstraktas ant odos suformuoja plon\u0105 mikro tinklel\u012f, kuris padidina odos elastingum\u0105 ir stangrum\u0105. Veido oda tampa elastinga, lygi ir \u012fgauna jaunyst\u0117s spindesio. Naudojimas: U\u017etepkite stor\u0105 kauk\u0117s sluoksn\u012f ant &scaron;varios veido, kaklo [&#8230;]\n","protected":false},"featured_media":25429,"template":"","meta":[],"product_cat":[1369],"product_tag":[],"class_list":{"0":"post-30019","1":"product","2":"type-product","3":"status-publish","4":"has-post-thumbnail","6":"product_brand-malina-akcija-lt","7":"product_cat-veido-kaukes","9":"first","10":"outofstock","11":"taxable","12":"shipping-taxable","13":"product-type-simple"},"_links":{"self":[{"href":"https:\/\/e.kosmolat.eu\/lt\/wp-json\/wp\/v2\/product\/30019","targetHints":{"allow":["GET"]}}],"collection":[{"href":"https:\/\/e.kosmolat.eu\/lt\/wp-json\/wp\/v2\/product"}],"about":[{"href":"https:\/\/e.kosmolat.eu\/lt\/wp-json\/wp\/v2\/types\/product"}],"wp:featuredmedia":[{"embeddable":true,"href":"https:\/\/e.kosmolat.eu\/lt\/wp-json\/wp\/v2\/media\/25429"}],"wp:attachment":[{"href":"https:\/\/e.kosmolat.eu\/lt\/wp-json\/wp\/v2\/media?parent=30019"}],"wp:term":[{"taxonomy":"product_cat","embeddable":true,"href":"https:\/\/e.kosmolat.eu\/lt\/wp-json\/wp\/v2\/product_cat?post=30019"},{"taxonomy":"product_tag","embeddable":true,"href":"https:\/\/e.kosmolat.eu\/lt\/wp-json\/wp\/v2\/product_tag?post=30019"}],"curies":[{"name":"wp","href":"https:\/\/api.w.org\/{rel}","templated":true}]}}