{"id":30007,"date":"2023-12-19T20:02:00","date_gmt":"2023-12-19T20:02:00","guid":{"rendered":"https:\/\/e.kosmolat.eu\/product\/skinup-dermoseries-mitrinosa-maska-active-oxygenate-2-x-5-ml\/"},"modified":"2024-06-14T08:08:29","modified_gmt":"2024-06-14T08:08:29","slug":"skinup-dermoseries-mitrinosa-maska-active-oxygenate-2-x-5-ml","status":"publish","type":"product","link":"https:\/\/e.kosmolat.eu\/lt\/produktas\/skinup-dermoseries-mitrinosa-maska-active-oxygenate-2-x-5-ml\/","title":{"rendered":"SKIN UP DermoSeries+ Dr\u0117kinanti kauk\u0117 Active Oxygenate, 2 x 5 ml"},"content":{"rendered":"<p>Auk&scaron;tos koncentracijos hialurono r\u016bg&scaron;tis intensyviai dr\u0117kina, puikiai stangrina ir lygina od\u0105. Padeda palaikyti tinkam\u0105 odos pusiausvyr\u0105, suteikia jai &scaron;velnumo ir elastingumo. \u017dali\u0173j\u0173 dumbli\u0173 ekstraktas pasi\u017eymi regeneracin\u0117mis savyb\u0117mis, stiprina epidermio lipidin\u012f barjer\u0105. Veido oda ilgai i&scaron;lieka dr\u0117kinama, i&scaron;silygina smulkios rauk&scaron;lel\u0117s.<\/p>\n<p><strong>Naudojimas: <\/strong>U\u017etepkite stor\u0105 kauk\u0117s sluoksn\u012f ant &scaron;varios veido, kaklo ir dekolt\u0117 odos, vengdami aki\u0173 ir l\u016bp\u0173. Palikite 10-15 min. Kauk\u0117s pertekli\u0173 \u012fmasa\u017euokite \u012f od\u0105 arba nuvalykite vatos diskeliu. Po kauk\u0117s tepkite veid\u0105 kremu.<br \/>\n&nbsp;<\/p>\n","protected":false},"excerpt":{"rendered":"<p>Auk&scaron;tos koncentracijos hialurono r\u016bg&scaron;tis intensyviai dr\u0117kina, puikiai stangrina ir lygina od\u0105. Padeda palaikyti tinkam\u0105 odos pusiausvyr\u0105, suteikia jai &scaron;velnumo ir elastingumo. \u017dali\u0173j\u0173 dumbli\u0173 ekstraktas pasi\u017eymi regeneracin\u0117mis savyb\u0117mis, stiprina epidermio lipidin\u012f barjer\u0105. Veido oda ilgai i&scaron;lieka dr\u0117kinama, i&scaron;silygina smulkios rauk&scaron;lel\u0117s. Naudojimas: U\u017etepkite stor\u0105 kauk\u0117s sluoksn\u012f ant &scaron;varios veido, kaklo ir dekolt\u0117 odos, vengdami aki\u0173 ir l\u016bp\u0173. [&#8230;]\n","protected":false},"featured_media":26720,"template":"","meta":[],"product_cat":[1369],"product_tag":[],"class_list":{"0":"post-30007","1":"product","2":"type-product","3":"status-publish","4":"has-post-thumbnail","6":"product_brand-malina-akcija-lt","7":"product_cat-veido-kaukes","9":"first","10":"outofstock","11":"taxable","12":"shipping-taxable","13":"product-type-simple"},"_links":{"self":[{"href":"https:\/\/e.kosmolat.eu\/lt\/wp-json\/wp\/v2\/product\/30007","targetHints":{"allow":["GET"]}}],"collection":[{"href":"https:\/\/e.kosmolat.eu\/lt\/wp-json\/wp\/v2\/product"}],"about":[{"href":"https:\/\/e.kosmolat.eu\/lt\/wp-json\/wp\/v2\/types\/product"}],"wp:featuredmedia":[{"embeddable":true,"href":"https:\/\/e.kosmolat.eu\/lt\/wp-json\/wp\/v2\/media\/26720"}],"wp:attachment":[{"href":"https:\/\/e.kosmolat.eu\/lt\/wp-json\/wp\/v2\/media?parent=30007"}],"wp:term":[{"taxonomy":"product_cat","embeddable":true,"href":"https:\/\/e.kosmolat.eu\/lt\/wp-json\/wp\/v2\/product_cat?post=30007"},{"taxonomy":"product_tag","embeddable":true,"href":"https:\/\/e.kosmolat.eu\/lt\/wp-json\/wp\/v2\/product_tag?post=30007"}],"curies":[{"name":"wp","href":"https:\/\/api.w.org\/{rel}","templated":true}]}}