{"id":29995,"date":"2023-12-19T20:00:47","date_gmt":"2023-12-19T20:00:47","guid":{"rendered":"https:\/\/e.kosmolat.eu\/product\/skinup-dermoseries-atjaunojosa-maska-cellular-revival-2-x-5-ml\/"},"modified":"2024-06-14T08:03:56","modified_gmt":"2024-06-14T08:03:56","slug":"skinup-dermoseries-atjaunojosa-maska-cellular-revival-2-x-5-ml","status":"publish","type":"product","link":"https:\/\/e.kosmolat.eu\/lt\/produktas\/skinup-dermoseries-atjaunojosa-maska-cellular-revival-2-x-5-ml\/","title":{"rendered":"SKIN UP DermoSeries+ Naujinanti kauk\u0117 Cellular Revival, 2 x 5 ml"},"content":{"rendered":"<p>Alavij\u0173 ekstraktas pasi\u017eymi stipriu raminamuoju ir dr\u0117kinamuoju poveikiu, skatina sudirgusios odos regeneracij\u0105. Baltasis molis ramina ir maitina od\u0105, suteikdamas gaivinant\u012f poveik\u012f. Avokad\u0173 aliejus padeda palaikyti reikiam\u0105 hidratacijos lyg\u012f, kad oda b\u016bt\u0173 lygi, elastinga ir tolygaus tono.<\/p>\n<p><strong>Naudojimas: <\/strong>U\u017etepkite stor\u0105 kauk\u0117s sluoksn\u012f ant &scaron;varios veido, kaklo ir dekolt\u0117 odos, vengdami aki\u0173 ir l\u016bp\u0173. Palikite 10-15 min. Kauk\u0117s pertekli\u0173 \u012fmasa\u017euokite \u012f od\u0105 arba nuvalykite vatos diskeliu. Po kauk\u0117s tepkite veid\u0105 kremu.<br \/>\n&nbsp;<\/p>\n","protected":false},"excerpt":{"rendered":"<p>Alavij\u0173 ekstraktas pasi\u017eymi stipriu raminamuoju ir dr\u0117kinamuoju poveikiu, skatina sudirgusios odos regeneracij\u0105. Baltasis molis ramina ir maitina od\u0105, suteikdamas gaivinant\u012f poveik\u012f. Avokad\u0173 aliejus padeda palaikyti reikiam\u0105 hidratacijos lyg\u012f, kad oda b\u016bt\u0173 lygi, elastinga ir tolygaus tono. Naudojimas: U\u017etepkite stor\u0105 kauk\u0117s sluoksn\u012f ant &scaron;varios veido, kaklo ir dekolt\u0117 odos, vengdami aki\u0173 ir l\u016bp\u0173. Palikite 10-15 min. [&#8230;]\n","protected":false},"featured_media":26702,"template":"","meta":[],"product_cat":[1369],"product_tag":[],"class_list":{"0":"post-29995","1":"product","2":"type-product","3":"status-publish","4":"has-post-thumbnail","6":"product_brand-malina-akcija-lt","7":"product_cat-veido-kaukes","9":"first","10":"outofstock","11":"taxable","12":"shipping-taxable","13":"product-type-simple"},"_links":{"self":[{"href":"https:\/\/e.kosmolat.eu\/lt\/wp-json\/wp\/v2\/product\/29995","targetHints":{"allow":["GET"]}}],"collection":[{"href":"https:\/\/e.kosmolat.eu\/lt\/wp-json\/wp\/v2\/product"}],"about":[{"href":"https:\/\/e.kosmolat.eu\/lt\/wp-json\/wp\/v2\/types\/product"}],"wp:featuredmedia":[{"embeddable":true,"href":"https:\/\/e.kosmolat.eu\/lt\/wp-json\/wp\/v2\/media\/26702"}],"wp:attachment":[{"href":"https:\/\/e.kosmolat.eu\/lt\/wp-json\/wp\/v2\/media?parent=29995"}],"wp:term":[{"taxonomy":"product_cat","embeddable":true,"href":"https:\/\/e.kosmolat.eu\/lt\/wp-json\/wp\/v2\/product_cat?post=29995"},{"taxonomy":"product_tag","embeddable":true,"href":"https:\/\/e.kosmolat.eu\/lt\/wp-json\/wp\/v2\/product_tag?post=29995"}],"curies":[{"name":"wp","href":"https:\/\/api.w.org\/{rel}","templated":true}]}}