{"id":29939,"date":"2023-12-19T19:56:42","date_gmt":"2023-12-19T19:56:42","guid":{"rendered":"https:\/\/e.kosmolat.eu\/product\/deba-nb-maska-krasotiem-matiem-ar-granatabola-ekstr-arganellu-500-ml\/"},"modified":"2026-04-20T10:18:30","modified_gmt":"2026-04-20T10:18:30","slug":"deba-nb-maska-krasotiem-matiem-ar-granatabola-ekstr-arganellu-500-ml","status":"publish","type":"product","link":"https:\/\/e.kosmolat.eu\/lt\/produktas\/deba-nb-maska-krasotiem-matiem-ar-granatabola-ekstr-arganellu-500-ml\/","title":{"rendered":"DEBA Natural Beauty Kauk\u0117 da\u017eytiems plaukams su granat\u0173 ekstraktu ir argano aliejumi, 500 ml"},"content":{"rendered":"<p>Sud\u0117tyje yra 96% nat\u016brali\u0173 ingredient\u0173. Suteikia plaukams &scaron;velnumo, elastingumo ir gyvybingumo, i&scaron;laikant da\u017eyt\u0173 plauk\u0173 spalv\u0105.<\/p>\n<p><strong>Naudojimas:<\/strong> tepkite ant i&scaron;plaut\u0173 plauk\u0173, ypating\u0105 d\u0117mes\u012f skirdami sausiems galiukams. Palikite kelet\u0105 minu\u010di\u0173 ir nuplaukite vandeni<br \/>\n&nbsp;<\/p>\n","protected":false},"excerpt":{"rendered":"<p>Sud\u0117tyje yra 96% nat\u016brali\u0173 ingredient\u0173. Suteikia plaukams &scaron;velnumo, elastingumo ir gyvybingumo, i&scaron;laikant da\u017eyt\u0173 plauk\u0173 spalv\u0105. Naudojimas: tepkite ant i&scaron;plaut\u0173 plauk\u0173, ypating\u0105 d\u0117mes\u012f skirdami sausiems galiukams. Palikite kelet\u0105 minu\u010di\u0173 ir nuplaukite vandeni &nbsp;<\/p>\n","protected":false},"featured_media":100560,"template":"","meta":[],"product_cat":[1256],"product_tag":[],"class_list":{"0":"post-29939","1":"product","2":"type-product","3":"status-publish","4":"has-post-thumbnail","6":"product_brand-rubella-bg-lt","7":"product_cat-plauku-kaukes","9":"first","10":"instock","11":"taxable","12":"shipping-taxable","13":"product-type-simple"},"_links":{"self":[{"href":"https:\/\/e.kosmolat.eu\/lt\/wp-json\/wp\/v2\/product\/29939","targetHints":{"allow":["GET"]}}],"collection":[{"href":"https:\/\/e.kosmolat.eu\/lt\/wp-json\/wp\/v2\/product"}],"about":[{"href":"https:\/\/e.kosmolat.eu\/lt\/wp-json\/wp\/v2\/types\/product"}],"wp:featuredmedia":[{"embeddable":true,"href":"https:\/\/e.kosmolat.eu\/lt\/wp-json\/wp\/v2\/media\/100560"}],"wp:attachment":[{"href":"https:\/\/e.kosmolat.eu\/lt\/wp-json\/wp\/v2\/media?parent=29939"}],"wp:term":[{"taxonomy":"product_cat","embeddable":true,"href":"https:\/\/e.kosmolat.eu\/lt\/wp-json\/wp\/v2\/product_cat?post=29939"},{"taxonomy":"product_tag","embeddable":true,"href":"https:\/\/e.kosmolat.eu\/lt\/wp-json\/wp\/v2\/product_tag?post=29939"}],"curies":[{"name":"wp","href":"https:\/\/api.w.org\/{rel}","templated":true}]}}