{"id":29935,"date":"2023-12-19T19:56:21","date_gmt":"2023-12-19T19:56:21","guid":{"rendered":"https:\/\/e.kosmolat.eu\/product\/deba-nb-hinina-udens-matiem-150-ml\/"},"modified":"2026-04-20T08:10:28","modified_gmt":"2026-04-20T08:10:28","slug":"deba-nb-hinina-udens-matiem-150-ml","status":"publish","type":"product","link":"https:\/\/e.kosmolat.eu\/lt\/produktas\/deba-nb-hinina-udens-matiem-150-ml\/","title":{"rendered":"DEBA Natural Beauty Chinine vanduo plaukams, 150 ml"},"content":{"rendered":"<p>Chinino med\u017eio \u017eiev\u0117s ekstraktas yra nat\u016bralus produktas, kuris aktyviai dalyvauja kovojant su plauk\u0173 slinkimu, stiprina plaukus ir greitina j\u0173 augim\u0105. Lengvai \u012fsigeria \u012f galvos od\u0105 ir teigiamai veikia nauj\u0173 plauk\u0173 augim\u0105.<\/p>\n<p><strong>Naudojimas: <\/strong>Tepkite ant i&scaron;plaut\u0173 plauk\u0173 &scaron;akn\u0173 ir gerai \u012fmasa\u017euokite. Neplaukite. Nor\u0117dami gauti ry&scaron;kesn\u012f blizges\u012f ir &scaron;velnum\u0105, naudokite kartu su kitais DeBa Natural Beauty linijos produktais.<br \/>\n&nbsp;<\/p>\n","protected":false},"excerpt":{"rendered":"<p>Chinino med\u017eio \u017eiev\u0117s ekstraktas yra nat\u016bralus produktas, kuris aktyviai dalyvauja kovojant su plauk\u0173 slinkimu, stiprina plaukus ir greitina j\u0173 augim\u0105. Lengvai \u012fsigeria \u012f galvos od\u0105 ir teigiamai veikia nauj\u0173 plauk\u0173 augim\u0105. Naudojimas: Tepkite ant i&scaron;plaut\u0173 plauk\u0173 &scaron;akn\u0173 ir gerai \u012fmasa\u017euokite. Neplaukite. Nor\u0117dami gauti ry&scaron;kesn\u012f blizges\u012f ir &scaron;velnum\u0105, naudokite kartu su kitais DeBa Natural Beauty linijos [&#8230;]\n","protected":false},"featured_media":101198,"template":"","meta":[],"product_cat":[1345],"product_tag":[],"class_list":{"0":"post-29935","1":"product","2":"type-product","3":"status-publish","4":"has-post-thumbnail","6":"product_brand-rubella-bg-lt","7":"product_cat-kitos-plauku-prieziuros-priemones","9":"first","10":"instock","11":"taxable","12":"shipping-taxable","13":"product-type-simple"},"_links":{"self":[{"href":"https:\/\/e.kosmolat.eu\/lt\/wp-json\/wp\/v2\/product\/29935","targetHints":{"allow":["GET"]}}],"collection":[{"href":"https:\/\/e.kosmolat.eu\/lt\/wp-json\/wp\/v2\/product"}],"about":[{"href":"https:\/\/e.kosmolat.eu\/lt\/wp-json\/wp\/v2\/types\/product"}],"wp:featuredmedia":[{"embeddable":true,"href":"https:\/\/e.kosmolat.eu\/lt\/wp-json\/wp\/v2\/media\/101198"}],"wp:attachment":[{"href":"https:\/\/e.kosmolat.eu\/lt\/wp-json\/wp\/v2\/media?parent=29935"}],"wp:term":[{"taxonomy":"product_cat","embeddable":true,"href":"https:\/\/e.kosmolat.eu\/lt\/wp-json\/wp\/v2\/product_cat?post=29935"},{"taxonomy":"product_tag","embeddable":true,"href":"https:\/\/e.kosmolat.eu\/lt\/wp-json\/wp\/v2\/product_tag?post=29935"}],"curies":[{"name":"wp","href":"https:\/\/api.w.org\/{rel}","templated":true}]}}