{"id":29923,"date":"2023-12-19T19:55:41","date_gmt":"2023-12-19T19:55:41","guid":{"rendered":"https:\/\/e.kosmolat.eu\/product\/deba-nb-sampuns-kras-matiem-ar-granatabolu-arganellu-500-ml\/"},"modified":"2026-04-22T08:24:21","modified_gmt":"2026-04-22T08:24:21","slug":"deba-nb-sampuns-kras-matiem-ar-granatabolu-arganellu-500-ml","status":"publish","type":"product","link":"https:\/\/e.kosmolat.eu\/lt\/produktas\/deba-nb-sampuns-kras-matiem-ar-granatabolu-arganellu-500-ml\/","title":{"rendered":"DEBA Natural Beauty \u0160amp\u016bnas da\u017eytiems plaukams, 500 ml"},"content":{"rendered":"<p>Veikliosios med\u017eiagos: granat\u0173 ekstraktas &ndash; i&scaron;saugo da\u017eyt\u0173 plauk\u0173 spalv\u0105, argan\u0173 aliejus &ndash; maitina. Sud\u0117tyje yra 91% nat\u016brali\u0173 ingredient\u0173.<br \/>\nSuteikia plaukams &scaron;velnumo, elastingumo ir gyvybingumo, i&scaron;laikant da\u017eyt\u0173 plauk\u0173 spalv\u0105.<\/p>\n<p><strong>Naudojimas:<\/strong> Tepkite ant dr\u0117gn\u0173 plauk\u0173 masa\u017eo judesiais, tada gerai i&scaron;skalaukite vandeniu. Nor\u0117dami pasiekti optimal\u0173 rezultat\u0105, naudokite kartu su DeBa Natural Beauty Conditioner. Patekus \u012f akis, plauti dideliu kiekiu vandens.<br \/>\n&nbsp;<\/p>\n","protected":false},"excerpt":{"rendered":"<p>Veikliosios med\u017eiagos: granat\u0173 ekstraktas &ndash; i&scaron;saugo da\u017eyt\u0173 plauk\u0173 spalv\u0105, argan\u0173 aliejus &ndash; maitina. Sud\u0117tyje yra 91% nat\u016brali\u0173 ingredient\u0173. Suteikia plaukams &scaron;velnumo, elastingumo ir gyvybingumo, i&scaron;laikant da\u017eyt\u0173 plauk\u0173 spalv\u0105. Naudojimas: Tepkite ant dr\u0117gn\u0173 plauk\u0173 masa\u017eo judesiais, tada gerai i&scaron;skalaukite vandeniu. Nor\u0117dami pasiekti optimal\u0173 rezultat\u0105, naudokite kartu su DeBa Natural Beauty Conditioner. Patekus \u012f akis, plauti dideliu [&#8230;]\n","protected":false},"featured_media":101194,"template":"","meta":[],"product_cat":[2181],"product_tag":[],"class_list":{"0":"post-29923","1":"product","2":"type-product","3":"status-publish","4":"has-post-thumbnail","6":"product_brand-rubella-bg-lt","7":"product_cat-bez-kategorijas-lt","9":"first","10":"instock","11":"taxable","12":"shipping-taxable","13":"product-type-simple"},"_links":{"self":[{"href":"https:\/\/e.kosmolat.eu\/lt\/wp-json\/wp\/v2\/product\/29923","targetHints":{"allow":["GET"]}}],"collection":[{"href":"https:\/\/e.kosmolat.eu\/lt\/wp-json\/wp\/v2\/product"}],"about":[{"href":"https:\/\/e.kosmolat.eu\/lt\/wp-json\/wp\/v2\/types\/product"}],"wp:featuredmedia":[{"embeddable":true,"href":"https:\/\/e.kosmolat.eu\/lt\/wp-json\/wp\/v2\/media\/101194"}],"wp:attachment":[{"href":"https:\/\/e.kosmolat.eu\/lt\/wp-json\/wp\/v2\/media?parent=29923"}],"wp:term":[{"taxonomy":"product_cat","embeddable":true,"href":"https:\/\/e.kosmolat.eu\/lt\/wp-json\/wp\/v2\/product_cat?post=29923"},{"taxonomy":"product_tag","embeddable":true,"href":"https:\/\/e.kosmolat.eu\/lt\/wp-json\/wp\/v2\/product_tag?post=29923"}],"curies":[{"name":"wp","href":"https:\/\/api.w.org\/{rel}","templated":true}]}}