{"id":29919,"date":"2023-12-19T19:55:19","date_gmt":"2023-12-19T19:55:19","guid":{"rendered":"https:\/\/e.kosmolat.eu\/product\/deba-nb-krems-mitrin-uzturesanai-ar-vinogu-ellu-un-e-vit-200-ml\/"},"modified":"2025-01-28T11:18:18","modified_gmt":"2025-01-28T11:18:18","slug":"deba-nb-krems-mitrin-uzturesanai-ar-vinogu-ellu-un-e-vit-200-ml","status":"publish","type":"product","link":"https:\/\/e.kosmolat.eu\/lt\/produktas\/deba-nb-krems-mitrin-uzturesanai-ar-vinogu-ellu-un-e-vit-200-ml\/","title":{"rendered":"DEBA Natural Beauty Dr\u0117kinamasis kremas su vynuogi\u0173 kauliuk\u0173 aliejumi ir vitaminu E, 200 ml"},"content":{"rendered":"<p>Palaiko apsaugines odos funkcijas, gerina odos b\u016bkl\u0119. Suma\u017eina odos sen\u0117jimo po\u017eymi\u0173 atsiradim\u0105. Jis neturi riebios tekst\u016bros ir greitai susigeria. Vis\u0173 tip\u0173 odai.<\/p>\n<p><strong>Naudojimas: <\/strong>lengvais masa\u017eo judesiais tepkite krem\u0105 ant norimos vietos.<br \/>\n&nbsp;<\/p>\n","protected":false},"excerpt":{"rendered":"<p>Palaiko apsaugines odos funkcijas, gerina odos b\u016bkl\u0119. Suma\u017eina odos sen\u0117jimo po\u017eymi\u0173 atsiradim\u0105. Jis neturi riebios tekst\u016bros ir greitai susigeria. Vis\u0173 tip\u0173 odai. Naudojimas: lengvais masa\u017eo judesiais tepkite krem\u0105 ant norimos vietos. &nbsp;<\/p>\n","protected":false},"featured_media":26626,"template":"","meta":[],"product_cat":[1322],"product_tag":[],"class_list":{"0":"post-29919","1":"product","2":"type-product","3":"status-publish","4":"has-post-thumbnail","6":"product_brand-rubella-inopharm-dental-deba-mistergroomer-topten-quackquack-lt","7":"product_cat-veido-kremai","9":"first","10":"outofstock","11":"taxable","12":"shipping-taxable","13":"product-type-simple"},"_links":{"self":[{"href":"https:\/\/e.kosmolat.eu\/lt\/wp-json\/wp\/v2\/product\/29919","targetHints":{"allow":["GET"]}}],"collection":[{"href":"https:\/\/e.kosmolat.eu\/lt\/wp-json\/wp\/v2\/product"}],"about":[{"href":"https:\/\/e.kosmolat.eu\/lt\/wp-json\/wp\/v2\/types\/product"}],"wp:featuredmedia":[{"embeddable":true,"href":"https:\/\/e.kosmolat.eu\/lt\/wp-json\/wp\/v2\/media\/26626"}],"wp:attachment":[{"href":"https:\/\/e.kosmolat.eu\/lt\/wp-json\/wp\/v2\/media?parent=29919"}],"wp:term":[{"taxonomy":"product_cat","embeddable":true,"href":"https:\/\/e.kosmolat.eu\/lt\/wp-json\/wp\/v2\/product_cat?post=29919"},{"taxonomy":"product_tag","embeddable":true,"href":"https:\/\/e.kosmolat.eu\/lt\/wp-json\/wp\/v2\/product_tag?post=29919"}],"curies":[{"name":"wp","href":"https:\/\/api.w.org\/{rel}","templated":true}]}}