{"id":29903,"date":"2023-12-19T19:54:17","date_gmt":"2023-12-19T19:54:17","guid":{"rendered":"https:\/\/e.kosmolat.eu\/product\/deba-pure-clay-attirosas-maskas-3-veidi\/"},"modified":"2026-04-22T08:24:05","modified_gmt":"2026-04-22T08:24:05","slug":"deba-pure-clay-attirosas-maskas-3-veidi","status":"publish","type":"product","link":"https:\/\/e.kosmolat.eu\/lt\/produktas\/deba-pure-clay-attirosas-maskas-3-veidi\/","title":{"rendered":"DEBA Pure Clay Valan\u010dios kauk\u0117s, 3 r\u016b\u0161ys x 7 ml"},"content":{"rendered":"<p><strong>3 skirtingos veido kauk\u0117s:<\/strong><\/p>\n<p><strong>1. Giliai valanti kauk\u0117 su aktyvuota anglimi, kaolinu ir vitaminu E. <\/strong>Lengvai pa&scaron;alina ne&scaron;varumus. Aktyvuota anglis valo poras, vitaminas E maitina ir gerina odos elastingum\u0105. Tinka visiems odos tipams.<br \/>\n<strong>2. Valomoji kauk\u0117 su moliu ir eukalipto aliejumi. <\/strong>Produkto formul\u0117 u\u017etikrina gil\u0173 odos valym\u0105 ir dr\u0117kinim\u0105 jos nepersausinant. Baltasis molis yra nat\u016bralus absorbentas ir efektyviai pa&scaron;alina ne&scaron;varumus bei riebal\u0173 pertekli\u0173. Vitaminas E maitina ir gerina elastingum\u0105. Tinka normaliai ir mi&scaron;riai odai.<br \/>\n<strong>3. Valanti kauk\u0117 su moliu ir aktyvuota anglimi. <\/strong>Formul\u0117, praturtinta nat\u016braliais ingredientais, &scaron;velniai nu&scaron;vei\u010dia odos l\u0105steles ir pary&scaron;kina odos atspalv\u012f. Molis pa&scaron;alina ne&scaron;varumus, maitina ir gaivina od\u0105. Aktyvuota anglis sugeria riebal\u0173 pertekli\u0173. Vitaminas E gerina odos elastingum\u0105. Tinka normaliai ir riebiai odai.<\/p>\n<p><strong>Naudojimas: <\/strong>Tepkite ant &scaron;varios odos, palikite 10-15 minu\u010di\u0173, kol i&scaron;d\u017eius, tada nuplaukite &scaron;iltu vandeniu. Venkite aki\u0173 ir l\u016bp\u0173 srities. Taikyti 2-3 kartus per savait\u0119.<br \/>\n&nbsp;<\/p>\n","protected":false},"excerpt":{"rendered":"<p>3 skirtingos veido kauk\u0117s: 1. Giliai valanti kauk\u0117 su aktyvuota anglimi, kaolinu ir vitaminu E. Lengvai pa&scaron;alina ne&scaron;varumus. Aktyvuota anglis valo poras, vitaminas E maitina ir gerina odos elastingum\u0105. Tinka visiems odos tipams. 2. Valomoji kauk\u0117 su moliu ir eukalipto aliejumi. Produkto formul\u0117 u\u017etikrina gil\u0173 odos valym\u0105 ir dr\u0117kinim\u0105 jos nepersausinant. Baltasis molis yra nat\u016bralus [&#8230;]\n","protected":false},"featured_media":98864,"template":"","meta":[],"product_cat":[2181],"product_tag":[],"class_list":{"0":"post-29903","1":"product","2":"type-product","3":"status-publish","4":"has-post-thumbnail","6":"product_brand-rubella-bg-lt","7":"product_cat-bez-kategorijas-lt","9":"first","10":"instock","11":"taxable","12":"shipping-taxable","13":"product-type-simple"},"_links":{"self":[{"href":"https:\/\/e.kosmolat.eu\/lt\/wp-json\/wp\/v2\/product\/29903","targetHints":{"allow":["GET"]}}],"collection":[{"href":"https:\/\/e.kosmolat.eu\/lt\/wp-json\/wp\/v2\/product"}],"about":[{"href":"https:\/\/e.kosmolat.eu\/lt\/wp-json\/wp\/v2\/types\/product"}],"wp:featuredmedia":[{"embeddable":true,"href":"https:\/\/e.kosmolat.eu\/lt\/wp-json\/wp\/v2\/media\/98864"}],"wp:attachment":[{"href":"https:\/\/e.kosmolat.eu\/lt\/wp-json\/wp\/v2\/media?parent=29903"}],"wp:term":[{"taxonomy":"product_cat","embeddable":true,"href":"https:\/\/e.kosmolat.eu\/lt\/wp-json\/wp\/v2\/product_cat?post=29903"},{"taxonomy":"product_tag","embeddable":true,"href":"https:\/\/e.kosmolat.eu\/lt\/wp-json\/wp\/v2\/product_tag?post=29903"}],"curies":[{"name":"wp","href":"https:\/\/api.w.org\/{rel}","templated":true}]}}