{"id":29895,"date":"2023-12-19T19:53:52","date_gmt":"2023-12-19T19:53:52","guid":{"rendered":"https:\/\/e.kosmolat.eu\/product\/deba-vitamin-c-serums-adai-ap-acim-15-ml\/"},"modified":"2026-04-23T07:16:05","modified_gmt":"2026-04-23T07:16:05","slug":"deba-vitamin-c-serums-adai-ap-acim-15-ml","status":"publish","type":"product","link":"https:\/\/e.kosmolat.eu\/lt\/produktas\/deba-vitamin-c-serums-adai-ap-acim-15-ml\/","title":{"rendered":"DEBA Vitamin C Serumas odai aplink akis, 15 ml"},"content":{"rendered":"<p>Efektyviai ma\u017eina nuovargio po\u017eymius, ratilus ir paburkim\u0105 aplink akis. Tinka visiems odos tipams. Kasdieniniam naudojimui.<\/p>\n<p>Sud\u0117tyje yra &scaron;i\u0173 veikli\u0173j\u0173 med\u017eiag\u0173:<\/p>\n<ul>\n<li>Vitaminas C &ndash; stiprus antioksidantas, lygina ir skaistina veido spalv\u0105;<\/li>\n<li>Hialurono r\u016bg&scaron;tis &ndash; palaiko hidratacij\u0105, padeda palaikyti optimal\u0173 dr\u0117gm\u0117s lyg\u012f odoje;<\/li>\n<li>Geben\u0117s ekstraktas &ndash; &scaron;viesina aki\u0173 kont\u016br\u0105;<\/li>\n<li>Pleurimincilas &ndash; stangrina ir lygina od\u0105.<\/li>\n<\/ul>\n<p><strong>Naudojimas:<\/strong> Serum\u0105 aplikatoriumi u\u017etepkite aki\u0173 kont\u016bro srityje ir &scaron;velniai paskirstykite nuo i&scaron;orinio iki vidinio akies kampo. Metalinis aplikatorius turi malon\u0173 v\u0117sinant\u012f poveik\u012f ir palengvina produkto u\u017etepim\u0105. Venkite patekimo \u012f akis<br \/>\n&nbsp;<\/p>\n","protected":false},"excerpt":{"rendered":"<p>Efektyviai ma\u017eina nuovargio po\u017eymius, ratilus ir paburkim\u0105 aplink akis. Tinka visiems odos tipams. Kasdieniniam naudojimui. Sud\u0117tyje yra &scaron;i\u0173 veikli\u0173j\u0173 med\u017eiag\u0173: Vitaminas C &ndash; stiprus antioksidantas, lygina ir skaistina veido spalv\u0105; Hialurono r\u016bg&scaron;tis &ndash; palaiko hidratacij\u0105, padeda palaikyti optimal\u0173 dr\u0117gm\u0117s lyg\u012f odoje; Geben\u0117s ekstraktas &ndash; &scaron;viesina aki\u0173 kont\u016br\u0105; Pleurimincilas &ndash; stangrina ir lygina od\u0105. Naudojimas: Serum\u0105 [&#8230;]\n","protected":false},"featured_media":102222,"template":"","meta":[],"product_cat":[1327],"product_tag":[],"class_list":{"0":"post-29895","1":"product","2":"type-product","3":"status-publish","4":"has-post-thumbnail","6":"product_brand-rubella-bg-lt","7":"product_cat-serumai","9":"first","10":"instock","11":"taxable","12":"shipping-taxable","13":"product-type-simple"},"_links":{"self":[{"href":"https:\/\/e.kosmolat.eu\/lt\/wp-json\/wp\/v2\/product\/29895","targetHints":{"allow":["GET"]}}],"collection":[{"href":"https:\/\/e.kosmolat.eu\/lt\/wp-json\/wp\/v2\/product"}],"about":[{"href":"https:\/\/e.kosmolat.eu\/lt\/wp-json\/wp\/v2\/types\/product"}],"wp:featuredmedia":[{"embeddable":true,"href":"https:\/\/e.kosmolat.eu\/lt\/wp-json\/wp\/v2\/media\/102222"}],"wp:attachment":[{"href":"https:\/\/e.kosmolat.eu\/lt\/wp-json\/wp\/v2\/media?parent=29895"}],"wp:term":[{"taxonomy":"product_cat","embeddable":true,"href":"https:\/\/e.kosmolat.eu\/lt\/wp-json\/wp\/v2\/product_cat?post=29895"},{"taxonomy":"product_tag","embeddable":true,"href":"https:\/\/e.kosmolat.eu\/lt\/wp-json\/wp\/v2\/product_tag?post=29895"}],"curies":[{"name":"wp","href":"https:\/\/api.w.org\/{rel}","templated":true}]}}