{"id":29879,"date":"2023-12-19T19:52:31","date_gmt":"2023-12-19T19:52:31","guid":{"rendered":"https:\/\/e.kosmolat.eu\/product\/dental-dream-sc-zobu-pasta-repair-protect-75-ml\/"},"modified":"2026-04-22T09:08:51","modified_gmt":"2026-04-22T09:08:51","slug":"dental-dream-sc-zobu-pasta-repair-protect-75-ml","status":"publish","type":"product","link":"https:\/\/e.kosmolat.eu\/lt\/produktas\/dental-dream-sc-zobu-pasta-repair-protect-75-ml\/","title":{"rendered":"DENTAL DREAM Dant\u0173 pasta Special Care Repair &#038; Protect, 75 ml"},"content":{"rendered":"<p>Dant\u0173 pastoje yra ingredient\u0173 derinys, u\u017etikrinantis nat\u016brali\u0105 apsaug\u0105 ir dant\u0173 bei danten\u0173 lig\u0173 prevencij\u0105. Spirulinos ekstraktas maitina burnos gleivin\u0119, j\u016bros druskos gerina bendr\u0105 danten\u0173 ir dant\u0173 b\u016bkl\u0119, cinko citratas neleid\u017eia vystytis mikroorganizmams burnos ertm\u0117je.<\/p>\n<p><strong>Naudojimas: <\/strong>nedidel\u012f kiek\u012f pastos u\u017etepkite ant &scaron;lapio &scaron;epet\u0117lio, kruop&scaron;\u010diai i&scaron;sivalykite dantis, praskalaukite burn\u0105 vandeniu. Naudokite bent 2 kartus per dien\u0105.<\/p>\n<p><strong>Atsargumo priemon\u0117s:<\/strong> neprarykite! Tik suaugusiems. Sud\u0117tyje yra natrio fluorido. Fluoro mas\u0117s dalis 0,145% F- (1450 ppm).<\/p>\n<p><strong>Laikymo s\u0105lygos: <\/strong>laikyti sausose patalpose nuo 0 &deg;C iki +30 &deg;C temperat\u016broje, ne ma\u017eesniu kaip 1 m atstumu nuo &scaron;ildymo prietais\u0173. Nelaikykite tiesioginiuose saul\u0117s spinduliuose. Laikyti vaikams nepasiekiamoje vietoje.<br \/>\n&nbsp;<\/p>\n","protected":false},"excerpt":{"rendered":"<p>Dant\u0173 pastoje yra ingredient\u0173 derinys, u\u017etikrinantis nat\u016brali\u0105 apsaug\u0105 ir dant\u0173 bei danten\u0173 lig\u0173 prevencij\u0105. Spirulinos ekstraktas maitina burnos gleivin\u0119, j\u016bros druskos gerina bendr\u0105 danten\u0173 ir dant\u0173 b\u016bkl\u0119, cinko citratas neleid\u017eia vystytis mikroorganizmams burnos ertm\u0117je. Naudojimas: nedidel\u012f kiek\u012f pastos u\u017etepkite ant &scaron;lapio &scaron;epet\u0117lio, kruop&scaron;\u010diai i&scaron;sivalykite dantis, praskalaukite burn\u0105 vandeniu. Naudokite bent 2 kartus per dien\u0105. Atsargumo [&#8230;]\n","protected":false},"featured_media":101190,"template":"","meta":[],"product_cat":[2181],"product_tag":[],"class_list":{"0":"post-29879","1":"product","2":"type-product","3":"status-publish","4":"has-post-thumbnail","6":"product_brand-rubella-bg-lt","7":"product_cat-bez-kategorijas-lt","9":"first","10":"instock","11":"taxable","12":"shipping-taxable","13":"product-type-simple"},"_links":{"self":[{"href":"https:\/\/e.kosmolat.eu\/lt\/wp-json\/wp\/v2\/product\/29879","targetHints":{"allow":["GET"]}}],"collection":[{"href":"https:\/\/e.kosmolat.eu\/lt\/wp-json\/wp\/v2\/product"}],"about":[{"href":"https:\/\/e.kosmolat.eu\/lt\/wp-json\/wp\/v2\/types\/product"}],"wp:featuredmedia":[{"embeddable":true,"href":"https:\/\/e.kosmolat.eu\/lt\/wp-json\/wp\/v2\/media\/101190"}],"wp:attachment":[{"href":"https:\/\/e.kosmolat.eu\/lt\/wp-json\/wp\/v2\/media?parent=29879"}],"wp:term":[{"taxonomy":"product_cat","embeddable":true,"href":"https:\/\/e.kosmolat.eu\/lt\/wp-json\/wp\/v2\/product_cat?post=29879"},{"taxonomy":"product_tag","embeddable":true,"href":"https:\/\/e.kosmolat.eu\/lt\/wp-json\/wp\/v2\/product_tag?post=29879"}],"curies":[{"name":"wp","href":"https:\/\/api.w.org\/{rel}","templated":true}]}}