{"id":29875,"date":"2023-12-19T19:52:09","date_gmt":"2023-12-19T19:52:09","guid":{"rendered":"https:\/\/e.kosmolat.eu\/product\/dental-dream-sc-zobu-pasta-ar-aktivo-skab-whitening-care-75-ml\/"},"modified":"2026-04-22T09:08:34","modified_gmt":"2026-04-22T09:08:34","slug":"dental-dream-sc-zobu-pasta-ar-aktivo-skab-whitening-care-75-ml","status":"publish","type":"product","link":"https:\/\/e.kosmolat.eu\/lt\/produktas\/dental-dream-sc-zobu-pasta-ar-aktivo-skab-whitening-care-75-ml\/","title":{"rendered":"DENTAL DREAM Dant\u0173 pasta su aktyviuoju deguonimi Special Care Whitening Care, 75 ml"},"content":{"rendered":"<p>Dant\u0173 pasta sukurta pagal micelin\u0119 formul\u0119, praturtint\u0105 aktyviu deguonimi. Jo naudojimas u\u017etikrina efektyv\u0173 valym\u0105, neleid\u017eia susidaryti apna&scaron;oms ir blogam burnos kvapui. Valymo metu susidariusios gausios putos lengvai pasiekia sunkiai pasiekiamas burnos ertm\u0117s vietas ir u\u017etikrina pilniausi\u0105 j\u0173 i&scaron;valym\u0105. Aktyvus deguonis apsaugo nuo bakterij\u0173 ir nat\u016braliai pa&scaron;alina d\u0117mes nuo dant\u0173. Formul\u0117 su fluoru skatina emalio remineralizacij\u0105 ir neleid\u017eia vystytis kariesui.<\/p>\n<p>Fluorido mas\u0117s dalis 0,100 F- (1000 ppm). Sud\u0117tyje yra natrio fluorido.<\/p>\n<p><strong>Naudojimas:<\/strong> nedidel\u012f kiek\u012f pastos u\u017etepkite ant &scaron;lapio &scaron;epet\u0117lio, kruop&scaron;\u010diai i&scaron;sivalykite dantis, praskalaukite burn\u0105 vandeniu. Naudokite bent 2 kartus per dien\u0105. Atsargumo priemon\u0117s: neprarykite! Tik suaugusiems.<\/p>\n<p><strong>Laikymo s\u0105lygos:<\/strong> laikyti sausose patalpose nuo 0 &deg;C iki +30 &deg;C temperat\u016broje, ne ma\u017eesniu kaip 1 m atstumu nuo &scaron;ildymo prietais\u0173. Nelaikykite tiesioginiuose saul\u0117s spinduliuose. Laikyti vaikams nepasiekiamoje vietoje.<br \/>\n&nbsp;<\/p>\n","protected":false},"excerpt":{"rendered":"<p>Dant\u0173 pasta sukurta pagal micelin\u0119 formul\u0119, praturtint\u0105 aktyviu deguonimi. Jo naudojimas u\u017etikrina efektyv\u0173 valym\u0105, neleid\u017eia susidaryti apna&scaron;oms ir blogam burnos kvapui. Valymo metu susidariusios gausios putos lengvai pasiekia sunkiai pasiekiamas burnos ertm\u0117s vietas ir u\u017etikrina pilniausi\u0105 j\u0173 i&scaron;valym\u0105. Aktyvus deguonis apsaugo nuo bakterij\u0173 ir nat\u016braliai pa&scaron;alina d\u0117mes nuo dant\u0173. Formul\u0117 su fluoru skatina emalio remineralizacij\u0105 [&#8230;]\n","protected":false},"featured_media":102479,"template":"","meta":[],"product_cat":[2181],"product_tag":[],"class_list":{"0":"post-29875","1":"product","2":"type-product","3":"status-publish","4":"has-post-thumbnail","6":"product_brand-rubella-bg-lt","7":"product_cat-bez-kategorijas-lt","9":"first","10":"instock","11":"taxable","12":"shipping-taxable","13":"product-type-simple"},"_links":{"self":[{"href":"https:\/\/e.kosmolat.eu\/lt\/wp-json\/wp\/v2\/product\/29875","targetHints":{"allow":["GET"]}}],"collection":[{"href":"https:\/\/e.kosmolat.eu\/lt\/wp-json\/wp\/v2\/product"}],"about":[{"href":"https:\/\/e.kosmolat.eu\/lt\/wp-json\/wp\/v2\/types\/product"}],"wp:featuredmedia":[{"embeddable":true,"href":"https:\/\/e.kosmolat.eu\/lt\/wp-json\/wp\/v2\/media\/102479"}],"wp:attachment":[{"href":"https:\/\/e.kosmolat.eu\/lt\/wp-json\/wp\/v2\/media?parent=29875"}],"wp:term":[{"taxonomy":"product_cat","embeddable":true,"href":"https:\/\/e.kosmolat.eu\/lt\/wp-json\/wp\/v2\/product_cat?post=29875"},{"taxonomy":"product_tag","embeddable":true,"href":"https:\/\/e.kosmolat.eu\/lt\/wp-json\/wp\/v2\/product_tag?post=29875"}],"curies":[{"name":"wp","href":"https:\/\/api.w.org\/{rel}","templated":true}]}}