{"id":29871,"date":"2023-12-19T19:51:47","date_gmt":"2023-12-19T19:51:47","guid":{"rendered":"https:\/\/e.kosmolat.eu\/product\/dental-dream-sc-zobu-pasta-sensitive-care-75-ml\/"},"modified":"2026-04-22T13:56:16","modified_gmt":"2026-04-22T13:56:16","slug":"dental-dream-sc-zobu-pasta-sensitive-care-75-ml","status":"publish","type":"product","link":"https:\/\/e.kosmolat.eu\/lt\/produktas\/dental-dream-sc-zobu-pasta-sensitive-care-75-ml\/","title":{"rendered":"DENTAL DREAM Dant\u0173 pasta Special Care Sensitive Care, 75 ml"},"content":{"rendered":"<p>Reguliarus dant\u0173 pastos naudojimas padeda suma\u017einti dant\u0173 jautrum\u0105 valgant ir geriant bei suteikia ypating\u0105 burnos prie\u017ei\u016br\u0105. M\u0117t\u0173 aromatas palieka &scaron;varos ir gaivumo poj\u016bt\u012f.<\/p>\n<p>Fluorido mas\u0117s dalis 0,100 F- (1000 ppm). Sud\u0117tyje yra natrio fluorido.<\/p>\n<p><strong>Naudojimas: <\/strong>nedidel\u012f kiek\u012f pastos u\u017etepkite ant &scaron;lapio &scaron;epet\u0117lio, kruop&scaron;\u010diai i&scaron;sivalykite dantis, praskalaukite burn\u0105 vandeniu. Naudokite bent 2 kartus per dien\u0105. Atsargumo priemon\u0117s: neprarykite! Tik suaugusiems.<\/p>\n<p><strong>Laikymo s\u0105lygos:<\/strong> laikyti sausose patalpose nuo 0 &deg;C iki +30 &deg;C temperat\u016broje, ne ma\u017eesniu kaip 1 m atstumu nuo &scaron;ildymo prietais\u0173. Nelaikykite tiesioginiuose saul\u0117s spinduliuose. Laikyti vaikams nepasiekiamoje vietoje.<br \/>\n&nbsp;<\/p>\n","protected":false},"excerpt":{"rendered":"<p>Reguliarus dant\u0173 pastos naudojimas padeda suma\u017einti dant\u0173 jautrum\u0105 valgant ir geriant bei suteikia ypating\u0105 burnos prie\u017ei\u016br\u0105. M\u0117t\u0173 aromatas palieka &scaron;varos ir gaivumo poj\u016bt\u012f. Fluorido mas\u0117s dalis 0,100 F- (1000 ppm). Sud\u0117tyje yra natrio fluorido. Naudojimas: nedidel\u012f kiek\u012f pastos u\u017etepkite ant &scaron;lapio &scaron;epet\u0117lio, kruop&scaron;\u010diai i&scaron;sivalykite dantis, praskalaukite burn\u0105 vandeniu. Naudokite bent 2 kartus per dien\u0105. Atsargumo [&#8230;]\n","protected":false},"featured_media":101566,"template":"","meta":[],"product_cat":[2181],"product_tag":[],"class_list":{"0":"post-29871","1":"product","2":"type-product","3":"status-publish","4":"has-post-thumbnail","6":"product_brand-rubella-bg-lt","7":"product_cat-bez-kategorijas-lt","9":"first","10":"instock","11":"taxable","12":"shipping-taxable","13":"product-type-simple"},"_links":{"self":[{"href":"https:\/\/e.kosmolat.eu\/lt\/wp-json\/wp\/v2\/product\/29871","targetHints":{"allow":["GET"]}}],"collection":[{"href":"https:\/\/e.kosmolat.eu\/lt\/wp-json\/wp\/v2\/product"}],"about":[{"href":"https:\/\/e.kosmolat.eu\/lt\/wp-json\/wp\/v2\/types\/product"}],"wp:featuredmedia":[{"embeddable":true,"href":"https:\/\/e.kosmolat.eu\/lt\/wp-json\/wp\/v2\/media\/101566"}],"wp:attachment":[{"href":"https:\/\/e.kosmolat.eu\/lt\/wp-json\/wp\/v2\/media?parent=29871"}],"wp:term":[{"taxonomy":"product_cat","embeddable":true,"href":"https:\/\/e.kosmolat.eu\/lt\/wp-json\/wp\/v2\/product_cat?post=29871"},{"taxonomy":"product_tag","embeddable":true,"href":"https:\/\/e.kosmolat.eu\/lt\/wp-json\/wp\/v2\/product_tag?post=29871"}],"curies":[{"name":"wp","href":"https:\/\/api.w.org\/{rel}","templated":true}]}}