{"id":29867,"date":"2023-12-19T19:51:23","date_gmt":"2023-12-19T19:51:23","guid":{"rendered":"https:\/\/e.kosmolat.eu\/product\/dental-dream-sc-zobu-pasta-anti-parodontit-75-ml\/"},"modified":"2026-04-20T09:26:40","modified_gmt":"2026-04-20T09:26:40","slug":"dental-dream-sc-zobu-pasta-anti-parodontit-75-ml","status":"publish","type":"product","link":"https:\/\/e.kosmolat.eu\/lt\/produktas\/dental-dream-sc-zobu-pasta-anti-parodontit-75-ml\/","title":{"rendered":"DENTAL DREAM Dant\u0173 pasta Special Care Anti-Parodontit, 75 ml"},"content":{"rendered":"<p>Dant\u0173 pasta d\u0117l joje esan\u010dio chlorheksidino ir aliuminio hidroksido pasi\u017eymi sutraukian\u010diu ir raminamuoju poveikiu, valo apna&scaron;as ir l\u0117tina j\u0173 susidarym\u0105. Fluorido mas\u0117s dalis 0,100 F- (1000 ppm). Sud\u0117tyje yra natrio fluorido.<\/p>\n<p><strong>Naudojimas: <\/strong>nedidel\u012f kiek\u012f pastos u\u017etepkite ant &scaron;lapio &scaron;epet\u0117lio, kruop&scaron;\u010diai i&scaron;sivalykite dantis, praskalaukite burn\u0105 vandeniu. Naudokite bent 2 kartus per dien\u0105. Atsargumo priemon\u0117s: neprarykite! Tik suaugusiems.<\/p>\n<p><strong>Laikymo s\u0105lygos:<\/strong> laikyti sausose patalpose nuo 0 &deg;C iki +30 &deg;C temperat\u016broje, ne ma\u017eesniu kaip 1 m atstumu nuo &scaron;ildymo prietais\u0173. Nelaikykite tiesioginiuose saul\u0117s spinduliuose. Laikyti vaikams nepasiekiamoje vietoje.<br \/>\n&nbsp;<\/p>\n","protected":false},"excerpt":{"rendered":"<p>Dant\u0173 pasta d\u0117l joje esan\u010dio chlorheksidino ir aliuminio hidroksido pasi\u017eymi sutraukian\u010diu ir raminamuoju poveikiu, valo apna&scaron;as ir l\u0117tina j\u0173 susidarym\u0105. Fluorido mas\u0117s dalis 0,100 F- (1000 ppm). Sud\u0117tyje yra natrio fluorido. Naudojimas: nedidel\u012f kiek\u012f pastos u\u017etepkite ant &scaron;lapio &scaron;epet\u0117lio, kruop&scaron;\u010diai i&scaron;sivalykite dantis, praskalaukite burn\u0105 vandeniu. Naudokite bent 2 kartus per dien\u0105. Atsargumo priemon\u0117s: neprarykite! Tik [&#8230;]\n","protected":false},"featured_media":26574,"template":"","meta":[],"product_cat":[1308],"product_tag":[],"class_list":{"0":"post-29867","1":"product","2":"type-product","3":"status-publish","4":"has-post-thumbnail","6":"product_brand-rubella-bg-lt","7":"product_cat-dantu-pastos-ir-geliai","9":"first","10":"outofstock","11":"taxable","12":"shipping-taxable","13":"product-type-simple"},"_links":{"self":[{"href":"https:\/\/e.kosmolat.eu\/lt\/wp-json\/wp\/v2\/product\/29867","targetHints":{"allow":["GET"]}}],"collection":[{"href":"https:\/\/e.kosmolat.eu\/lt\/wp-json\/wp\/v2\/product"}],"about":[{"href":"https:\/\/e.kosmolat.eu\/lt\/wp-json\/wp\/v2\/types\/product"}],"wp:featuredmedia":[{"embeddable":true,"href":"https:\/\/e.kosmolat.eu\/lt\/wp-json\/wp\/v2\/media\/26574"}],"wp:attachment":[{"href":"https:\/\/e.kosmolat.eu\/lt\/wp-json\/wp\/v2\/media?parent=29867"}],"wp:term":[{"taxonomy":"product_cat","embeddable":true,"href":"https:\/\/e.kosmolat.eu\/lt\/wp-json\/wp\/v2\/product_cat?post=29867"},{"taxonomy":"product_tag","embeddable":true,"href":"https:\/\/e.kosmolat.eu\/lt\/wp-json\/wp\/v2\/product_tag?post=29867"}],"curies":[{"name":"wp","href":"https:\/\/api.w.org\/{rel}","templated":true}]}}