{"id":29863,"date":"2023-12-19T19:51:03","date_gmt":"2023-12-19T19:51:03","guid":{"rendered":"https:\/\/e.kosmolat.eu\/product\/dental-sensitive-zobu-pasta-ar-fluoru-100-ml\/"},"modified":"2026-04-22T08:23:07","modified_gmt":"2026-04-22T08:23:07","slug":"dental-sensitive-zobu-pasta-ar-fluoru-100-ml","status":"publish","type":"product","link":"https:\/\/e.kosmolat.eu\/lt\/produktas\/dental-sensitive-zobu-pasta-ar-fluoru-100-ml\/","title":{"rendered":"DENTAL Sensitive Dant\u0173 pasta su fluoru, 100 ml"},"content":{"rendered":"<p><strong>Naudojimas: <\/strong>sveikiems dantims ir dantenoms naudokite dant\u0173 past\u0105 reguliariai, bent du kartus per dien\u0105, valydami dantis 2-3 minutes.<\/p>\n<p><strong>\u012esp\u0117jimas:<\/strong> Sud\u0117tyje yra 0,100% natrio fluorido (fluoro pavidalu).&nbsp;<\/p>\n<p>Tik suaugusiems.<\/p>\n","protected":false},"excerpt":{"rendered":"<p>Naudojimas: sveikiems dantims ir dantenoms naudokite dant\u0173 past\u0105 reguliariai, bent du kartus per dien\u0105, valydami dantis 2-3 minutes. \u012esp\u0117jimas: Sud\u0117tyje yra 0,100% natrio fluorido (fluoro pavidalu).&nbsp; Tik suaugusiems.<\/p>\n","protected":false},"featured_media":101510,"template":"","meta":[],"product_cat":[2181],"product_tag":[],"class_list":{"0":"post-29863","1":"product","2":"type-product","3":"status-publish","4":"has-post-thumbnail","6":"product_brand-rubella-bg-lt","7":"product_cat-bez-kategorijas-lt","9":"first","10":"instock","11":"taxable","12":"shipping-taxable","13":"product-type-simple"},"_links":{"self":[{"href":"https:\/\/e.kosmolat.eu\/lt\/wp-json\/wp\/v2\/product\/29863","targetHints":{"allow":["GET"]}}],"collection":[{"href":"https:\/\/e.kosmolat.eu\/lt\/wp-json\/wp\/v2\/product"}],"about":[{"href":"https:\/\/e.kosmolat.eu\/lt\/wp-json\/wp\/v2\/types\/product"}],"wp:featuredmedia":[{"embeddable":true,"href":"https:\/\/e.kosmolat.eu\/lt\/wp-json\/wp\/v2\/media\/101510"}],"wp:attachment":[{"href":"https:\/\/e.kosmolat.eu\/lt\/wp-json\/wp\/v2\/media?parent=29863"}],"wp:term":[{"taxonomy":"product_cat","embeddable":true,"href":"https:\/\/e.kosmolat.eu\/lt\/wp-json\/wp\/v2\/product_cat?post=29863"},{"taxonomy":"product_tag","embeddable":true,"href":"https:\/\/e.kosmolat.eu\/lt\/wp-json\/wp\/v2\/product_tag?post=29863"}],"curies":[{"name":"wp","href":"https:\/\/api.w.org\/{rel}","templated":true}]}}