{"id":29855,"date":"2023-12-19T19:50:41","date_gmt":"2023-12-19T19:50:41","guid":{"rendered":"https:\/\/e.kosmolat.eu\/product\/dental-family-cavity-protection-fresh-breath-zobu-pasta-100-ml\/"},"modified":"2026-04-22T08:22:53","modified_gmt":"2026-04-22T08:22:53","slug":"dental-family-cavity-protection-fresh-breath-zobu-pasta-100-ml","status":"publish","type":"product","link":"https:\/\/e.kosmolat.eu\/lt\/produktas\/dental-family-cavity-protection-fresh-breath-zobu-pasta-100-ml\/","title":{"rendered":"DENTAL Family Dant\u0173 pasta, Cavity Protection + Fresh Breath, 100 ml"},"content":{"rendered":"<p>Profilaktin\u0117je dant\u0173 pastoje yra fluoru praturtinta formul\u0117, kuri sustiprina nat\u016bralaus burnoje esan\u010dio kalcio veikim\u0105 silpnose dant\u0173 emalio vietose, stiprina j\u012f ir apsaugo dantis nuo \u0117duonies. Reguliarus naudojimas u\u017etikrina optimal\u0173 dant\u0173 valym\u0105 ir danten\u0173 apsaug\u0105, o gaivus m\u0117t\u0173 aromatas ilgam palieka burnoje &scaron;varos poj\u016bt\u012f.<\/p>\n<p><strong>Nurodymai: <\/strong>Nor\u0117dami u\u017etikrinti sveikus dantis ir dantenas, valykite dantis 2-3 minutes bent du kartus per dien\u0105.<br \/>\n\u012esp\u0117jimas: Sud\u0117tyje yra natrio fluorido 0,145% F.<\/p>\n<p>Vaikams iki &scaron;e&scaron;eri\u0173 met\u0173: naudokite \u017eirnio dyd\u017eio dant\u0173 past\u0105 ir &scaron;epet\u0117l\u012f pri\u017ei\u016brint suaugusiajam, kad suma\u017eintum\u0117te galimyb\u0119 nuryti. Naudodami kitus produktus, kuri\u0173 sud\u0117tyje yra fluoro, pasitarkite su savo odontologu arba gydytoju.<br \/>\n&nbsp;<\/p>\n","protected":false},"excerpt":{"rendered":"<p>Profilaktin\u0117je dant\u0173 pastoje yra fluoru praturtinta formul\u0117, kuri sustiprina nat\u016bralaus burnoje esan\u010dio kalcio veikim\u0105 silpnose dant\u0173 emalio vietose, stiprina j\u012f ir apsaugo dantis nuo \u0117duonies. Reguliarus naudojimas u\u017etikrina optimal\u0173 dant\u0173 valym\u0105 ir danten\u0173 apsaug\u0105, o gaivus m\u0117t\u0173 aromatas ilgam palieka burnoje &scaron;varos poj\u016bt\u012f. Nurodymai: Nor\u0117dami u\u017etikrinti sveikus dantis ir dantenas, valykite dantis 2-3 minutes bent [&#8230;]\n","protected":false},"featured_media":100472,"template":"","meta":[],"product_cat":[2181],"product_tag":[],"class_list":{"0":"post-29855","1":"product","2":"type-product","3":"status-publish","4":"has-post-thumbnail","6":"product_brand-rubella-bg-lt","7":"product_cat-bez-kategorijas-lt","9":"first","10":"instock","11":"taxable","12":"shipping-taxable","13":"product-type-simple"},"_links":{"self":[{"href":"https:\/\/e.kosmolat.eu\/lt\/wp-json\/wp\/v2\/product\/29855","targetHints":{"allow":["GET"]}}],"collection":[{"href":"https:\/\/e.kosmolat.eu\/lt\/wp-json\/wp\/v2\/product"}],"about":[{"href":"https:\/\/e.kosmolat.eu\/lt\/wp-json\/wp\/v2\/types\/product"}],"wp:featuredmedia":[{"embeddable":true,"href":"https:\/\/e.kosmolat.eu\/lt\/wp-json\/wp\/v2\/media\/100472"}],"wp:attachment":[{"href":"https:\/\/e.kosmolat.eu\/lt\/wp-json\/wp\/v2\/media?parent=29855"}],"wp:term":[{"taxonomy":"product_cat","embeddable":true,"href":"https:\/\/e.kosmolat.eu\/lt\/wp-json\/wp\/v2\/product_cat?post=29855"},{"taxonomy":"product_tag","embeddable":true,"href":"https:\/\/e.kosmolat.eu\/lt\/wp-json\/wp\/v2\/product_tag?post=29855"}],"curies":[{"name":"wp","href":"https:\/\/api.w.org\/{rel}","templated":true}]}}