{"id":29847,"date":"2023-12-19T19:50:17","date_gmt":"2023-12-19T19:50:17","guid":{"rendered":"https:\/\/e.kosmolat.eu\/product\/dental-family-total-whitening-zobu-pasta-100-ml\/"},"modified":"2026-04-22T08:22:37","modified_gmt":"2026-04-22T08:22:37","slug":"dental-family-total-whitening-zobu-pasta-100-ml","status":"publish","type":"product","link":"https:\/\/e.kosmolat.eu\/lt\/produktas\/dental-family-total-whitening-zobu-pasta-100-ml\/","title":{"rendered":"DENTAL FAMILY Total+ Whitening Dant\u0173 pasta visai \u0161eimai, 100 ml"},"content":{"rendered":"<p>Profilaktin\u0117 dant\u0173 pasta u\u017etikrina visapusi&scaron;k\u0105 burnos apsaug\u0105 visai &scaron;eimai. Reguliariai naudojant, &scaron;velniai pa&scaron;alina apna&scaron;as ir apsaugo nuo \u0117duonies atsiradimo. Padeda atkurti nat\u016bral\u0173 dant\u0173 baltum\u0105. M\u0117t\u0173 aromatas gaivina kvap\u0105.<\/p>\n<p><strong>Naudojimas:<\/strong> Kad dantys ir dantenos b\u016bt\u0173 sveiki, dant\u0173 past\u0105 rekomenduojama naudoti bent du kartus per dien\u0105, valyti dantis 2-3 minutes. Sud\u0117tyje yra natrio fluorido, 0,145% (fluoro pavidalu).<\/p>\n<p>Vaikams iki 6 met\u0173 naudokite \u017eirnio dyd\u017eio kiek\u012f, steb\u0117kite, kad nenuryt\u0173. Jeigu vartojami produktai, kuri\u0173 sud\u0117tyje yra fluorido, pasitarkite su odontologu arba savo gydytoju.<br \/>\n&nbsp;<\/p>\n","protected":false},"excerpt":{"rendered":"<p>Profilaktin\u0117 dant\u0173 pasta u\u017etikrina visapusi&scaron;k\u0105 burnos apsaug\u0105 visai &scaron;eimai. Reguliariai naudojant, &scaron;velniai pa&scaron;alina apna&scaron;as ir apsaugo nuo \u0117duonies atsiradimo. Padeda atkurti nat\u016bral\u0173 dant\u0173 baltum\u0105. M\u0117t\u0173 aromatas gaivina kvap\u0105. Naudojimas: Kad dantys ir dantenos b\u016bt\u0173 sveiki, dant\u0173 past\u0105 rekomenduojama naudoti bent du kartus per dien\u0105, valyti dantis 2-3 minutes. Sud\u0117tyje yra natrio fluorido, 0,145% (fluoro pavidalu). [&#8230;]\n","protected":false},"featured_media":98860,"template":"","meta":[],"product_cat":[2181],"product_tag":[],"class_list":{"0":"post-29847","1":"product","2":"type-product","3":"status-publish","4":"has-post-thumbnail","6":"product_brand-rubella-bg-lt","7":"product_cat-bez-kategorijas-lt","9":"first","10":"instock","11":"taxable","12":"shipping-taxable","13":"product-type-simple"},"_links":{"self":[{"href":"https:\/\/e.kosmolat.eu\/lt\/wp-json\/wp\/v2\/product\/29847","targetHints":{"allow":["GET"]}}],"collection":[{"href":"https:\/\/e.kosmolat.eu\/lt\/wp-json\/wp\/v2\/product"}],"about":[{"href":"https:\/\/e.kosmolat.eu\/lt\/wp-json\/wp\/v2\/types\/product"}],"wp:featuredmedia":[{"embeddable":true,"href":"https:\/\/e.kosmolat.eu\/lt\/wp-json\/wp\/v2\/media\/98860"}],"wp:attachment":[{"href":"https:\/\/e.kosmolat.eu\/lt\/wp-json\/wp\/v2\/media?parent=29847"}],"wp:term":[{"taxonomy":"product_cat","embeddable":true,"href":"https:\/\/e.kosmolat.eu\/lt\/wp-json\/wp\/v2\/product_cat?post=29847"},{"taxonomy":"product_tag","embeddable":true,"href":"https:\/\/e.kosmolat.eu\/lt\/wp-json\/wp\/v2\/product_tag?post=29847"}],"curies":[{"name":"wp","href":"https:\/\/api.w.org\/{rel}","templated":true}]}}