{"id":29839,"date":"2023-12-19T19:49:53","date_gmt":"2023-12-19T19:49:53","guid":{"rendered":"https:\/\/e.kosmolat.eu\/product\/dental-family-propolis-herbal-zobu-pasta-ar-arstn-zalu-ekstr-100-ml\/"},"modified":"2026-04-20T13:51:31","modified_gmt":"2026-04-20T13:51:31","slug":"dental-family-propolis-herbal-zobu-pasta-ar-arstn-zalu-ekstr-100-ml","status":"publish","type":"product","link":"https:\/\/e.kosmolat.eu\/lt\/produktas\/dental-family-propolis-herbal-zobu-pasta-ar-arstn-zalu-ekstr-100-ml\/","title":{"rendered":"DENTAL FAMILY Propolis + Herbal Dant\u0173 pasta su \u017eoleli\u0173 ekstraktais, 100 ml"},"content":{"rendered":"<p>Vaista\u017eoli\u0173 ir propolio ekstraktai pad\u0117s i&scaron;laikyti visos &scaron;eimos dant\u0173 ir danten\u0173 sveikat\u0105. Gaivina ir tonizuoja burn\u0105.<\/p>\n<p><strong>Naudojimas: <\/strong>sveikiems dantims ir dantenoms dant\u0173 past\u0105 rekomenduojama naudoti bent du kartus per dien\u0105, valyti dantis 2-3 minutes. Sud\u0117tyje yra 0,1% natrio fluorido (fluoro pavidalu). Vaikams iki &scaron;e&scaron;eri\u0173 met\u0173: naudokite \u017eirnio dyd\u017eio dant\u0173 past\u0105 ir &scaron;epet\u0117l\u012f pri\u017ei\u016brint suaugusiajam, kad suma\u017eintum\u0117te galimyb\u0119 nuryti. Naudodami kitus produktus, kuri\u0173 sud\u0117tyje yra fluoro, pasitarkite su savo odontologu arba gydytoju.<br \/>\n&nbsp;<\/p>\n","protected":false},"excerpt":{"rendered":"<p>Vaista\u017eoli\u0173 ir propolio ekstraktai pad\u0117s i&scaron;laikyti visos &scaron;eimos dant\u0173 ir danten\u0173 sveikat\u0105. Gaivina ir tonizuoja burn\u0105. Naudojimas: sveikiems dantims ir dantenoms dant\u0173 past\u0105 rekomenduojama naudoti bent du kartus per dien\u0105, valyti dantis 2-3 minutes. Sud\u0117tyje yra 0,1% natrio fluorido (fluoro pavidalu). Vaikams iki &scaron;e&scaron;eri\u0173 met\u0173: naudokite \u017eirnio dyd\u017eio dant\u0173 past\u0105 ir &scaron;epet\u0117l\u012f pri\u017ei\u016brint suaugusiajam, kad [&#8230;]\n","protected":false},"featured_media":105308,"template":"","meta":[],"product_cat":[1308],"product_tag":[],"class_list":{"0":"post-29839","1":"product","2":"type-product","3":"status-publish","4":"has-post-thumbnail","6":"product_brand-rubella-bg-lt","7":"product_cat-dantu-pastos-ir-geliai","9":"first","10":"instock","11":"taxable","12":"shipping-taxable","13":"product-type-simple"},"_links":{"self":[{"href":"https:\/\/e.kosmolat.eu\/lt\/wp-json\/wp\/v2\/product\/29839","targetHints":{"allow":["GET"]}}],"collection":[{"href":"https:\/\/e.kosmolat.eu\/lt\/wp-json\/wp\/v2\/product"}],"about":[{"href":"https:\/\/e.kosmolat.eu\/lt\/wp-json\/wp\/v2\/types\/product"}],"wp:featuredmedia":[{"embeddable":true,"href":"https:\/\/e.kosmolat.eu\/lt\/wp-json\/wp\/v2\/media\/105308"}],"wp:attachment":[{"href":"https:\/\/e.kosmolat.eu\/lt\/wp-json\/wp\/v2\/media?parent=29839"}],"wp:term":[{"taxonomy":"product_cat","embeddable":true,"href":"https:\/\/e.kosmolat.eu\/lt\/wp-json\/wp\/v2\/product_cat?post=29839"},{"taxonomy":"product_tag","embeddable":true,"href":"https:\/\/e.kosmolat.eu\/lt\/wp-json\/wp\/v2\/product_tag?post=29839"}],"curies":[{"name":"wp","href":"https:\/\/api.w.org\/{rel}","templated":true}]}}