{"id":29835,"date":"2023-12-19T19:49:35","date_gmt":"2023-12-19T19:49:35","guid":{"rendered":"https:\/\/e.kosmolat.eu\/product\/dental-extra-whitening-balin-zobu-pasta-250-ml\/"},"modified":"2026-04-17T11:19:34","modified_gmt":"2026-04-17T11:19:34","slug":"dental-extra-whitening-balin-zobu-pasta-250-ml","status":"publish","type":"product","link":"https:\/\/e.kosmolat.eu\/lt\/produktas\/dental-extra-whitening-balin-zobu-pasta-250-ml\/","title":{"rendered":"DENTAL Extra Whitening Balinanti dant\u0173 pasta, 250 ml"},"content":{"rendered":"<p>Veiksmingai pa&scaron;alina apna&scaron;as. Reguliariai naudojant, dant\u0173 pasta &scaron;velniai poliruoja ir balina dantis. Palieka ne\u012ftik\u0117tinai gaiv\u0173 kvap\u0105. Kad dantys ir dantenos b\u016bt\u0173 sveiki, dant\u0173 past\u0105 rekomenduojama naudoti bent du kartus per dien\u0105, valyti dantis 2-3 minutes. Dant\u0173 pasta tik suaugusiems. Sud\u0117tyje yra natrio fluorido, 0,145% (fluoro pavidalu).<\/p>\n","protected":false},"excerpt":{"rendered":"<p>Veiksmingai pa&scaron;alina apna&scaron;as. Reguliariai naudojant, dant\u0173 pasta &scaron;velniai poliruoja ir balina dantis. Palieka ne\u012ftik\u0117tinai gaiv\u0173 kvap\u0105. Kad dantys ir dantenos b\u016bt\u0173 sveiki, dant\u0173 past\u0105 rekomenduojama naudoti bent du kartus per dien\u0105, valyti dantis 2-3 minutes. Dant\u0173 pasta tik suaugusiems. Sud\u0117tyje yra natrio fluorido, 0,145% (fluoro pavidalu).<\/p>\n","protected":false},"featured_media":100812,"template":"","meta":[],"product_cat":[1308],"product_tag":[],"class_list":{"0":"post-29835","1":"product","2":"type-product","3":"status-publish","4":"has-post-thumbnail","6":"product_brand-rubella-bg-lt","7":"product_cat-dantu-pastos-ir-geliai","9":"first","10":"instock","11":"taxable","12":"shipping-taxable","13":"product-type-simple"},"_links":{"self":[{"href":"https:\/\/e.kosmolat.eu\/lt\/wp-json\/wp\/v2\/product\/29835","targetHints":{"allow":["GET"]}}],"collection":[{"href":"https:\/\/e.kosmolat.eu\/lt\/wp-json\/wp\/v2\/product"}],"about":[{"href":"https:\/\/e.kosmolat.eu\/lt\/wp-json\/wp\/v2\/types\/product"}],"wp:featuredmedia":[{"embeddable":true,"href":"https:\/\/e.kosmolat.eu\/lt\/wp-json\/wp\/v2\/media\/100812"}],"wp:attachment":[{"href":"https:\/\/e.kosmolat.eu\/lt\/wp-json\/wp\/v2\/media?parent=29835"}],"wp:term":[{"taxonomy":"product_cat","embeddable":true,"href":"https:\/\/e.kosmolat.eu\/lt\/wp-json\/wp\/v2\/product_cat?post=29835"},{"taxonomy":"product_tag","embeddable":true,"href":"https:\/\/e.kosmolat.eu\/lt\/wp-json\/wp\/v2\/product_tag?post=29835"}],"curies":[{"name":"wp","href":"https:\/\/api.w.org\/{rel}","templated":true}]}}