{"id":29831,"date":"2023-12-19T19:49:16","date_gmt":"2023-12-19T19:49:16","guid":{"rendered":"https:\/\/e.kosmolat.eu\/product\/dental-anti-caries-mutes-skal-lidz-300-ml\/"},"modified":"2026-04-20T10:17:11","modified_gmt":"2026-04-20T10:17:11","slug":"dental-anti-caries-mutes-skal-lidz-300-ml","status":"publish","type":"product","link":"https:\/\/e.kosmolat.eu\/lt\/produktas\/dental-anti-caries-mutes-skal-lidz-300-ml\/","title":{"rendered":"DENTAL Anti-Caries Burnos skalavimo skystis, 300 ml"},"content":{"rendered":"<p>Sud\u0117tyje n\u0117ra alkoholio. Sukurta higienai ir dant\u0173 bei burnos ertm\u0117s profilaktikai. I&scaron;laiko sveikas dantenas ir gaivina burnos kvap\u0105.<\/p>\n<p><strong>Naudojimas:<\/strong> \u012e dangtel\u012f \u012fpilkite nedidel\u012f kiek\u012f burnos skalavimo skys\u010dio, 15-30 sekund\u017ei\u0173 intensyviai skalaukite burn\u0105, tada i&scaron;spjaukite \u012f kriaukl\u0119. Rekomenduojama naudoti kasdien ryte ir vakare po dant\u0173 valymo.<\/p>\n<p><strong>D\u0117mesio: <\/strong>nenurykite! Nenaudoti vaikams iki 6 met\u0173 am\u017eiaus. Sud\u0117tyje yra 0,0225% natrio fluorido (fluoro pavidalu).<br \/>\n&nbsp;<\/p>\n","protected":false},"excerpt":{"rendered":"<p>Sud\u0117tyje n\u0117ra alkoholio. Sukurta higienai ir dant\u0173 bei burnos ertm\u0117s profilaktikai. I&scaron;laiko sveikas dantenas ir gaivina burnos kvap\u0105. Naudojimas: \u012e dangtel\u012f \u012fpilkite nedidel\u012f kiek\u012f burnos skalavimo skys\u010dio, 15-30 sekund\u017ei\u0173 intensyviai skalaukite burn\u0105, tada i&scaron;spjaukite \u012f kriaukl\u0119. Rekomenduojama naudoti kasdien ryte ir vakare po dant\u0173 valymo. D\u0117mesio: nenurykite! Nenaudoti vaikams iki 6 met\u0173 am\u017eiaus. Sud\u0117tyje yra [&#8230;]\n","protected":false},"featured_media":98800,"template":"","meta":[],"product_cat":[1313],"product_tag":[],"class_list":{"0":"post-29831","1":"product","2":"type-product","3":"status-publish","4":"has-post-thumbnail","6":"product_brand-rubella-bg-lt","7":"product_cat-burnos-skalavimo-priemones","9":"first","10":"instock","11":"taxable","12":"shipping-taxable","13":"product-type-simple"},"_links":{"self":[{"href":"https:\/\/e.kosmolat.eu\/lt\/wp-json\/wp\/v2\/product\/29831","targetHints":{"allow":["GET"]}}],"collection":[{"href":"https:\/\/e.kosmolat.eu\/lt\/wp-json\/wp\/v2\/product"}],"about":[{"href":"https:\/\/e.kosmolat.eu\/lt\/wp-json\/wp\/v2\/types\/product"}],"wp:featuredmedia":[{"embeddable":true,"href":"https:\/\/e.kosmolat.eu\/lt\/wp-json\/wp\/v2\/media\/98800"}],"wp:attachment":[{"href":"https:\/\/e.kosmolat.eu\/lt\/wp-json\/wp\/v2\/media?parent=29831"}],"wp:term":[{"taxonomy":"product_cat","embeddable":true,"href":"https:\/\/e.kosmolat.eu\/lt\/wp-json\/wp\/v2\/product_cat?post=29831"},{"taxonomy":"product_tag","embeddable":true,"href":"https:\/\/e.kosmolat.eu\/lt\/wp-json\/wp\/v2\/product_tag?post=29831"}],"curies":[{"name":"wp","href":"https:\/\/api.w.org\/{rel}","templated":true}]}}