{"id":29827,"date":"2023-12-19T19:48:50","date_gmt":"2023-12-19T19:48:50","guid":{"rendered":"https:\/\/e.kosmolat.eu\/product\/dental-pro-kids-bernu-mutes-skal-lidz-300-ml\/"},"modified":"2025-07-07T05:53:25","modified_gmt":"2025-07-07T05:53:25","slug":"dental-pro-kids-bernu-mutes-skal-lidz-300-ml","status":"publish","type":"product","link":"https:\/\/e.kosmolat.eu\/lt\/produktas\/dental-pro-kids-bernu-mutes-skal-lidz-300-ml\/","title":{"rendered":"DENTAL PRO Kids Vaiki\u0161kas burnos skalavimo skystis, 300 ml"},"content":{"rendered":"<p>Skatina gerus &nbsp;higienos \u012fpro\u010dius, suteikia vaik\u0173 dant\u0173 profilaktik\u0105, pasiekian\u010dias vietas, kuri\u0173 &scaron;epet\u0117lis gali nepasiekti. Formul\u0117je yra kalcio, kuris padeda stiprinti dant\u0173 emal\u012f, ir ksilitolio, kad i&scaron;vengt\u0173 apna&scaron;\u0173 susidarymo. Pantenolis ramina jautrias k\u016bdikio dantenas. Sud\u0117tyje n\u0117ra alkoholio, fluoro. Sud\u0117tyje yra nat\u016bralaus saldiklio. Turi malon\u0173 vanil\u0117s aromat\u0105.<\/p>\n<p><strong>Naudojimas: <\/strong>skalauti burn\u0105 15-20 sekund\u017ei\u0173. Naudojamas po reguliaraus valymo. \u012esp\u0117jimas: nenurykite! Nerekomenduojama vaikams iki 6 met\u0173 am\u017eiaus.<br \/>\n&nbsp;<\/p>\n","protected":false},"excerpt":{"rendered":"<p>Skatina gerus &nbsp;higienos \u012fpro\u010dius, suteikia vaik\u0173 dant\u0173 profilaktik\u0105, pasiekian\u010dias vietas, kuri\u0173 &scaron;epet\u0117lis gali nepasiekti. Formul\u0117je yra kalcio, kuris padeda stiprinti dant\u0173 emal\u012f, ir ksilitolio, kad i&scaron;vengt\u0173 apna&scaron;\u0173 susidarymo. Pantenolis ramina jautrias k\u016bdikio dantenas. Sud\u0117tyje n\u0117ra alkoholio, fluoro. Sud\u0117tyje yra nat\u016bralaus saldiklio. Turi malon\u0173 vanil\u0117s aromat\u0105. Naudojimas: skalauti burn\u0105 15-20 sekund\u017ei\u0173. Naudojamas po reguliaraus valymo. \u012esp\u0117jimas: [&#8230;]\n","protected":false},"featured_media":26552,"template":"","meta":[],"product_cat":[2181],"product_tag":[],"class_list":{"0":"post-29827","1":"product","2":"type-product","3":"status-publish","4":"has-post-thumbnail","6":"product_brand-rubella-bg-lt","7":"product_cat-bez-kategorijas-lt","9":"first","10":"outofstock","11":"taxable","12":"shipping-taxable","13":"product-type-simple"},"_links":{"self":[{"href":"https:\/\/e.kosmolat.eu\/lt\/wp-json\/wp\/v2\/product\/29827","targetHints":{"allow":["GET"]}}],"collection":[{"href":"https:\/\/e.kosmolat.eu\/lt\/wp-json\/wp\/v2\/product"}],"about":[{"href":"https:\/\/e.kosmolat.eu\/lt\/wp-json\/wp\/v2\/types\/product"}],"wp:featuredmedia":[{"embeddable":true,"href":"https:\/\/e.kosmolat.eu\/lt\/wp-json\/wp\/v2\/media\/26552"}],"wp:attachment":[{"href":"https:\/\/e.kosmolat.eu\/lt\/wp-json\/wp\/v2\/media?parent=29827"}],"wp:term":[{"taxonomy":"product_cat","embeddable":true,"href":"https:\/\/e.kosmolat.eu\/lt\/wp-json\/wp\/v2\/product_cat?post=29827"},{"taxonomy":"product_tag","embeddable":true,"href":"https:\/\/e.kosmolat.eu\/lt\/wp-json\/wp\/v2\/product_tag?post=29827"}],"curies":[{"name":"wp","href":"https:\/\/api.w.org\/{rel}","templated":true}]}}