{"id":29811,"date":"2023-12-19T19:47:16","date_gmt":"2023-12-19T19:47:16","guid":{"rendered":"https:\/\/e.kosmolat.eu\/product\/cl-samp-apjoms-un-speks-uz-lina-un-zalu-novar-390-ml\/"},"modified":"2025-04-01T11:19:50","modified_gmt":"2025-04-01T11:19:50","slug":"cl-samp-apjoms-un-speks-uz-lina-un-zalu-novar-390-ml","status":"publish","type":"product","link":"https:\/\/e.kosmolat.eu\/lt\/produktas\/cl-samp-apjoms-un-speks-uz-lina-un-zalu-novar-390-ml\/","title":{"rendered":"\u010cISTAJA LINIJA \u0160amp\u016bnas Apimtis ir stiprumas lin\u0173 ir \u017eoleli\u0173 nuoviro pagrindu su kvie\u010di\u0173 gemal\u0173 ekst"},"content":{"rendered":"<p>Skirtas ploniems ir silpniems plaukams. 97% nat\u016bralios kilm\u0117s komponent\u0173. Sud\u0117tis i&scaron; 5 ekstrakt\u0173 ir aliej\u0173 Nature Plus Essence (verben\u0173 ekstraktas, &scaron;alavij\u0173 ekstraktas, er&scaron;k\u0117tuogi\u0173 ekstraktas, migdol\u0173 aliejus ir lin\u0173 aliejus).<\/p>\n<p>Aktyv\u016bs nat\u016bral\u016bs ingredientai atkuria ir stiprina plaukus, saugo juos nuo pa\u017eeidim\u0173.<\/p>\n<p>Lin\u0173 ekstraktas padidina plauk\u0173 tankum\u0105 per vis\u0105 ilg\u012f, suteikia apimties be svorio. Kvie\u010di\u0173 baltymai prisideda prie &scaron;akn\u0173 tankumo.<\/p>\n<p><strong>Naudojimas: <\/strong>paskirstykite ant dr\u0117gn\u0173 plauk\u0173, masa\u017euokite galvos od\u0105 1 minut\u0119, gerai i&scaron;skalaukite. Patekus \u012f akis, kruop&scaron;\u010diai nuplaukite vandeniu.&nbsp;Tai n\u0117ra vaistas.<\/p>\n<p>Laikyti nuo +5 &deg;C iki +25 &deg;C temperat\u016broje.<br \/>\n&nbsp;<\/p>\n","protected":false},"excerpt":{"rendered":"<p>Skirtas ploniems ir silpniems plaukams. 97% nat\u016bralios kilm\u0117s komponent\u0173. Sud\u0117tis i&scaron; 5 ekstrakt\u0173 ir aliej\u0173 Nature Plus Essence (verben\u0173 ekstraktas, &scaron;alavij\u0173 ekstraktas, er&scaron;k\u0117tuogi\u0173 ekstraktas, migdol\u0173 aliejus ir lin\u0173 aliejus). Aktyv\u016bs nat\u016bral\u016bs ingredientai atkuria ir stiprina plaukus, saugo juos nuo pa\u017eeidim\u0173. Lin\u0173 ekstraktas padidina plauk\u0173 tankum\u0105 per vis\u0105 ilg\u012f, suteikia apimties be svorio. Kvie\u010di\u0173 baltymai prisideda [&#8230;]\n","protected":false},"featured_media":26524,"template":"","meta":[],"product_cat":[1251],"product_tag":[],"class_list":{"0":"post-29811","1":"product","2":"type-product","3":"status-publish","4":"has-post-thumbnail","6":"product_brand-unilever-ua-lt","7":"product_cat-sampunai","9":"first","10":"instock","11":"taxable","12":"shipping-taxable","13":"product-type-simple"},"_links":{"self":[{"href":"https:\/\/e.kosmolat.eu\/lt\/wp-json\/wp\/v2\/product\/29811","targetHints":{"allow":["GET"]}}],"collection":[{"href":"https:\/\/e.kosmolat.eu\/lt\/wp-json\/wp\/v2\/product"}],"about":[{"href":"https:\/\/e.kosmolat.eu\/lt\/wp-json\/wp\/v2\/types\/product"}],"wp:featuredmedia":[{"embeddable":true,"href":"https:\/\/e.kosmolat.eu\/lt\/wp-json\/wp\/v2\/media\/26524"}],"wp:attachment":[{"href":"https:\/\/e.kosmolat.eu\/lt\/wp-json\/wp\/v2\/media?parent=29811"}],"wp:term":[{"taxonomy":"product_cat","embeddable":true,"href":"https:\/\/e.kosmolat.eu\/lt\/wp-json\/wp\/v2\/product_cat?post=29811"},{"taxonomy":"product_tag","embeddable":true,"href":"https:\/\/e.kosmolat.eu\/lt\/wp-json\/wp\/v2\/product_tag?post=29811"}],"curies":[{"name":"wp","href":"https:\/\/api.w.org\/{rel}","templated":true}]}}