{"id":29803,"date":"2023-12-19T19:46:50","date_gmt":"2023-12-19T19:46:50","guid":{"rendered":"https:\/\/e.kosmolat.eu\/product\/cl-sampuns-2in1-uz-zalu-novarijuma-390-ml\/"},"modified":"2025-02-05T15:23:14","modified_gmt":"2025-02-05T15:23:14","slug":"cl-sampuns-2in1-uz-zalu-novarijuma-390-ml","status":"publish","type":"product","link":"https:\/\/e.kosmolat.eu\/lt\/produktas\/cl-sampuns-2in1-uz-zalu-novarijuma-390-ml\/","title":{"rendered":"\u010cISTAJA LINIJA \u0160amp\u016bnas 2in1 \u017eoleli\u0173 nuoviro pagrindu, 390 ml"},"content":{"rendered":"<p>Vis\u0173 tip\u0173 plaukams. 97% nat\u016bralios kilm\u0117s komponent\u0173. Sud\u0117tis i&scaron; 5 ekstrakt\u0173 ir aliej\u0173 Nature Plus Essence (verbos ekstraktas, &scaron;alavij\u0173 ekstraktas, er&scaron;k\u0117tuogi\u0173 ekstraktas, migdol\u0173 aliejus ir lin\u0173 aliejus).<\/p>\n<p>Aktyv\u016bs nat\u016bral\u016bs ingredientai atkuria ir stiprina plaukus, saugo juos nuo pa\u017eeidim\u0173.<\/p>\n<p>Apyni\u0173 ir varnal\u0117&scaron;\u0173 ekstraktas maitina plauk\u0173 &scaron;aknis, skatina j\u0173 augim\u0105. Priemon\u0117s sud\u0117tyje esantis balzamas palengvina &scaron;ukavim\u0105, mink&scaron;tina ir suteikia plaukams \u017evilgesio.<\/p>\n<p><strong>Naudojimas: <\/strong>paskirstykite ant dr\u0117gn\u0173 plauk\u0173, masa\u017euokite galvos od\u0105 1 minut\u0119, gerai i&scaron;skalaukite. Patekus \u012f akis, kruop&scaron;\u010diai nuplaukite vandeniu.&nbsp;Tai n\u0117ra priemon\u0117.<\/p>\n<p>Laikyti nuo +5 &deg;C iki +25 &deg;C temperat\u016broje.<br \/>\n&nbsp;<\/p>\n","protected":false},"excerpt":{"rendered":"<p>Vis\u0173 tip\u0173 plaukams. 97% nat\u016bralios kilm\u0117s komponent\u0173. Sud\u0117tis i&scaron; 5 ekstrakt\u0173 ir aliej\u0173 Nature Plus Essence (verbos ekstraktas, &scaron;alavij\u0173 ekstraktas, er&scaron;k\u0117tuogi\u0173 ekstraktas, migdol\u0173 aliejus ir lin\u0173 aliejus). Aktyv\u016bs nat\u016bral\u016bs ingredientai atkuria ir stiprina plaukus, saugo juos nuo pa\u017eeidim\u0173. Apyni\u0173 ir varnal\u0117&scaron;\u0173 ekstraktas maitina plauk\u0173 &scaron;aknis, skatina j\u0173 augim\u0105. Priemon\u0117s sud\u0117tyje esantis balzamas palengvina &scaron;ukavim\u0105, mink&scaron;tina [&#8230;]\n","protected":false},"featured_media":29805,"template":"","meta":[],"product_cat":[2181],"product_tag":[],"class_list":{"0":"post-29803","1":"product","2":"type-product","3":"status-publish","4":"has-post-thumbnail","6":"product_brand-unilever-cistajalinija-silkyhands-forestbalm-axe-tresemme-lt","7":"product_cat-bez-kategorijas-lt","9":"first","10":"outofstock","11":"taxable","12":"shipping-taxable","13":"product-type-simple"},"_links":{"self":[{"href":"https:\/\/e.kosmolat.eu\/lt\/wp-json\/wp\/v2\/product\/29803","targetHints":{"allow":["GET"]}}],"collection":[{"href":"https:\/\/e.kosmolat.eu\/lt\/wp-json\/wp\/v2\/product"}],"about":[{"href":"https:\/\/e.kosmolat.eu\/lt\/wp-json\/wp\/v2\/types\/product"}],"wp:featuredmedia":[{"embeddable":true,"href":"https:\/\/e.kosmolat.eu\/lt\/wp-json\/wp\/v2\/media\/29805"}],"wp:attachment":[{"href":"https:\/\/e.kosmolat.eu\/lt\/wp-json\/wp\/v2\/media?parent=29803"}],"wp:term":[{"taxonomy":"product_cat","embeddable":true,"href":"https:\/\/e.kosmolat.eu\/lt\/wp-json\/wp\/v2\/product_cat?post=29803"},{"taxonomy":"product_tag","embeddable":true,"href":"https:\/\/e.kosmolat.eu\/lt\/wp-json\/wp\/v2\/product_tag?post=29803"}],"curies":[{"name":"wp","href":"https:\/\/api.w.org\/{rel}","templated":true}]}}