{"id":29799,"date":"2023-12-19T19:46:27","date_gmt":"2023-12-19T19:46:27","guid":{"rendered":"https:\/\/e.kosmolat.eu\/product\/lb-mutes-dobuma-skalotajs-forte-aktiv-400-ml\/"},"modified":"2025-06-13T07:16:58","modified_gmt":"2025-06-13T07:16:58","slug":"lb-mutes-dobuma-skalotajs-forte-aktiv-400-ml","status":"publish","type":"product","link":"https:\/\/e.kosmolat.eu\/lt\/produktas\/lb-mutes-dobuma-skalotajs-forte-aktiv-400-ml\/","title":{"rendered":"LESNOJ BALZAM Burnos skalavimo priemon\u0117 Forte Active, 400 ml"},"content":{"rendered":"<p>Praturtintas arbatmed\u017ei\u0173 aliejumi ir nat\u016braliais ekstraktais profilaktikai ir burnos sveikatai. Pu&scaron;\u0173 ekstraktas turi atnaujinant\u012f ir tonizuojant\u012f poveik\u012f, o medetk\u0173 ekstraktas &ndash; raminam\u0105j\u012f poveik\u012f.<\/p>\n<p><strong>Naudojimas:<\/strong> u\u017epildykite dangtel\u012f skalavimo priemone. Kruop&scaron;\u010diai skalaukite burn\u0105 30 sekund\u017ei\u0173. Naudokite po valgio ir i&scaron;sival\u0119 dantis bent du kartus per dien\u0105.<\/p>\n<p><strong>Atsargumo priemon\u0117s:<\/strong> Sud\u0117tyje yra natrio fluorido. Fluorid\u0173 mas\u0117s dalis 0,02%. Nenuryti. D\u0117l nat\u016brali\u0173 ingredient\u0173 kiekio gali atsirasti nedideli\u0173 nuos\u0117d\u0173. Neturi \u012ftakos gaminio kokybei ir saugai. Naudojimas &nbsp;neatleid\u017eia nuo apsilankymo pas odontolog\u0105. Tai n\u0117ra vaistas.<\/p>\n<p>Laikyti nuo +5 &deg;C iki +25 &deg;C temperat\u016broje.<br \/>\n&nbsp;<\/p>\n","protected":false},"excerpt":{"rendered":"<p>Praturtintas arbatmed\u017ei\u0173 aliejumi ir nat\u016braliais ekstraktais profilaktikai ir burnos sveikatai. Pu&scaron;\u0173 ekstraktas turi atnaujinant\u012f ir tonizuojant\u012f poveik\u012f, o medetk\u0173 ekstraktas &ndash; raminam\u0105j\u012f poveik\u012f. Naudojimas: u\u017epildykite dangtel\u012f skalavimo priemone. Kruop&scaron;\u010diai skalaukite burn\u0105 30 sekund\u017ei\u0173. Naudokite po valgio ir i&scaron;sival\u0119 dantis bent du kartus per dien\u0105. Atsargumo priemon\u0117s: Sud\u0117tyje yra natrio fluorido. Fluorid\u0173 mas\u0117s dalis 0,02%. Nenuryti. [&#8230;]\n","protected":false},"featured_media":26518,"template":"","meta":[],"product_cat":[1313],"product_tag":[],"class_list":{"0":"post-29799","1":"product","2":"type-product","3":"status-publish","4":"has-post-thumbnail","6":"product_brand-unilever-ua-lt","7":"product_cat-burnos-skalavimo-priemones","9":"first","10":"outofstock","11":"taxable","12":"shipping-taxable","13":"product-type-simple"},"_links":{"self":[{"href":"https:\/\/e.kosmolat.eu\/lt\/wp-json\/wp\/v2\/product\/29799","targetHints":{"allow":["GET"]}}],"collection":[{"href":"https:\/\/e.kosmolat.eu\/lt\/wp-json\/wp\/v2\/product"}],"about":[{"href":"https:\/\/e.kosmolat.eu\/lt\/wp-json\/wp\/v2\/types\/product"}],"wp:featuredmedia":[{"embeddable":true,"href":"https:\/\/e.kosmolat.eu\/lt\/wp-json\/wp\/v2\/media\/26518"}],"wp:attachment":[{"href":"https:\/\/e.kosmolat.eu\/lt\/wp-json\/wp\/v2\/media?parent=29799"}],"wp:term":[{"taxonomy":"product_cat","embeddable":true,"href":"https:\/\/e.kosmolat.eu\/lt\/wp-json\/wp\/v2\/product_cat?post=29799"},{"taxonomy":"product_tag","embeddable":true,"href":"https:\/\/e.kosmolat.eu\/lt\/wp-json\/wp\/v2\/product_tag?post=29799"}],"curies":[{"name":"wp","href":"https:\/\/api.w.org\/{rel}","templated":true}]}}