{"id":29779,"date":"2023-12-19T19:44:59","date_gmt":"2023-12-19T19:44:59","guid":{"rendered":"https:\/\/e.kosmolat.eu\/product\/cl-stiprin-samp-natre-uz-zalu-novar-vis-matu-tipiem-240-ml\/"},"modified":"2025-05-07T06:52:19","modified_gmt":"2025-05-07T06:52:19","slug":"cl-stiprin-samp-natre-uz-zalu-novar-vis-matu-tipiem-240-ml","status":"publish","type":"product","link":"https:\/\/e.kosmolat.eu\/lt\/produktas\/cl-stiprin-samp-natre-uz-zalu-novar-vis-matu-tipiem-240-ml\/","title":{"rendered":"\u010cISTAJA LINIJA \u0160amp\u016bnas stiprinantis \u017eoleli\u0173 nuoviro pagrindu, visiems plauk\u0173 tipams Dilg\u0117l\u0117, 240 ml"},"content":{"rendered":"<p>Nauja formul\u0117 su Nature Plus Essence 5 ekstraktais ir aliejais (verben\u0173, &scaron;alavij\u0173, er&scaron;k\u0117tuogi\u0173 ekstraktai, migdol\u0173 ir lin\u0173 aliejus). Aktyv\u016bs nat\u016bral\u016bs ingredientai apsaugo nuo plauk\u0173 slinkimo, maitina ir saugo plaukus nuo pa\u017eeidim\u0173. Dviguba dilg\u0117l\u0117s koncentracija, stiprina plauk\u0173 &scaron;aknis, skatina j\u0173 augim\u0105, apsaugo nuo slinkimo. 97% nat\u016bralios kilm\u0117s komponent\u0173.<\/p>\n<p><strong>Naudojimo b\u016bdas:<\/strong>&nbsp;paskirstykite ant dr\u0117gn\u0173 plauk\u0173, masa\u017euokite galvos od\u0105 1 minut\u0119, gerai i&scaron;skalaukite vandeniu.&nbsp;Patekus \u012f akis, kruop&scaron;\u010diai nuplaukite vandeniu.<\/p>\n<p>Laikyti nuo +5 &deg;\u0421 iki +25 &deg;\u0421 temperat\u016broje.<br \/>\n&nbsp;<\/p>\n","protected":false},"excerpt":{"rendered":"<p>Nauja formul\u0117 su Nature Plus Essence 5 ekstraktais ir aliejais (verben\u0173, &scaron;alavij\u0173, er&scaron;k\u0117tuogi\u0173 ekstraktai, migdol\u0173 ir lin\u0173 aliejus). Aktyv\u016bs nat\u016bral\u016bs ingredientai apsaugo nuo plauk\u0173 slinkimo, maitina ir saugo plaukus nuo pa\u017eeidim\u0173. Dviguba dilg\u0117l\u0117s koncentracija, stiprina plauk\u0173 &scaron;aknis, skatina j\u0173 augim\u0105, apsaugo nuo slinkimo. 97% nat\u016bralios kilm\u0117s komponent\u0173. Naudojimo b\u016bdas:&nbsp;paskirstykite ant dr\u0117gn\u0173 plauk\u0173, masa\u017euokite galvos od\u0105 [&#8230;]\n","protected":false},"featured_media":26503,"template":"","meta":[],"product_cat":[1251],"product_tag":[],"class_list":{"0":"post-29779","1":"product","2":"type-product","3":"status-publish","4":"has-post-thumbnail","6":"product_brand-unilever-ua-lt","7":"product_cat-sampunai","9":"first","10":"outofstock","11":"taxable","12":"shipping-taxable","13":"product-type-simple"},"_links":{"self":[{"href":"https:\/\/e.kosmolat.eu\/lt\/wp-json\/wp\/v2\/product\/29779","targetHints":{"allow":["GET"]}}],"collection":[{"href":"https:\/\/e.kosmolat.eu\/lt\/wp-json\/wp\/v2\/product"}],"about":[{"href":"https:\/\/e.kosmolat.eu\/lt\/wp-json\/wp\/v2\/types\/product"}],"wp:featuredmedia":[{"embeddable":true,"href":"https:\/\/e.kosmolat.eu\/lt\/wp-json\/wp\/v2\/media\/26503"}],"wp:attachment":[{"href":"https:\/\/e.kosmolat.eu\/lt\/wp-json\/wp\/v2\/media?parent=29779"}],"wp:term":[{"taxonomy":"product_cat","embeddable":true,"href":"https:\/\/e.kosmolat.eu\/lt\/wp-json\/wp\/v2\/product_cat?post=29779"},{"taxonomy":"product_tag","embeddable":true,"href":"https:\/\/e.kosmolat.eu\/lt\/wp-json\/wp\/v2\/product_tag?post=29779"}],"curies":[{"name":"wp","href":"https:\/\/api.w.org\/{rel}","templated":true}]}}